{"id":783920,"date":"2026-02-26T23:46:59","date_gmt":"2026-02-26T20:46:59","guid":{"rendered":"https:\/\/roveyayinevi.com.tr\/index.php\/urun\/islam-dusuncesinde-sunnet-1elestirel-bir-yaklasim\/"},"modified":"2026-04-15T03:46:49","modified_gmt":"2026-04-15T00:46:49","slug":"islam-dusuncesinde-sunnet-1elestirel-bir-yaklasim","status":"publish","type":"product","link":"https:\/\/roveyayinevi.com.tr\/index.php\/urun\/islam-dusuncesinde-sunnet-1elestirel-bir-yaklasim\/","title":{"rendered":"\u0130slam D\u00fc\u015f\u00fcncesinde S\u00fcnnet 1;ele\u015ftirel Bir Yakla\u015f\u0131m"},"content":{"rendered":"<p>&#8230;\u0130\u015fte bizce bug\u00fcn bir disiplin olarak S\u00fcnnet\u2019in konusu, bu Medine \u0130slam Toplumu Modeli olmal\u0131d\u0131r. Daha a\u00e7\u0131k bir ifadeyle Medine \u0130slam Toplumu\u2019nu itikadi siyasi ekonomik, sosyal ve ahlaki planda y\u00f6nlendirip y\u00f6netmede Hz. Peygamber\u2019e \u00f6nderlik eden ilkeleri tespit etmeye \u00e7al\u0131\u015fmak amac\u0131 ise, bu ilkelerden ihlam alarak, g\u00fcn\u00fcm\u00fcz \u015fartlar\u0131 i\u00e7erisinde, evrensel g\u00f6revini yerine getirecek \u00e7a\u011fda\u015f bir \u0130slam Toplumu modelinin nas\u0131l olu\u015fturulabilece\u011fi \u00fczerinde durmak olmal\u0131d\u0131r.<\/p>\n","protected":false},"excerpt":{"rendered":"<p>&#8230;\u0130\u015fte bizce bug\u00fcn bir disiplin olarak S\u00fcnnet\u2019in konusu, bu Medine \u0130slam Toplumu Modeli olmal\u0131d\u0131r. Daha a\u00e7\u0131k bir ifadeyle Medine \u0130slam Toplumu\u2019nu itikadi siyasi ekonomik, sosyal ve<span class=\"excerpt-hellip\"> [\u2026]<\/span><\/p>\n","protected":false},"featured_media":0,"template":"","meta":{"_monsterinsights_skip_tracking":false,"_monsterinsights_sitenote_active":false,"_monsterinsights_sitenote_note":"","_monsterinsights_sitenote_category":0},"product_brand":[],"product_cat":[12718,12719,13025],"product_tag":[],"class_list":{"0":"post-783920","1":"product","2":"type-product","3":"status-publish","5":"product_cat-din","6":"product_cat-islam","7":"product_cat-islam-ve-gunumuz-islam-dusuncesi","8":"pa_cilt-ciltsiz","9":"pa_tur-kitap","10":"pa_yayinevi-ankara-okulu-yayinlari","11":"pa_yazar-m-hayri-kirbasoglu","13":"first","14":"instock","15":"sale","16":"shipping-taxable","17":"purchasable","18":"product-type-simple"},"_links":{"self":[{"href":"https:\/\/roveyayinevi.com.tr\/index.php\/wp-json\/wp\/v2\/product\/783920","targetHints":{"allow":["GET"]}}],"collection":[{"href":"https:\/\/roveyayinevi.com.tr\/index.php\/wp-json\/wp\/v2\/product"}],"about":[{"href":"https:\/\/roveyayinevi.com.tr\/index.php\/wp-json\/wp\/v2\/types\/product"}],"wp:attachment":[{"href":"https:\/\/roveyayinevi.com.tr\/index.php\/wp-json\/wp\/v2\/media?parent=783920"}],"wp:term":[{"taxonomy":"product_brand","embeddable":true,"href":"https:\/\/roveyayinevi.com.tr\/index.php\/wp-json\/wp\/v2\/product_brand?post=783920"},{"taxonomy":"product_cat","embeddable":true,"href":"https:\/\/roveyayinevi.com.tr\/index.php\/wp-json\/wp\/v2\/product_cat?post=783920"},{"taxonomy":"product_tag","embeddable":true,"href":"https:\/\/roveyayinevi.com.tr\/index.php\/wp-json\/wp\/v2\/product_tag?post=783920"}],"curies":[{"name":"wp","href":"https:\/\/api.w.org\/{rel}","templated":true}]}}