{"id":783919,"date":"2026-02-26T23:46:56","date_gmt":"2026-02-26T20:46:56","guid":{"rendered":"https:\/\/roveyayinevi.com.tr\/index.php\/urun\/hz-muhammed-s-a-v-in-hayati\/"},"modified":"2026-04-15T03:46:49","modified_gmt":"2026-04-15T00:46:49","slug":"hz-muhammed-s-a-v-in-hayati","status":"publish","type":"product","link":"https:\/\/roveyayinevi.com.tr\/index.php\/urun\/hz-muhammed-s-a-v-in-hayati\/","title":{"rendered":"Hz. Muhammed (s.a.v.)&#8217;in Hayat\u0131"},"content":{"rendered":"<p>Bu kitap, Res\u00fbl-\u00fc Ekrem (s.a.v.)\u00b4e yak\u0131c\u0131 a\u015fk\u0131m\u0131z, kopmaz ba\u011fl\u0131l\u0131\u011f\u0131m\u0131z\u0131 ve izinde gidi\u015fimizin bir ifadesidir&#8230; Ey halikat bah\u00e7esinin ilk meyvesi Sen Ahmed-u Mahmu-u Muhammedsin efendim,Haktan bize Sultan-\u0131 M\u00fceyyedsin efendim.Okyal\u0131m okutal\u0131m&#8230;<\/p>\n","protected":false},"excerpt":{"rendered":"<p>Bu kitap, Res\u00fbl-\u00fc Ekrem (s.a.v.)\u00b4e yak\u0131c\u0131 a\u015fk\u0131m\u0131z, kopmaz ba\u011fl\u0131l\u0131\u011f\u0131m\u0131z\u0131 ve izinde gidi\u015fimizin bir ifadesidir&#8230; Ey halikat bah\u00e7esinin ilk meyvesi Sen Ahmed-u Mahmu-u Muhammedsin efendim,Haktan bize Sultan-\u0131<span class=\"excerpt-hellip\"> [\u2026]<\/span><\/p>\n","protected":false},"featured_media":0,"template":"","meta":{"_monsterinsights_skip_tracking":false,"_monsterinsights_sitenote_active":false,"_monsterinsights_sitenote_note":"","_monsterinsights_sitenote_category":0},"product_brand":[],"product_cat":[12718,12719],"product_tag":[],"class_list":{"0":"post-783919","1":"product","2":"type-product","3":"status-publish","5":"product_cat-din","6":"product_cat-islam","7":"pa_cilt-ciltsiz","8":"pa_tur-kitap","9":"pa_yayinevi-celik-yayinevi","10":"pa_yazar-ahmet-cevdet-pasa","12":"first","13":"instock","14":"sale","15":"shipping-taxable","16":"purchasable","17":"product-type-simple"},"_links":{"self":[{"href":"https:\/\/roveyayinevi.com.tr\/index.php\/wp-json\/wp\/v2\/product\/783919","targetHints":{"allow":["GET"]}}],"collection":[{"href":"https:\/\/roveyayinevi.com.tr\/index.php\/wp-json\/wp\/v2\/product"}],"about":[{"href":"https:\/\/roveyayinevi.com.tr\/index.php\/wp-json\/wp\/v2\/types\/product"}],"wp:attachment":[{"href":"https:\/\/roveyayinevi.com.tr\/index.php\/wp-json\/wp\/v2\/media?parent=783919"}],"wp:term":[{"taxonomy":"product_brand","embeddable":true,"href":"https:\/\/roveyayinevi.com.tr\/index.php\/wp-json\/wp\/v2\/product_brand?post=783919"},{"taxonomy":"product_cat","embeddable":true,"href":"https:\/\/roveyayinevi.com.tr\/index.php\/wp-json\/wp\/v2\/product_cat?post=783919"},{"taxonomy":"product_tag","embeddable":true,"href":"https:\/\/roveyayinevi.com.tr\/index.php\/wp-json\/wp\/v2\/product_tag?post=783919"}],"curies":[{"name":"wp","href":"https:\/\/api.w.org\/{rel}","templated":true}]}}