{"id":783918,"date":"2026-02-26T23:46:52","date_gmt":"2026-02-26T20:46:52","guid":{"rendered":"https:\/\/roveyayinevi.com.tr\/index.php\/urun\/nebiler-silsilesi-1\/"},"modified":"2026-04-15T03:46:49","modified_gmt":"2026-04-15T00:46:49","slug":"nebiler-silsilesi-1","status":"publish","type":"product","link":"https:\/\/roveyayinevi.com.tr\/index.php\/urun\/nebiler-silsilesi-1\/","title":{"rendered":"Nebiler Silsilesi &#8211; 1"},"content":{"rendered":"<p>Hazret-i Mevl\u00e2n\u00e2 der ki; Asl\u0131nda Kur\u00e2n-\u0131 Ker\u00eem peygamberlerinhal ve vas\u0131flar\u0131ndan ibarettir, onu huz\u00fbr-\u0131 kalble okuyup gere\u011fince amel edersen; kendini peygamberlerle, Allah dostlar\u0131yla g\u00f6r\u00fc\u015fm\u00fc\u015f farz et. Nebiler Silsilesi serlevhas\u0131yla yay\u0131nlanan kitaplar; ku\u015fat\u0131c\u0131 bir y\u00fcre\u011fin deryalar misali \u00e7a\u011f\u0131lday\u0131\u015f\u0131n\u0131 ifade ediyor. Allah el\u00e7ilerine derin bir muhabbetle fezeyan eden sat\u0131rlar\u0131 okuduk\u00e7a; insanl\u0131\u011f\u0131n tevhid m\u00fccadelesiniyeniden ya\u015fad\u0131\u011f\u0131n\u0131z\u0131, her bir peygamberlerin davas\u0131na omuz verdi\u011finizi hissediyorsunuz<\/p>\n","protected":false},"excerpt":{"rendered":"<p>Hazret-i Mevl\u00e2n\u00e2 der ki; Asl\u0131nda Kur\u00e2n-\u0131 Ker\u00eem peygamberlerinhal ve vas\u0131flar\u0131ndan ibarettir, onu huz\u00fbr-\u0131 kalble okuyup gere\u011fince amel edersen; kendini peygamberlerle, Allah dostlar\u0131yla g\u00f6r\u00fc\u015fm\u00fc\u015f farz et. Nebiler<span class=\"excerpt-hellip\"> [\u2026]<\/span><\/p>\n","protected":false},"featured_media":0,"template":"","meta":{"_monsterinsights_skip_tracking":false,"_monsterinsights_sitenote_active":false,"_monsterinsights_sitenote_note":"","_monsterinsights_sitenote_category":0},"product_brand":[],"product_cat":[12718,12719,12720],"product_tag":[],"class_list":{"0":"post-783918","1":"product","2":"type-product","3":"status-publish","5":"product_cat-din","6":"product_cat-islam","7":"product_cat-tasavvuf-mezhepler-tarikatlar","8":"pa_cilt-ciltsiz","9":"pa_tur-kitap","10":"pa_yayinevi-erkam-yayinlari","11":"pa_yazar-osman-nuri-topbas","13":"first","14":"instock","15":"sale","16":"shipping-taxable","17":"purchasable","18":"product-type-simple"},"_links":{"self":[{"href":"https:\/\/roveyayinevi.com.tr\/index.php\/wp-json\/wp\/v2\/product\/783918","targetHints":{"allow":["GET"]}}],"collection":[{"href":"https:\/\/roveyayinevi.com.tr\/index.php\/wp-json\/wp\/v2\/product"}],"about":[{"href":"https:\/\/roveyayinevi.com.tr\/index.php\/wp-json\/wp\/v2\/types\/product"}],"wp:attachment":[{"href":"https:\/\/roveyayinevi.com.tr\/index.php\/wp-json\/wp\/v2\/media?parent=783918"}],"wp:term":[{"taxonomy":"product_brand","embeddable":true,"href":"https:\/\/roveyayinevi.com.tr\/index.php\/wp-json\/wp\/v2\/product_brand?post=783918"},{"taxonomy":"product_cat","embeddable":true,"href":"https:\/\/roveyayinevi.com.tr\/index.php\/wp-json\/wp\/v2\/product_cat?post=783918"},{"taxonomy":"product_tag","embeddable":true,"href":"https:\/\/roveyayinevi.com.tr\/index.php\/wp-json\/wp\/v2\/product_tag?post=783918"}],"curies":[{"name":"wp","href":"https:\/\/api.w.org\/{rel}","templated":true}]}}