{"id":783915,"date":"2026-02-26T23:46:39","date_gmt":"2026-02-26T20:46:39","guid":{"rendered":"https:\/\/roveyayinevi.com.tr\/index.php\/urun\/hristiyan-gulu\/"},"modified":"2026-04-15T03:46:49","modified_gmt":"2026-04-15T00:46:49","slug":"hristiyan-gulu","status":"publish","type":"product","link":"https:\/\/roveyayinevi.com.tr\/index.php\/urun\/hristiyan-gulu\/","title":{"rendered":"Hristiyan G\u00fcl\u00fc"},"content":{"rendered":"<p>&#8220;Yehova \u015eahidleri&#8221; derler ki; &#8220;Biz Allah\u00b4\u0131n \u015fahidleriyiz.&#8221;Biz de diyoruz ki; her \u015fey Allah\u00b4\u0131n \u015fahididir.Emine \u015eenliko\u011flu<\/p>\n","protected":false},"excerpt":{"rendered":"<p>&#8220;Yehova \u015eahidleri&#8221; derler ki; &#8220;Biz Allah\u00b4\u0131n \u015fahidleriyiz.&#8221;Biz de diyoruz ki; her \u015fey Allah\u00b4\u0131n \u015fahididir.Emine \u015eenliko\u011flu<\/p>\n","protected":false},"featured_media":0,"template":"","meta":{"_monsterinsights_skip_tracking":false,"_monsterinsights_sitenote_active":false,"_monsterinsights_sitenote_note":"","_monsterinsights_sitenote_category":0},"product_brand":[],"product_cat":[12291,12711],"product_tag":[],"class_list":{"0":"post-783915","1":"product","2":"type-product","3":"status-publish","5":"product_cat-edebiyat","6":"product_cat-roman-oyku","7":"pa_cilt-ciltsiz","8":"pa_tur-kitap","9":"pa_yayinevi-mektup-yayinlari","10":"pa_yazar-emine-senlikoglu","12":"first","13":"instock","14":"sale","15":"shipping-taxable","16":"purchasable","17":"product-type-simple"},"_links":{"self":[{"href":"https:\/\/roveyayinevi.com.tr\/index.php\/wp-json\/wp\/v2\/product\/783915","targetHints":{"allow":["GET"]}}],"collection":[{"href":"https:\/\/roveyayinevi.com.tr\/index.php\/wp-json\/wp\/v2\/product"}],"about":[{"href":"https:\/\/roveyayinevi.com.tr\/index.php\/wp-json\/wp\/v2\/types\/product"}],"wp:attachment":[{"href":"https:\/\/roveyayinevi.com.tr\/index.php\/wp-json\/wp\/v2\/media?parent=783915"}],"wp:term":[{"taxonomy":"product_brand","embeddable":true,"href":"https:\/\/roveyayinevi.com.tr\/index.php\/wp-json\/wp\/v2\/product_brand?post=783915"},{"taxonomy":"product_cat","embeddable":true,"href":"https:\/\/roveyayinevi.com.tr\/index.php\/wp-json\/wp\/v2\/product_cat?post=783915"},{"taxonomy":"product_tag","embeddable":true,"href":"https:\/\/roveyayinevi.com.tr\/index.php\/wp-json\/wp\/v2\/product_tag?post=783915"}],"curies":[{"name":"wp","href":"https:\/\/api.w.org\/{rel}","templated":true}]}}