{"id":783914,"date":"2026-02-26T23:46:37","date_gmt":"2026-02-26T20:46:37","guid":{"rendered":"https:\/\/roveyayinevi.com.tr\/index.php\/urun\/hz-meryem-ve-hz-isa\/"},"modified":"2026-04-15T03:46:49","modified_gmt":"2026-04-15T00:46:49","slug":"hz-meryem-ve-hz-isa","status":"publish","type":"product","link":"https:\/\/roveyayinevi.com.tr\/index.php\/urun\/hz-meryem-ve-hz-isa\/","title":{"rendered":"Hz. Meryem ve Hz. \u0130sa"},"content":{"rendered":"<p>Bu eser, yarat\u0131l\u0131\u015f itibariyle \u00e2lemde e\u015fi ve benzeri olmayan bir m\u00fcb\u00e2rek peygamberin ibretli hayat\u0131ndan renkler, desenler sunmaktad\u0131r. O masum nebi daha kundaktayken Allah&#8217;\u0131n izniyle konu\u015fmu\u015f, a\u011fz\u0131 \u015firk kokan ink\u00e2rc\u0131lar\u0131 susturmu\u015ftu: &#8220;Ben ger\u00e7ekten Allah&#8217;\u0131n kuluyum, bana kitap verdi ve beni bir peygamber yapt\u0131. Beni her nerede olsam m\u00fcbarek k\u0131ld\u0131 ve ya\u015fad\u0131\u011f\u0131m m\u00fcddet\u00e7e bana namaz\u0131, zekat\u0131 emretti.&#8221; (Meyrem, 30-31) O, Allah&#8217;\u0131n kulu ve kelimesidir. Her can ta\u015f\u0131yan gibi o da \u00f6lecektir. Fakat hen\u00fcz \u00f6l\u00fcm v\u00e2ki olmam\u0131\u015ft\u0131r. Allah Te\u00e2l\u00e2 onu y\u00fcce makamlara, g\u00f6klere kald\u0131rm\u0131\u015ft\u0131r. \u00c7arm\u0131ha gerilen o olmad\u0131\u011f\u0131 gibi, onu \u00f6ld\u00fcrecek olanlar da insanlar de\u011fildir. Zaman\u0131 gelince Rabbi onu \u00f6ld\u00fcrecektir.<\/p>\n","protected":false},"excerpt":{"rendered":"<p>Bu eser, yarat\u0131l\u0131\u015f itibariyle \u00e2lemde e\u015fi ve benzeri olmayan bir m\u00fcb\u00e2rek peygamberin ibretli hayat\u0131ndan renkler, desenler sunmaktad\u0131r. O masum nebi daha kundaktayken Allah&#8217;\u0131n izniyle konu\u015fmu\u015f, a\u011fz\u0131<span class=\"excerpt-hellip\"> [\u2026]<\/span><\/p>\n","protected":false},"featured_media":0,"template":"","meta":{"_monsterinsights_skip_tracking":false,"_monsterinsights_sitenote_active":false,"_monsterinsights_sitenote_note":"","_monsterinsights_sitenote_category":0},"product_brand":[],"product_cat":[12718,12719],"product_tag":[],"class_list":{"0":"post-783914","1":"product","2":"type-product","3":"status-publish","5":"product_cat-din","6":"product_cat-islam","7":"pa_cilt-ciltsiz","8":"pa_tur-kitap","9":"pa_yayinevi-celik-yayinevi","10":"pa_yazar-mustafa-necati-bursali","12":"first","13":"instock","14":"sale","15":"shipping-taxable","16":"purchasable","17":"product-type-simple"},"_links":{"self":[{"href":"https:\/\/roveyayinevi.com.tr\/index.php\/wp-json\/wp\/v2\/product\/783914","targetHints":{"allow":["GET"]}}],"collection":[{"href":"https:\/\/roveyayinevi.com.tr\/index.php\/wp-json\/wp\/v2\/product"}],"about":[{"href":"https:\/\/roveyayinevi.com.tr\/index.php\/wp-json\/wp\/v2\/types\/product"}],"wp:attachment":[{"href":"https:\/\/roveyayinevi.com.tr\/index.php\/wp-json\/wp\/v2\/media?parent=783914"}],"wp:term":[{"taxonomy":"product_brand","embeddable":true,"href":"https:\/\/roveyayinevi.com.tr\/index.php\/wp-json\/wp\/v2\/product_brand?post=783914"},{"taxonomy":"product_cat","embeddable":true,"href":"https:\/\/roveyayinevi.com.tr\/index.php\/wp-json\/wp\/v2\/product_cat?post=783914"},{"taxonomy":"product_tag","embeddable":true,"href":"https:\/\/roveyayinevi.com.tr\/index.php\/wp-json\/wp\/v2\/product_tag?post=783914"}],"curies":[{"name":"wp","href":"https:\/\/api.w.org\/{rel}","templated":true}]}}