{"id":783913,"date":"2026-02-26T23:46:34","date_gmt":"2026-02-26T20:46:34","guid":{"rendered":"https:\/\/roveyayinevi.com.tr\/index.php\/urun\/hz-yusuf-ve-zuleyha\/"},"modified":"2026-04-15T03:46:49","modified_gmt":"2026-04-15T00:46:49","slug":"hz-yusuf-ve-zuleyha","status":"publish","type":"product","link":"https:\/\/roveyayinevi.com.tr\/index.php\/urun\/hz-yusuf-ve-zuleyha\/","title":{"rendered":"Hz. Yusuf ve Z\u00fcleyha"},"content":{"rendered":"<p>Yusuf Aleyhisselam\u00b4\u0131n g\u00fczelli\u011fi kar\u015f\u0131s\u0131nda ellerini kesen M\u0131s\u0131r kad\u0131nlar\u0131&#8230; Ve g\u00fczellik sebebiyle g\u00f6nl\u00fcn\u00fc param par\u00e7a eden Z\u00fcleyh\u00e2&#8230; Z\u00fcleyh\u00e2\u00b4n\u0131n mec\u00e2zi a\u015fk\u0131n\u0131n hakiki a\u015fka tebdili ve il\u00e2hi devlete ermesi&#8230;A\u015fk nedir ? Cevab\u0131n\u0131 bu eserde bulacaks\u0131n\u0131z&#8230;<\/p>\n","protected":false},"excerpt":{"rendered":"<p>Yusuf Aleyhisselam\u00b4\u0131n g\u00fczelli\u011fi kar\u015f\u0131s\u0131nda ellerini kesen M\u0131s\u0131r kad\u0131nlar\u0131&#8230; Ve g\u00fczellik sebebiyle g\u00f6nl\u00fcn\u00fc param par\u00e7a eden Z\u00fcleyh\u00e2&#8230; Z\u00fcleyh\u00e2\u00b4n\u0131n mec\u00e2zi a\u015fk\u0131n\u0131n hakiki a\u015fka tebdili ve il\u00e2hi devlete ermesi&#8230;A\u015fk<span class=\"excerpt-hellip\"> [\u2026]<\/span><\/p>\n","protected":false},"featured_media":0,"template":"","meta":{"_monsterinsights_skip_tracking":false,"_monsterinsights_sitenote_active":false,"_monsterinsights_sitenote_note":"","_monsterinsights_sitenote_category":0},"product_brand":[],"product_cat":[16789,12718,12719],"product_tag":[],"class_list":{"0":"post-783913","1":"product","2":"type-product","3":"status-publish","5":"product_cat-diger-islam","6":"product_cat-din","7":"product_cat-islam","8":"pa_cilt-ciltsiz","9":"pa_tur-kitap","10":"pa_yayinevi-celik-yayinevi","11":"pa_yazar-mustafa-necati-bursali","13":"first","14":"instock","15":"sale","16":"shipping-taxable","17":"purchasable","18":"product-type-simple"},"_links":{"self":[{"href":"https:\/\/roveyayinevi.com.tr\/index.php\/wp-json\/wp\/v2\/product\/783913","targetHints":{"allow":["GET"]}}],"collection":[{"href":"https:\/\/roveyayinevi.com.tr\/index.php\/wp-json\/wp\/v2\/product"}],"about":[{"href":"https:\/\/roveyayinevi.com.tr\/index.php\/wp-json\/wp\/v2\/types\/product"}],"wp:attachment":[{"href":"https:\/\/roveyayinevi.com.tr\/index.php\/wp-json\/wp\/v2\/media?parent=783913"}],"wp:term":[{"taxonomy":"product_brand","embeddable":true,"href":"https:\/\/roveyayinevi.com.tr\/index.php\/wp-json\/wp\/v2\/product_brand?post=783913"},{"taxonomy":"product_cat","embeddable":true,"href":"https:\/\/roveyayinevi.com.tr\/index.php\/wp-json\/wp\/v2\/product_cat?post=783913"},{"taxonomy":"product_tag","embeddable":true,"href":"https:\/\/roveyayinevi.com.tr\/index.php\/wp-json\/wp\/v2\/product_tag?post=783913"}],"curies":[{"name":"wp","href":"https:\/\/api.w.org\/{rel}","templated":true}]}}