{"id":783910,"date":"2026-02-26T23:46:26","date_gmt":"2026-02-26T20:46:26","guid":{"rendered":"https:\/\/roveyayinevi.com.tr\/index.php\/urun\/buyuk-islam-ilmihali-ciltli-buyuk-boy\/"},"modified":"2026-04-15T03:46:49","modified_gmt":"2026-04-15T00:46:49","slug":"buyuk-islam-ilmihali-ciltli-buyuk-boy","status":"publish","type":"product","link":"https:\/\/roveyayinevi.com.tr\/index.php\/urun\/buyuk-islam-ilmihali-ciltli-buyuk-boy\/","title":{"rendered":"B\u00fcy\u00fck \u0130slam \u0130lmihali (Ciltli, B\u00fcy\u00fck Boy)"},"content":{"rendered":"<p>On kitap halinde haz\u0131rlanan ve ilk \u00f6nce 1947 ile 1951 tarihleri aras\u0131nda \u0130stanbul de her kitab\u0131 ayr\u0131 ayr\u0131 ne\u015fredilen kitap, daha sonra tek cilt olarak (1959 \u0130stanbul) bir\u00e7ok defa yar\u0131m asra yakla\u015fan zaman i\u00e7inde 2.5 Milyonun \u00fcst\u00fcnde bas\u0131larak eri\u015filmesi \u00e7ok g\u00fc\u00e7 bir rekor k\u0131rm\u0131\u015ft\u0131r. Ayr\u0131ca milyonlarca M\u00fcsl\u00fcman vatanda\u015f\u0131m\u0131za hizmet etmi\u015f, yurt d\u0131\u015f\u0131nda da, bilhassa Avrupada\u00b4ki M\u00fcsl\u00fcman Karde\u015flerimizin elinden d\u00fc\u015fmeyen bir kaynak kitap olmu\u015f, \u00f6nemli bir bo\u015flu\u011fu doldurmu\u015ftur. \u00d6ld\u00fckten sonra da sevab\u0131 s\u00fcrekli ak\u0131p gelen amellerden biri de kendisinden faydalan\u0131lan ilimdir. Bu bak\u0131mdan merhum m\u00fcellifimiz geride b\u0131rakt\u0131\u011f\u0131 bir\u00e7ok eseriyle ve bilhassa B\u00dcY\u00dcK \u0130SLAM \u0130LM\u0130HAL\u0130 ile b\u00fcy\u00fck m\u00fck\u00e2fata kavu\u015fmu\u015f, ald\u0131\u011f\u0131 hay\u0131r dualar sayesinde, kendisine cennette \u00e7ok b\u00fcy\u00fck k\u00e2\u015faneler ihsan edilecektir, in\u015fallah&#8230; G\u0131pta ediyoruz&#8230; Rabbim, bizlere de r\u0131zas\u0131na uygun bu gibi hizmetler nasip etsin. \u00c2min<\/p>\n","protected":false},"excerpt":{"rendered":"<p>On kitap halinde haz\u0131rlanan ve ilk \u00f6nce 1947 ile 1951 tarihleri aras\u0131nda \u0130stanbul de her kitab\u0131 ayr\u0131 ayr\u0131 ne\u015fredilen kitap, daha sonra tek cilt olarak (1959<span class=\"excerpt-hellip\"> [\u2026]<\/span><\/p>\n","protected":false},"featured_media":0,"template":"","meta":{"_monsterinsights_skip_tracking":false,"_monsterinsights_sitenote_active":false,"_monsterinsights_sitenote_note":"","_monsterinsights_sitenote_category":0},"product_brand":[],"product_cat":[16789,12718,12719],"product_tag":[],"class_list":{"0":"post-783910","1":"product","2":"type-product","3":"status-publish","5":"product_cat-diger-islam","6":"product_cat-din","7":"product_cat-islam","8":"pa_cilt-ciltsiz","9":"pa_tur-kitap","10":"pa_yayinevi-celik-yayinevi","11":"pa_yazar-omer-nasuhi-bilmen","13":"first","14":"instock","15":"sale","16":"shipping-taxable","17":"purchasable","18":"product-type-simple"},"_links":{"self":[{"href":"https:\/\/roveyayinevi.com.tr\/index.php\/wp-json\/wp\/v2\/product\/783910","targetHints":{"allow":["GET"]}}],"collection":[{"href":"https:\/\/roveyayinevi.com.tr\/index.php\/wp-json\/wp\/v2\/product"}],"about":[{"href":"https:\/\/roveyayinevi.com.tr\/index.php\/wp-json\/wp\/v2\/types\/product"}],"wp:attachment":[{"href":"https:\/\/roveyayinevi.com.tr\/index.php\/wp-json\/wp\/v2\/media?parent=783910"}],"wp:term":[{"taxonomy":"product_brand","embeddable":true,"href":"https:\/\/roveyayinevi.com.tr\/index.php\/wp-json\/wp\/v2\/product_brand?post=783910"},{"taxonomy":"product_cat","embeddable":true,"href":"https:\/\/roveyayinevi.com.tr\/index.php\/wp-json\/wp\/v2\/product_cat?post=783910"},{"taxonomy":"product_tag","embeddable":true,"href":"https:\/\/roveyayinevi.com.tr\/index.php\/wp-json\/wp\/v2\/product_tag?post=783910"}],"curies":[{"name":"wp","href":"https:\/\/api.w.org\/{rel}","templated":true}]}}