{"id":783909,"date":"2026-02-26T23:46:23","date_gmt":"2026-02-26T20:46:23","guid":{"rendered":"https:\/\/roveyayinevi.com.tr\/index.php\/urun\/gunluk-dualar-ve-sureler\/"},"modified":"2026-04-15T03:46:49","modified_gmt":"2026-04-15T00:46:49","slug":"gunluk-dualar-ve-sureler","status":"publish","type":"product","link":"https:\/\/roveyayinevi.com.tr\/index.php\/urun\/gunluk-dualar-ve-sureler\/","title":{"rendered":"G\u00fcnl\u00fck Dualar Ve Sureler"},"content":{"rendered":"<p>G\u00fcnlerini, gecelerini dualarla s\u00fcslemek isteyenlere m\u00fcjde. Art\u0131k kendinizi haz\u0131r hissetti\u011finiz her yerde dua edebilirsiniz. M. Sami RAMAZANO\u011eLU&#8217;nun Dualarve Zikirler adl\u0131 k\u0131ymetli eserinden ihtisar edilen G\u00fcnl\u00fck Dualarve S\u00fbreler bunun m\u00fcmk\u00fcn k\u0131l\u0131yor.<\/p>\n","protected":false},"excerpt":{"rendered":"<p>G\u00fcnlerini, gecelerini dualarla s\u00fcslemek isteyenlere m\u00fcjde. Art\u0131k kendinizi haz\u0131r hissetti\u011finiz her yerde dua edebilirsiniz. M. Sami RAMAZANO\u011eLU&#8217;nun Dualarve Zikirler adl\u0131 k\u0131ymetli eserinden ihtisar edilen G\u00fcnl\u00fck Dualarve<span class=\"excerpt-hellip\"> [\u2026]<\/span><\/p>\n","protected":false},"featured_media":0,"template":"","meta":{"_monsterinsights_skip_tracking":false,"_monsterinsights_sitenote_active":false,"_monsterinsights_sitenote_note":"","_monsterinsights_sitenote_category":0},"product_brand":[],"product_cat":[12718,12719],"product_tag":[],"class_list":{"0":"post-783909","1":"product","2":"type-product","3":"status-publish","5":"product_cat-din","6":"product_cat-islam","7":"pa_cilt-ciltsiz","8":"pa_tur-kitap","9":"pa_yayinevi-erkam-yayinlari","10":"pa_yazar-mahmut-sami-ramazanoglu","12":"first","13":"instock","14":"sale","15":"shipping-taxable","16":"purchasable","17":"product-type-simple"},"_links":{"self":[{"href":"https:\/\/roveyayinevi.com.tr\/index.php\/wp-json\/wp\/v2\/product\/783909","targetHints":{"allow":["GET"]}}],"collection":[{"href":"https:\/\/roveyayinevi.com.tr\/index.php\/wp-json\/wp\/v2\/product"}],"about":[{"href":"https:\/\/roveyayinevi.com.tr\/index.php\/wp-json\/wp\/v2\/types\/product"}],"wp:attachment":[{"href":"https:\/\/roveyayinevi.com.tr\/index.php\/wp-json\/wp\/v2\/media?parent=783909"}],"wp:term":[{"taxonomy":"product_brand","embeddable":true,"href":"https:\/\/roveyayinevi.com.tr\/index.php\/wp-json\/wp\/v2\/product_brand?post=783909"},{"taxonomy":"product_cat","embeddable":true,"href":"https:\/\/roveyayinevi.com.tr\/index.php\/wp-json\/wp\/v2\/product_cat?post=783909"},{"taxonomy":"product_tag","embeddable":true,"href":"https:\/\/roveyayinevi.com.tr\/index.php\/wp-json\/wp\/v2\/product_tag?post=783909"}],"curies":[{"name":"wp","href":"https:\/\/api.w.org\/{rel}","templated":true}]}}