{"id":783907,"date":"2026-02-26T23:46:17","date_gmt":"2026-02-26T20:46:17","guid":{"rendered":"https:\/\/roveyayinevi.com.tr\/index.php\/urun\/osmanli-devletinde-misyoner-okullari\/"},"modified":"2026-04-15T03:46:49","modified_gmt":"2026-04-15T00:46:49","slug":"osmanli-devletinde-misyoner-okullari","status":"publish","type":"product","link":"https:\/\/roveyayinevi.com.tr\/index.php\/urun\/osmanli-devletinde-misyoner-okullari\/","title":{"rendered":"Osmanl\u0131 Devleti\u2019nde Misyoner Okullar\u0131"},"content":{"rendered":"<p>Bu \u00e7al\u0131\u015fma, 19. asr\u0131n ilk \u00e7eyre\u011finde Osmanl\u0131 Devleti s\u0131n\u0131rlar\u0131 i\u00e7inde ba\u015flayan modern misyoner hareketlerini ve M\u00fcsl\u00fcman olmayan halk\u0131n ulusla\u015fma s\u00fcrecine girmelerinde rol oynayan yabanc\u0131 okullar konusunu ele almaktad\u0131r. \u0130ngiliz, Frans\u0131z, Rus, \u0130talyan, Alman, Avusturya ve Amerikan devletleri taraf\u0131ndan himaye edilen yabanc\u0131 okullar\u0131n, faaliyette bulunduklar\u0131 b\u00f6lgeler, \u00f6\u011fretmen-\u00f6\u011frenci say\u0131lar\u0131, a\u00e7\u0131l\u0131\u015f tarihleri, Osmanl\u0131 Devleti ile olan ili\u015fkileri, denetimleri gibi detaylar ilk defa bu \u00f6l\u00e7\u00fcde ar\u015fiv malzemesi kullan\u0131larak incelenmi\u015ftir. \u00c7al\u0131\u015fmada, bug\u00fcnlerde kilise evler \u015feklinde ortaya \u00e7\u0131kan misyoner hareketlerinin, bundan yakla\u015f\u0131k 200 y\u0131l \u00f6nce k\u00fc\u00e7\u00fck odalarda nas\u0131l ba\u015flad\u0131\u011f\u0131 ar\u015fiv belgeleri yard\u0131m\u0131yla g\u00f6zler \u00f6n\u00fcne serilmektedir. M\u00fcsl\u00fcman \u00f6\u011frencilerin bu okullara devam etmelerinin kanunlarla yasak edilmesi, hatta 2. Abd\u00fclhamit taraf\u0131ndan dine ve vatana ihanetle e\u015fde\u011fer tutulmas\u0131 bile bu okullara gidilmesini engellememi\u015ftir.S\u00f6m\u00fcrgeci devletlerin himaye ettikleri misyonerlerin kontrol\u00fcndeki okullar\u0131n varl\u0131klar\u0131n\u0131 zorla kabul ettirmek \u00fczere Osmanl\u0131 sular\u0131na donanmalar sevk edebildikleri, basit bir bor\u00e7 olay\u0131n\u0131n \u00f6nemli bir vatan topra\u011f\u0131n\u0131n i\u015fgaline sebep olabilece\u011fi \u00e7al\u0131\u015fman\u0131n detaylar\u0131nda bulunmaktad\u0131r. 1. D\u00fcnya Sava\u015f\u0131 sonras\u0131nda yukar\u0131da bahsedilen devletler taraf\u0131ndan i\u015fgal edilmeye \u00e7al\u0131\u015f\u0131lan Osmanl\u0131 topraklar\u0131 ile misyoner faaliyetlerinin yo\u011funla\u015ft\u0131\u011f\u0131 b\u00f6lgeler kar\u015f\u0131la\u015ft\u0131r\u0131ld\u0131\u011f\u0131ndabunlar\u0131n aralar\u0131nda tam bir paralellik g\u00f6r\u00fclmesi ise g\u00fcn\u00fcm\u00fczde \u00fczerinde d\u00fc\u015f\u00fcn\u00fclmesi gereken \u00f6nemli bir husustur.Bug\u00fcn \u00fclkemizin g\u00fcndeminde bulunan baz\u0131 problemler kayna\u011f\u0131n\u0131n bu misyonerler taraf\u0131ndan haz\u0131rlanan plan ve haritalar gizli oldu\u011fu unutulmamal\u0131d\u0131r.<\/p>\n","protected":false},"excerpt":{"rendered":"<p>Bu \u00e7al\u0131\u015fma, 19. asr\u0131n ilk \u00e7eyre\u011finde Osmanl\u0131 Devleti s\u0131n\u0131rlar\u0131 i\u00e7inde ba\u015flayan modern misyoner hareketlerini ve M\u00fcsl\u00fcman olmayan halk\u0131n ulusla\u015fma s\u00fcrecine girmelerinde rol oynayan yabanc\u0131 okullar konusunu<span class=\"excerpt-hellip\"> [\u2026]<\/span><\/p>\n","protected":false},"featured_media":0,"template":"","meta":{"_monsterinsights_skip_tracking":false,"_monsterinsights_sitenote_active":false,"_monsterinsights_sitenote_note":"","_monsterinsights_sitenote_category":0},"product_brand":[],"product_cat":[13517,12304],"product_tag":[],"class_list":{"0":"post-783907","1":"product","2":"type-product","3":"status-publish","5":"product_cat-osmanli-tarihi","6":"product_cat-tarih","7":"pa_cilt-ciltsiz","8":"pa_tur-kitap","9":"pa_yayinevi-gokkubbe-yayinlari","10":"pa_yazar-samil-mutlu","12":"first","13":"instock","14":"sale","15":"shipping-taxable","16":"purchasable","17":"product-type-simple"},"_links":{"self":[{"href":"https:\/\/roveyayinevi.com.tr\/index.php\/wp-json\/wp\/v2\/product\/783907","targetHints":{"allow":["GET"]}}],"collection":[{"href":"https:\/\/roveyayinevi.com.tr\/index.php\/wp-json\/wp\/v2\/product"}],"about":[{"href":"https:\/\/roveyayinevi.com.tr\/index.php\/wp-json\/wp\/v2\/types\/product"}],"wp:attachment":[{"href":"https:\/\/roveyayinevi.com.tr\/index.php\/wp-json\/wp\/v2\/media?parent=783907"}],"wp:term":[{"taxonomy":"product_brand","embeddable":true,"href":"https:\/\/roveyayinevi.com.tr\/index.php\/wp-json\/wp\/v2\/product_brand?post=783907"},{"taxonomy":"product_cat","embeddable":true,"href":"https:\/\/roveyayinevi.com.tr\/index.php\/wp-json\/wp\/v2\/product_cat?post=783907"},{"taxonomy":"product_tag","embeddable":true,"href":"https:\/\/roveyayinevi.com.tr\/index.php\/wp-json\/wp\/v2\/product_tag?post=783907"}],"curies":[{"name":"wp","href":"https:\/\/api.w.org\/{rel}","templated":true}]}}