{"id":783904,"date":"2026-02-26T23:46:07","date_gmt":"2026-02-26T20:46:07","guid":{"rendered":"https:\/\/roveyayinevi.com.tr\/index.php\/urun\/islamin-ilk-doneminde-musluman-yahudi-iliskileri\/"},"modified":"2026-04-15T03:46:49","modified_gmt":"2026-04-15T00:46:49","slug":"islamin-ilk-doneminde-musluman-yahudi-iliskileri","status":"publish","type":"product","link":"https:\/\/roveyayinevi.com.tr\/index.php\/urun\/islamin-ilk-doneminde-musluman-yahudi-iliskileri\/","title":{"rendered":"\u0130slam&#8217;\u0131n \u0130lk D\u00f6neminde M\u00fcsl\u00fcman Yahudi \u0130li\u015fkileri"},"content":{"rendered":"<p>Bu eser M\u00fcsl\u00fcman-Yahudi ili\u015fkilerini \u0130sl\u00e2m\u0131n ilk d\u00f6nemi itibariyle ele almaktad\u0131r. \u0130sl\u00e2m\u0131n, Yahudilik ve Hristiyanl\u0131k dinlerine kar\u015f\u0131 uyumlu tavr\u0131n\u0131n bilinmesine ra\u011fmen, M\u00fcsl\u00fcmanlar\u0131n bunu uygulay\u0131p uygulamad\u0131klar\u0131 ve bu dinlerin mensuplar\u0131na nas\u0131l davrand\u0131klar\u0131 hususunda \u00e7e\u015fitli de\u011ferlendirmelerde bulunmaktad\u0131r. Bu konu M\u00fcsl\u00fcmanlar taraf\u0131ndan olumlu y\u00f6nde i\u015flenirken, di\u011fer din mensuplar\u0131n\u0131n b\u00fcy\u00fck bir k\u0131sm\u0131 taraf\u0131ndan ise olumsuz y\u00f6nde i\u015flenmi\u015ftir. Ortaya \u00e7\u0131kan bu karma\u015f\u0131kl\u0131\u011f\u0131 giderebilmek ise elbetteki bu din mensuplar\u0131n\u0131n ili\u015fkilerinin ba\u015flang\u0131\u00e7 ve geli\u015fiminin tarafs\u0131z bir \u015fekilde incelenmesiyle m\u00fcmk\u00fcnd\u00fcr. \u0130\u015fte bu \u00e7al\u0131\u015fma bu amaca y\u00f6nelik bir ara\u015ft\u0131rmad\u0131r. Hz. Muhammed (s.a.) ve ilk d\u00f6rt halife d\u00f6neminde M\u00fcsl\u00fcman-Yahudi ili\u015fkileri her y\u00f6n\u00fcyle incelenmekte, M\u00fcsl\u00fcmanlar\u0131n Yahudilere tan\u0131d\u0131\u011f\u0131 haklar ve onlarla olan m\u00fcnasebetleri kaynaklardan hareket edilerek bilimsel bir tarzda ortaya konmaktad\u0131r.<\/p>\n","protected":false},"excerpt":{"rendered":"<p>Bu eser M\u00fcsl\u00fcman-Yahudi ili\u015fkilerini \u0130sl\u00e2m\u0131n ilk d\u00f6nemi itibariyle ele almaktad\u0131r. \u0130sl\u00e2m\u0131n, Yahudilik ve Hristiyanl\u0131k dinlerine kar\u015f\u0131 uyumlu tavr\u0131n\u0131n bilinmesine ra\u011fmen, M\u00fcsl\u00fcmanlar\u0131n bunu uygulay\u0131p uygulamad\u0131klar\u0131 ve bu<span class=\"excerpt-hellip\"> [\u2026]<\/span><\/p>\n","protected":false},"featured_media":0,"template":"","meta":{"_monsterinsights_skip_tracking":false,"_monsterinsights_sitenote_active":false,"_monsterinsights_sitenote_note":"","_monsterinsights_sitenote_category":0},"product_brand":[],"product_cat":[12718,12719,18109],"product_tag":[],"class_list":{"0":"post-783904","1":"product","2":"type-product","3":"status-publish","5":"product_cat-din","6":"product_cat-islam","7":"product_cat-islam-tarihi","8":"pa_cilt-ciltsiz","9":"pa_tur-kitap","10":"pa_yayinevi-gokkubbe-yayinlari","11":"pa_yazar-eyup-bas","13":"first","14":"instock","15":"sale","16":"shipping-taxable","17":"purchasable","18":"product-type-simple"},"_links":{"self":[{"href":"https:\/\/roveyayinevi.com.tr\/index.php\/wp-json\/wp\/v2\/product\/783904","targetHints":{"allow":["GET"]}}],"collection":[{"href":"https:\/\/roveyayinevi.com.tr\/index.php\/wp-json\/wp\/v2\/product"}],"about":[{"href":"https:\/\/roveyayinevi.com.tr\/index.php\/wp-json\/wp\/v2\/types\/product"}],"wp:attachment":[{"href":"https:\/\/roveyayinevi.com.tr\/index.php\/wp-json\/wp\/v2\/media?parent=783904"}],"wp:term":[{"taxonomy":"product_brand","embeddable":true,"href":"https:\/\/roveyayinevi.com.tr\/index.php\/wp-json\/wp\/v2\/product_brand?post=783904"},{"taxonomy":"product_cat","embeddable":true,"href":"https:\/\/roveyayinevi.com.tr\/index.php\/wp-json\/wp\/v2\/product_cat?post=783904"},{"taxonomy":"product_tag","embeddable":true,"href":"https:\/\/roveyayinevi.com.tr\/index.php\/wp-json\/wp\/v2\/product_tag?post=783904"}],"curies":[{"name":"wp","href":"https:\/\/api.w.org\/{rel}","templated":true}]}}