{"id":783903,"date":"2026-02-26T23:46:04","date_gmt":"2026-02-26T20:46:04","guid":{"rendered":"https:\/\/roveyayinevi.com.tr\/index.php\/urun\/alemlerin-rabbi-allah-cc-bilmek-tanimak-anlamak\/"},"modified":"2026-04-15T03:46:49","modified_gmt":"2026-04-15T00:46:49","slug":"alemlerin-rabbi-allah-cc-bilmek-tanimak-anlamak","status":"publish","type":"product","link":"https:\/\/roveyayinevi.com.tr\/index.php\/urun\/alemlerin-rabbi-allah-cc-bilmek-tanimak-anlamak\/","title":{"rendered":"Alemlerin Rabbi Allah (cc); Bilmek, Tan\u0131mak, Anlamak"},"content":{"rendered":"<p>\u0130nsan &#8220;Allah&#8221; der de, titremez mi?Elbet bu sat\u0131rlar\u0131n yazar\u0131 da titriyor. Korkudan de\u011fil. O`nun hakk\u0131nda konu\u015fmaya ve yazmaya c\u00fcret etmekten.Hi\u00e7bir tasavvur. Allah`\u0131 oldu\u011fu gibi alg\u0131layamaz. Hi\u00e7bir ak\u0131l, Allah`\u0131 mutlak ve m\u00fckemmelli\u011fiyle kavrayamaz. Hi\u00e7bir be\u015feri dil, sahibine Allah`\u0131 gere\u011fi gibi anlatma imkan\u0131 sunmaz. O`nun azameti kar\u015f\u0131s\u0131nda ak\u0131llar dumura u\u011frar, diller l\u00e2l olur, mant\u0131k iflas eder, nutk tutulur, s\u00f6z\u00fcn solu\u011fu kesilir, kelimelerin nabz\u0131 durur.Peki, bu ger\u00e7e\u011fi bilmeme ra\u011fmen, Allah hakk\u0131nda bir kitap kaleme almaya beni ikna eden gerek\u00e7eler ne?\u00dc\u00e7 \u015fey:1- Allah`a inananlar\u0131n Allah tasavvurlar\u0131n\u0131n, vahyin in\u015fa etti\u011fi Allah tasavvurundan giderek uzakla\u015fmas\u0131.2- Do\u011fru bir Allah tasavvuruna sahip olmadan, sahih bir kulluk, iman ve teslimiyetin ger\u00e7ekle\u015fmeyece\u011fi.3- Allah do\u011fru bilinmeden, tan\u0131nmadan, anla\u015f\u0131lmadan, hayat\u0131n anlam ve amac\u0131n\u0131n asla anla\u015f\u0131lmayaca\u011f\u0131.\u0130\u015fte bu y\u00fczden &#8220;Allah&#8221; demek, &#8220;anlam&#8221; demektir. Modern hayat Allah`tan uzakla\u015ft\u0131k\u00e7a anlamdan da uzakla\u015fmaktad\u0131r. Anlams\u0131z bir hayat y\u00fck, anlams\u0131z bir insan hi\u00e7, anlams\u0131z bir d\u00fcnya canl\u0131 cenazelerin meskun oldu\u011fu mezard\u0131r.<\/p>\n","protected":false},"excerpt":{"rendered":"<p>\u0130nsan &#8220;Allah&#8221; der de, titremez mi?Elbet bu sat\u0131rlar\u0131n yazar\u0131 da titriyor. Korkudan de\u011fil. O`nun hakk\u0131nda konu\u015fmaya ve yazmaya c\u00fcret etmekten.Hi\u00e7bir tasavvur. Allah`\u0131 oldu\u011fu gibi alg\u0131layamaz. Hi\u00e7bir<span class=\"excerpt-hellip\"> [\u2026]<\/span><\/p>\n","protected":false},"featured_media":0,"template":"","meta":{"_monsterinsights_skip_tracking":false,"_monsterinsights_sitenote_active":false,"_monsterinsights_sitenote_note":"","_monsterinsights_sitenote_category":0},"product_brand":[],"product_cat":[16789,12718,12719],"product_tag":[],"class_list":{"0":"post-783903","1":"product","2":"type-product","3":"status-publish","5":"product_cat-diger-islam","6":"product_cat-din","7":"product_cat-islam","8":"pa_cilt-ciltsiz","9":"pa_tur-kitap","10":"pa_yayinevi-dusun-yayincilik","11":"pa_yazar-mustafa-islamoglu","13":"first","14":"instock","15":"sale","16":"shipping-taxable","17":"purchasable","18":"product-type-simple"},"_links":{"self":[{"href":"https:\/\/roveyayinevi.com.tr\/index.php\/wp-json\/wp\/v2\/product\/783903","targetHints":{"allow":["GET"]}}],"collection":[{"href":"https:\/\/roveyayinevi.com.tr\/index.php\/wp-json\/wp\/v2\/product"}],"about":[{"href":"https:\/\/roveyayinevi.com.tr\/index.php\/wp-json\/wp\/v2\/types\/product"}],"wp:attachment":[{"href":"https:\/\/roveyayinevi.com.tr\/index.php\/wp-json\/wp\/v2\/media?parent=783903"}],"wp:term":[{"taxonomy":"product_brand","embeddable":true,"href":"https:\/\/roveyayinevi.com.tr\/index.php\/wp-json\/wp\/v2\/product_brand?post=783903"},{"taxonomy":"product_cat","embeddable":true,"href":"https:\/\/roveyayinevi.com.tr\/index.php\/wp-json\/wp\/v2\/product_cat?post=783903"},{"taxonomy":"product_tag","embeddable":true,"href":"https:\/\/roveyayinevi.com.tr\/index.php\/wp-json\/wp\/v2\/product_tag?post=783903"}],"curies":[{"name":"wp","href":"https:\/\/api.w.org\/{rel}","templated":true}]}}