{"id":783902,"date":"2026-02-26T23:46:00","date_gmt":"2026-02-26T20:46:00","guid":{"rendered":"https:\/\/roveyayinevi.com.tr\/index.php\/urun\/bilgi-bilinci\/"},"modified":"2026-04-15T03:46:49","modified_gmt":"2026-04-15T00:46:49","slug":"bilgi-bilinci","status":"publish","type":"product","link":"https:\/\/roveyayinevi.com.tr\/index.php\/urun\/bilgi-bilinci\/","title":{"rendered":"Bilgi Bilinci"},"content":{"rendered":"<p>YAZARIN \u00d6NS\u00d6Z\u00dcNDEN Bu \u00e7al\u0131\u015fmay\u0131 yapmamdan maksat: \u00b4Okuma\u00b4 ve \u00b4bilgilenme\u00b4 alan\u0131nda gen\u00e7lere yard\u0131mc\u0131 olmakt\u0131r. \u00c7\u00fcnk\u00fc \u00b4okumak bir sanatt\u0131r\u00b4 ve bunu sanatkarca yapmay\u0131nca istenen verim elde edilememektedir. Toplumda ilim, bilgi, fikir alan\u0131nda genel bir zaafiyet hali g\u00f6zleniyor. Sanki toplum b\u00fcnyesi kan kaybediyor; ruhunun, kalbinin manevi kan\u0131n\u0131 kaybediyor. Buna cahillik hastal\u0131\u011f\u0131 da denebilir. Halbuki insan i\u00e7in aslolan, ilim,irfan, hikmet sahibi; bilgili, k\u00fclt\u00fcrl\u00fc ve de \u00b4d\u00fc\u015f\u00fcnen\u00b4 bir canl\u0131 olmas\u0131d\u0131r. Cehalet ise ar\u0131zi bir hal, bir hastal\u0131k araz\u0131 (belirtisi) say\u0131lmal\u0131d\u0131r. Ne yaz\u0131k ki modern ya\u015fam, insan\u0131 b\u00fct\u00fcn bu niteliklerden, bu y\u00fcce de\u011ferlerden soyutluyor. \u0130nsan\u0131 sanki i\u00e7 g\u00fcd\u00fcleri d\u00fczeyinde bir ya\u015fama seviyesine indiriyor; ba\u015fka bir deyi\u015fle onu nefsanili\u011fe endeksliyor. \u0130\u015fte bunun i\u00e7in bu \u00e7al\u0131\u015fmamda, bilgi\u00b4nin ne oldu\u011funu ve \u00f6nemini anlatmaya \u00e7al\u0131\u015ft\u0131m. \u0130nsan\u0131 bilgiye g\u00f6t\u00fcren yolu belirlemeye, yani \u00b4Bilin\u00e7li Okuma\u00b4y\u0131 anlatmaya \u00e7al\u0131\u015ft\u0131m. En sonunda da, g\u00fcnleri say\u0131l\u0131 olan \u00f6mr\u00fcm\u00fczde, \u00b4say\u0131s\u0131z\u00b4 kitaplardan, acil olarak nas\u0131l istifade edilebilece\u011fi hakk\u0131nda baz\u0131 tahliller yapt\u0131m, \u00f6nerilerde bulundum. Bunu bir acil yard\u0131m; kan kaybeden hastaya bir yard\u0131m mesabesinde d\u00fc\u015f\u00fcnebiliriz. Umar\u0131m ki bu kitab\u0131m, Y\u00fcce Mevla\u00b4n\u0131n l\u00fctfuyla okuyucuya yararl\u0131 olur; geli\u015fen \u0130slam\u00ee bilince de bir katk\u0131da bulunur. Ekrem Sa\u011f\u0131ro\u011flu, \u0130stanbul, 1995 \u0130\u00c7\u0130NDEK\u0130LER B\u0130R\u0130NC\u0130 B\u00d6L\u00dcM: B\u0130LG\u0130 KAVRAMI 1- Hangi bilgi 2- Bilim\u00b4e kar\u015f\u0131 m\u0131y\u0131z! 3- \u0130slam\u00b4\u0131n y\u00fcceltti\u011fi ilim 4- Bilmek ve \u00b4idrak etmek\u00b4 5- Basiret: kalp g\u00f6z\u00fc 6- \u0130slami bilgi, \u0130slami bilin\u00e7 7- Bilgi ve takva 8- Bilgi ve eylem 9- Bilgi hamallar\u0131 10- Bilginin vas\u0131talar\u0131 \u0130K\u0130NC\u0130 B\u00d6L\u00dcM: N\u0130\u00c7\u0130N OKUMALI! 1- Kitap medeniyeti 2- \u0130nsan\u0131n \u00b4teklif\u00b4e muhatap olmas\u0131 3- \u0130slam\u00b4\u0131 \u00b4kitab\u0131yla anlama\u00b4 gere\u011fi 4- Kitab\u00b4\u0131 ve rehberi olmayan! 5- Okumak \u00b4ibadet\u00b4tir 6- Bilgilenmek Cihad\u00b4d\u0131r 7- Hayat\u0131, varl\u0131\u011f\u0131 anlamak 8- Tebli\u011f g\u00f6revini yapmak 9- HZ. Peygambere uymak 10- Cahillikten kurtulmak 11- Toplumdan insan manzaralar\u0131 12- \u0130\u015fte bu manzara kar\u015f\u0131s\u0131nda 13- T\u00fcrkiye\u00b4de kitap okuyucusu neden azald\u0131 \u00dc\u00c7\u00dcNC\u00dc B\u00d6L\u00dcM: NASIL OKUMALI A) TESB\u0130TLER VE \u00d6NER\u0130LER 1- Okuman\u0131n \u00b4nas\u0131l\u00b4\u0131 olur mu! 2- Baz\u0131 \u00f6nemli prensipler 3- \u0130nsana yard\u0131m 4- Yanl\u0131\u015f bir kitapl\u0131 d\u00f6nem 5- \u00c7arp\u0131k \u00b4kitapsever\u00b4lik B) YAZARLAR NASIL OKUYORLAR 1- Bir irfan sofras\u0131 2- Cevaplar D\u00d6RD\u00dcNC\u00dc B\u00d6L\u00dcM: NE OKUMALI A) TEMEL \u0130LKELER 1- Kitap tavsiye etmek 2- \u0130yi yazar se\u00e7mek 3- Kitap taarruzu alt\u0131nda 4- Arad\u0131\u011f\u0131n\u0131 bulabilme yetene\u011fi 5- Ayr\u0131nt\u0131ya dalmamak 6- Seviyeyi y\u00fckseltmek B) NEREDEN BA\u015eLAMALI 1- \u00d6nce Kur\u00b4an 2- Tefsir okumak 3- S\u00fcnnet ve hadisi anlamak 4- Siyer ve \u0130slam tarihi okumak 5- F\u0131k\u0131h okumak 6- Akaid\u00b4i \u00f6\u011frenmek 7- Edebi eserler 8- Roman, hikaye, \u015fiir 9- Gazete okumak 10- Ansiklopedi okumak 11- Bir hat\u0131rlatma<\/p>\n","protected":false},"excerpt":{"rendered":"<p>YAZARIN \u00d6NS\u00d6Z\u00dcNDEN Bu \u00e7al\u0131\u015fmay\u0131 yapmamdan maksat: \u00b4Okuma\u00b4 ve \u00b4bilgilenme\u00b4 alan\u0131nda gen\u00e7lere yard\u0131mc\u0131 olmakt\u0131r. \u00c7\u00fcnk\u00fc \u00b4okumak bir sanatt\u0131r\u00b4 ve bunu sanatkarca yapmay\u0131nca istenen verim elde edilememektedir. Toplumda<span class=\"excerpt-hellip\"> [\u2026]<\/span><\/p>\n","protected":false},"featured_media":0,"template":"","meta":{"_monsterinsights_skip_tracking":false,"_monsterinsights_sitenote_active":false,"_monsterinsights_sitenote_note":"","_monsterinsights_sitenote_category":0},"product_brand":[],"product_cat":[16789,12718,12719],"product_tag":[],"class_list":{"0":"post-783902","1":"product","2":"type-product","3":"status-publish","5":"product_cat-diger-islam","6":"product_cat-din","7":"product_cat-islam","8":"pa_cilt-ciltsiz","9":"pa_tur-kitap","10":"pa_yayinevi-dusun-yayincilik","11":"pa_yazar-ekrem-sagiroglu","13":"first","14":"instock","15":"sale","16":"shipping-taxable","17":"purchasable","18":"product-type-simple"},"_links":{"self":[{"href":"https:\/\/roveyayinevi.com.tr\/index.php\/wp-json\/wp\/v2\/product\/783902","targetHints":{"allow":["GET"]}}],"collection":[{"href":"https:\/\/roveyayinevi.com.tr\/index.php\/wp-json\/wp\/v2\/product"}],"about":[{"href":"https:\/\/roveyayinevi.com.tr\/index.php\/wp-json\/wp\/v2\/types\/product"}],"wp:attachment":[{"href":"https:\/\/roveyayinevi.com.tr\/index.php\/wp-json\/wp\/v2\/media?parent=783902"}],"wp:term":[{"taxonomy":"product_brand","embeddable":true,"href":"https:\/\/roveyayinevi.com.tr\/index.php\/wp-json\/wp\/v2\/product_brand?post=783902"},{"taxonomy":"product_cat","embeddable":true,"href":"https:\/\/roveyayinevi.com.tr\/index.php\/wp-json\/wp\/v2\/product_cat?post=783902"},{"taxonomy":"product_tag","embeddable":true,"href":"https:\/\/roveyayinevi.com.tr\/index.php\/wp-json\/wp\/v2\/product_tag?post=783902"}],"curies":[{"name":"wp","href":"https:\/\/api.w.org\/{rel}","templated":true}]}}