{"id":783901,"date":"2026-02-26T23:45:57","date_gmt":"2026-02-26T20:45:57","guid":{"rendered":"https:\/\/roveyayinevi.com.tr\/index.php\/urun\/yurek-fethi\/"},"modified":"2026-04-15T03:46:49","modified_gmt":"2026-04-15T00:46:49","slug":"yurek-fethi","status":"publish","type":"product","link":"https:\/\/roveyayinevi.com.tr\/index.php\/urun\/yurek-fethi\/","title":{"rendered":"Y\u00fcrek Fethi"},"content":{"rendered":"<p>Bu kitap, konusu itibariyle Y\u00fcrek Devleti\u00b4nin bir devam\u0131 niteli\u011findedir. Okuyanlar iyi hat\u0131rlayacaklard\u0131r; Y\u00fcrek Devleti, insan\u0131n kendi y\u00fcre\u011fini nas\u0131l fethedece\u011fini ele al\u0131yordu.Elinizde tuttu\u011funuz bu eser de, Y\u00fcrek Devleti\u00b4nin bitti\u011fi yerden ba\u015fl\u0131yor ve ba\u015fka y\u00fcreklerin nas\u0131l fethedilece\u011fini ele al\u0131yor. Bu kitab\u0131n ru\u015feymi 1991 y\u0131l\u0131nda Hatay\u00b4da Y\u00fcrek Fethi isimli konferansla at\u0131ld\u0131. O tarihten bu g\u00fcne, kitap hep kendi kendisini yazmay\u0131 s\u00fcrd\u00fcrd\u00fc, ta ki do\u011fum tarihi olan bug\u00fcne kadar. Onu incitmeden nazik kollar\u0131n\u0131za b\u0131rak\u0131yorum.<\/p>\n","protected":false},"excerpt":{"rendered":"<p>Bu kitap, konusu itibariyle Y\u00fcrek Devleti\u00b4nin bir devam\u0131 niteli\u011findedir. Okuyanlar iyi hat\u0131rlayacaklard\u0131r; Y\u00fcrek Devleti, insan\u0131n kendi y\u00fcre\u011fini nas\u0131l fethedece\u011fini ele al\u0131yordu.Elinizde tuttu\u011funuz bu eser de, Y\u00fcrek<span class=\"excerpt-hellip\"> [\u2026]<\/span><\/p>\n","protected":false},"featured_media":0,"template":"","meta":{"_monsterinsights_skip_tracking":false,"_monsterinsights_sitenote_active":false,"_monsterinsights_sitenote_note":"","_monsterinsights_sitenote_category":0},"product_brand":[],"product_cat":[16789,12718,12719],"product_tag":[],"class_list":{"0":"post-783901","1":"product","2":"type-product","3":"status-publish","5":"product_cat-diger-islam","6":"product_cat-din","7":"product_cat-islam","8":"pa_cilt-ciltsiz","9":"pa_tur-kitap","10":"pa_yayinevi-dusun-yayincilik","11":"pa_yazar-mustafa-islamoglu","13":"first","14":"instock","15":"sale","16":"shipping-taxable","17":"purchasable","18":"product-type-simple"},"_links":{"self":[{"href":"https:\/\/roveyayinevi.com.tr\/index.php\/wp-json\/wp\/v2\/product\/783901","targetHints":{"allow":["GET"]}}],"collection":[{"href":"https:\/\/roveyayinevi.com.tr\/index.php\/wp-json\/wp\/v2\/product"}],"about":[{"href":"https:\/\/roveyayinevi.com.tr\/index.php\/wp-json\/wp\/v2\/types\/product"}],"wp:attachment":[{"href":"https:\/\/roveyayinevi.com.tr\/index.php\/wp-json\/wp\/v2\/media?parent=783901"}],"wp:term":[{"taxonomy":"product_brand","embeddable":true,"href":"https:\/\/roveyayinevi.com.tr\/index.php\/wp-json\/wp\/v2\/product_brand?post=783901"},{"taxonomy":"product_cat","embeddable":true,"href":"https:\/\/roveyayinevi.com.tr\/index.php\/wp-json\/wp\/v2\/product_cat?post=783901"},{"taxonomy":"product_tag","embeddable":true,"href":"https:\/\/roveyayinevi.com.tr\/index.php\/wp-json\/wp\/v2\/product_tag?post=783901"}],"curies":[{"name":"wp","href":"https:\/\/api.w.org\/{rel}","templated":true}]}}