{"id":783900,"date":"2026-02-26T23:45:54","date_gmt":"2026-02-26T20:45:54","guid":{"rendered":"https:\/\/roveyayinevi.com.tr\/index.php\/urun\/devlet-bilinci\/"},"modified":"2026-04-15T03:46:49","modified_gmt":"2026-04-15T00:46:49","slug":"devlet-bilinci","status":"publish","type":"product","link":"https:\/\/roveyayinevi.com.tr\/index.php\/urun\/devlet-bilinci\/","title":{"rendered":"Devlet Bilinci"},"content":{"rendered":"<p>K\u0130TABIN \u00d6NS\u00d6Z\u00dcNDEN Devlet ihtiyac\u0131, insanlar\u0131 birlikte ya\u015fama e\u011filiminden do\u011far. Hz. Adem\u00b4le ba\u015flay\u0131p g\u00fcn\u00fcm\u00fcze uzanan insanl\u0131k tarihi, de\u011fi\u015fik merhalelerden ge\u00e7erek rabbimizin takdir etti\u011fi zaman dilimine kadar s\u00fcrecektir. \u0130nsanl\u0131k tarihinin g\u00fcn\u00fcm\u00fcze ula\u015fan bu ser\u00fcveninde nice devletler kurulmu\u015f, nice sava\u015flar yap\u0131lm\u0131\u015f ve d\u00fcnya \u00fczerinde umut ve sorunlar\u0131 ta\u015f\u0131yarak bug\u00fcnlere gelmi\u015f bulunmaktad\u0131r. Bu kitap, i\u00e7inde bulundu\u011fu Bilin\u00e7 Serisi\u00b4nin amac\u0131 dikkate al\u0131narak haz\u0131rlanm\u0131\u015ft\u0131r. \u00c7al\u0131\u015fmada, devlet felsefesine ve devletlerin ge\u00e7irdi\u011fi \u015fekli de\u011fi\u015fikliklere konumu\u015f olmad\u0131\u011f\u0131 i\u00e7in y\u00fczeysel bir de\u011ferlenndirme yeterli g\u00f6r\u00fclm\u00fc\u015ft\u00fcr. \u0130laveten Devlet Bilinci, devlet\u00b4i fantazi tezlerle tart\u0131\u015fmaya a\u00e7an bir \u00e7al\u0131\u015fma da de\u011fildir. Bu \u00e7al\u0131\u015fma, Habil ile Kabil aras\u0131nda ba\u015flayan ve g\u00fcn\u00fcm\u00fcze kadar uzanan tevhid-\u015eirk m\u00fccadelesinin devlete yans\u0131yan y\u00fcz\u00fcn\u00fcn &#8220;Karakter Tahlili&#8221; say\u0131labilir. \u0130\u00c7\u0130NDEK\u0130LER 1- DEVLET \u0130HT\u0130YACININ ORTAYA \u00c7IKI\u015eI 2- CAHILI SOSYAL SISTEMLER * a- Feodalizm * b- Monar\u015fi * c- Teokrasi * d- Fa\u015fizm * e- Kapitalizm * f- Kom\u00fcnizm * g- Demokrasi, laiklik, liberalizm 3- \u0130SLAM\u00b4IN DEVLET ANLAYI\u015eI * a- Hakimiyetin kayna\u011f\u0131 ve devletin mahiyeti 4- MED\u0130NE \u0130SLAM DEVLET\u0130 * a- Bireysel S\u00fcre\u00e7 * b- Medine \u0130slam toplumuna uzanan s\u00fcre\u00e7te cahiliyenin tutumu * c- Mekke ve Medine cahiliyesinde sosyal hayat * d- \u0130slam devletine uzanan s\u00fcre\u00e7te bireyin elde etti\u011fi \u00f6zellikler 5- DEVLET\u0130N UNSURLARI * a- \u0130nsan unsuru * b- Toprak unsuru * c- Hakimiyet unsuru 6- \u0130SLAM DEVLET\u0130\u00b4N\u0130N \u0130DAR\u0130 YAPISI * a- Te\u015fri (Yasama) * b- \u0130cra (Y\u00fcr\u00fctme) * c- Kaza (Yarg\u0131) * d- Murakabe (Denetim) 7- \u0130SLAM DEVLET\u0130\u00b4N\u0130N TEMEL ESASLARI * a- Hukukun \u00fcst\u00fcnl\u00fc\u011f\u00fc * b- Adalet * c- \u015eura * d- Liyakat * e- Sosyal dayan\u0131\u015fma 8- \u0130SLAMDA TEMEL H\u00dcRRIYETLER VE EMN\u0130YETLER * a- Ya\u015fama Hakk\u0131 * b- Mekan dokunulmazl\u0131\u011f\u0131 ve evlenme h\u00fcrriyeti * c- Yerle\u015fme ve seyahat h\u00fcrriyeti * d- \u00c7al\u0131\u015fma, kazanma ve m\u00fclk edinme h\u00fcrriyeti * e- \u0130nan\u00e7, d\u00fc\u015f\u00fcnce ve fikir h\u00fcrriyeti 9- SONU\u00c7 * a- G\u00fcn\u00fcm\u00fcz panoramas\u0131 * b- \u0130slam\u00b4\u0131n kanunu<\/p>\n","protected":false},"excerpt":{"rendered":"<p>K\u0130TABIN \u00d6NS\u00d6Z\u00dcNDEN Devlet ihtiyac\u0131, insanlar\u0131 birlikte ya\u015fama e\u011filiminden do\u011far. Hz. Adem\u00b4le ba\u015flay\u0131p g\u00fcn\u00fcm\u00fcze uzanan insanl\u0131k tarihi, de\u011fi\u015fik merhalelerden ge\u00e7erek rabbimizin takdir etti\u011fi zaman dilimine kadar s\u00fcrecektir.<span class=\"excerpt-hellip\"> [\u2026]<\/span><\/p>\n","protected":false},"featured_media":0,"template":"","meta":{"_monsterinsights_skip_tracking":false,"_monsterinsights_sitenote_active":false,"_monsterinsights_sitenote_note":"","_monsterinsights_sitenote_category":0},"product_brand":[],"product_cat":[31194,12337],"product_tag":[],"class_list":{"0":"post-783900","1":"product","2":"type-product","3":"status-publish","5":"product_cat-guncel-siyaset","6":"product_cat-politika-siyaset","7":"pa_cilt-ciltsiz","8":"pa_tur-kitap","9":"pa_yayinevi-dusun-yayincilik","10":"pa_yazar-ahmet-mercan","12":"first","13":"instock","14":"sale","15":"shipping-taxable","16":"purchasable","17":"product-type-simple"},"_links":{"self":[{"href":"https:\/\/roveyayinevi.com.tr\/index.php\/wp-json\/wp\/v2\/product\/783900","targetHints":{"allow":["GET"]}}],"collection":[{"href":"https:\/\/roveyayinevi.com.tr\/index.php\/wp-json\/wp\/v2\/product"}],"about":[{"href":"https:\/\/roveyayinevi.com.tr\/index.php\/wp-json\/wp\/v2\/types\/product"}],"wp:attachment":[{"href":"https:\/\/roveyayinevi.com.tr\/index.php\/wp-json\/wp\/v2\/media?parent=783900"}],"wp:term":[{"taxonomy":"product_brand","embeddable":true,"href":"https:\/\/roveyayinevi.com.tr\/index.php\/wp-json\/wp\/v2\/product_brand?post=783900"},{"taxonomy":"product_cat","embeddable":true,"href":"https:\/\/roveyayinevi.com.tr\/index.php\/wp-json\/wp\/v2\/product_cat?post=783900"},{"taxonomy":"product_tag","embeddable":true,"href":"https:\/\/roveyayinevi.com.tr\/index.php\/wp-json\/wp\/v2\/product_tag?post=783900"}],"curies":[{"name":"wp","href":"https:\/\/api.w.org\/{rel}","templated":true}]}}