{"id":783899,"date":"2026-02-26T23:45:51","date_gmt":"2026-02-26T20:45:51","guid":{"rendered":"https:\/\/roveyayinevi.com.tr\/index.php\/urun\/sanat-bilinci\/"},"modified":"2026-04-15T03:46:49","modified_gmt":"2026-04-15T00:46:49","slug":"sanat-bilinci","status":"publish","type":"product","link":"https:\/\/roveyayinevi.com.tr\/index.php\/urun\/sanat-bilinci\/","title":{"rendered":"Sanat Bilinci"},"content":{"rendered":"<p>Sanat, insanlar\u0131n inan\u00e7, d\u00fc\u015f\u00fcnce ve duygular\u0131n\u0131 s\u00f6z, ses, renk, \u00e7izgi, bi\u00e7im gibi ara\u00e7larla g\u00fczel bir bi\u00e7imde ve ki\u015fisel bir ifade ile anlatma \u00e7abas\u0131ndan do\u011fan ruhi bir faaliyettir. Bir \u015feyi g\u00fczel yapmak i\u00e7in uygulanan kurallar\u0131n t\u00fcm\u00fcne de sanat denir: &#8220;Konu\u015fma sanat\u0131&#8221;, annelik sanat\u0131&#8221; gibi. Bir meslekte uyulmas\u0131 gereken kurallar\u0131n t\u00fcm\u00fc, yine sanat kelimesiyle kar\u015f\u0131lan\u0131r: &#8220;Askerlik sanat\u0131&#8221;, &#8220;\u00d6\u011fretmenlik sanat\u0131&#8221; \u00f6rneklerinde oldu\u011fu gibi.<\/p>\n","protected":false},"excerpt":{"rendered":"<p>Sanat, insanlar\u0131n inan\u00e7, d\u00fc\u015f\u00fcnce ve duygular\u0131n\u0131 s\u00f6z, ses, renk, \u00e7izgi, bi\u00e7im gibi ara\u00e7larla g\u00fczel bir bi\u00e7imde ve ki\u015fisel bir ifade ile anlatma \u00e7abas\u0131ndan do\u011fan ruhi bir<span class=\"excerpt-hellip\"> [\u2026]<\/span><\/p>\n","protected":false},"featured_media":0,"template":"","meta":{"_monsterinsights_skip_tracking":false,"_monsterinsights_sitenote_active":false,"_monsterinsights_sitenote_note":"","_monsterinsights_sitenote_category":0},"product_brand":[],"product_cat":[13512,12408],"product_tag":[],"class_list":{"0":"post-783899","1":"product","2":"type-product","3":"status-publish","5":"product_cat-mimarlik","6":"product_cat-sanat","7":"pa_cilt-ciltsiz","8":"pa_tur-kitap","9":"pa_yayinevi-dusun-yayincilik","10":"pa_yazar-ahmed-kalkan","12":"first","13":"instock","14":"sale","15":"shipping-taxable","16":"purchasable","17":"product-type-simple"},"_links":{"self":[{"href":"https:\/\/roveyayinevi.com.tr\/index.php\/wp-json\/wp\/v2\/product\/783899","targetHints":{"allow":["GET"]}}],"collection":[{"href":"https:\/\/roveyayinevi.com.tr\/index.php\/wp-json\/wp\/v2\/product"}],"about":[{"href":"https:\/\/roveyayinevi.com.tr\/index.php\/wp-json\/wp\/v2\/types\/product"}],"wp:attachment":[{"href":"https:\/\/roveyayinevi.com.tr\/index.php\/wp-json\/wp\/v2\/media?parent=783899"}],"wp:term":[{"taxonomy":"product_brand","embeddable":true,"href":"https:\/\/roveyayinevi.com.tr\/index.php\/wp-json\/wp\/v2\/product_brand?post=783899"},{"taxonomy":"product_cat","embeddable":true,"href":"https:\/\/roveyayinevi.com.tr\/index.php\/wp-json\/wp\/v2\/product_cat?post=783899"},{"taxonomy":"product_tag","embeddable":true,"href":"https:\/\/roveyayinevi.com.tr\/index.php\/wp-json\/wp\/v2\/product_tag?post=783899"}],"curies":[{"name":"wp","href":"https:\/\/api.w.org\/{rel}","templated":true}]}}