{"id":783898,"date":"2026-02-26T23:45:49","date_gmt":"2026-02-26T20:45:49","guid":{"rendered":"https:\/\/roveyayinevi.com.tr\/index.php\/urun\/hayat-kitabi-kuran-gerekceli-meal-tefsir-hafiz-boy-tek-cilt\/"},"modified":"2026-04-15T03:46:49","modified_gmt":"2026-04-15T00:46:49","slug":"hayat-kitabi-kuran-gerekceli-meal-tefsir-hafiz-boy-tek-cilt","status":"publish","type":"product","link":"https:\/\/roveyayinevi.com.tr\/index.php\/urun\/hayat-kitabi-kuran-gerekceli-meal-tefsir-hafiz-boy-tek-cilt\/","title":{"rendered":"Hayat Kitab\u0131 Kur&#8217;an; Gerek\u00e7eli Meal-Tefsir (Haf\u0131z Boy, Tek Cilt)"},"content":{"rendered":"<p>Mustafa \u0130slamo\u011flu\u00b4nun &#8220;Hayat Kitab\u0131 Kur\u00b4an \/ Gerek\u00e7eli Meal-Tefsir&#8221; adl\u0131 \u00e7al\u0131\u015fmas\u0131 2008 Haziran ay\u0131nda okuyucuyla bulu\u015ftu. D\u00fc\u015f\u00fcn Yay\u0131nlar\u0131\u00b4n\u0131n ne\u015fretti\u011fi eser, \u0130slamo\u011flu\u00b4nun 15,5 y\u0131ldan bu yana her hafta Pazar g\u00fcnleri ger\u00e7ekle\u015ftirdi\u011fi tefsir derslerinin temelini olu\u015fturan Kur\u00b4an\u00b4\u0131n bir anlamda mealle\u015ftirilmesi ve mealle ilgili baz\u0131 konu ve kavramlar\u0131n da k\u0131sa a\u00e7\u0131klamalar \u015feklinde iki kapak aras\u0131nda d\u00fczenlenmesiyle olu\u015fmu\u015f iki ciltlik bir \u00e7al\u0131\u015fma.<\/p>\n","protected":false},"excerpt":{"rendered":"<p>Mustafa \u0130slamo\u011flu\u00b4nun &#8220;Hayat Kitab\u0131 Kur\u00b4an \/ Gerek\u00e7eli Meal-Tefsir&#8221; adl\u0131 \u00e7al\u0131\u015fmas\u0131 2008 Haziran ay\u0131nda okuyucuyla bulu\u015ftu. D\u00fc\u015f\u00fcn Yay\u0131nlar\u0131\u00b4n\u0131n ne\u015fretti\u011fi eser, \u0130slamo\u011flu\u00b4nun 15,5 y\u0131ldan bu yana her hafta<span class=\"excerpt-hellip\"> [\u2026]<\/span><\/p>\n","protected":false},"featured_media":0,"template":"","meta":{"_monsterinsights_skip_tracking":false,"_monsterinsights_sitenote_active":false,"_monsterinsights_sitenote_note":"","_monsterinsights_sitenote_category":0},"product_brand":[],"product_cat":[12718,12719,45552],"product_tag":[],"class_list":{"0":"post-783898","1":"product","2":"type-product","3":"status-publish","5":"product_cat-din","6":"product_cat-islam","7":"product_cat-meal-tefsir-hadis","8":"pa_cilt-ciltsiz","9":"pa_tur-kitap","10":"pa_yayinevi-dusun-yayincilik","11":"pa_yazar-mustafa-islamoglu","13":"first","14":"instock","15":"sale","16":"shipping-taxable","17":"purchasable","18":"product-type-simple"},"_links":{"self":[{"href":"https:\/\/roveyayinevi.com.tr\/index.php\/wp-json\/wp\/v2\/product\/783898","targetHints":{"allow":["GET"]}}],"collection":[{"href":"https:\/\/roveyayinevi.com.tr\/index.php\/wp-json\/wp\/v2\/product"}],"about":[{"href":"https:\/\/roveyayinevi.com.tr\/index.php\/wp-json\/wp\/v2\/types\/product"}],"wp:attachment":[{"href":"https:\/\/roveyayinevi.com.tr\/index.php\/wp-json\/wp\/v2\/media?parent=783898"}],"wp:term":[{"taxonomy":"product_brand","embeddable":true,"href":"https:\/\/roveyayinevi.com.tr\/index.php\/wp-json\/wp\/v2\/product_brand?post=783898"},{"taxonomy":"product_cat","embeddable":true,"href":"https:\/\/roveyayinevi.com.tr\/index.php\/wp-json\/wp\/v2\/product_cat?post=783898"},{"taxonomy":"product_tag","embeddable":true,"href":"https:\/\/roveyayinevi.com.tr\/index.php\/wp-json\/wp\/v2\/product_tag?post=783898"}],"curies":[{"name":"wp","href":"https:\/\/api.w.org\/{rel}","templated":true}]}}