{"id":783897,"date":"2026-02-26T23:45:45","date_gmt":"2026-02-26T20:45:45","guid":{"rendered":"https:\/\/roveyayinevi.com.tr\/index.php\/urun\/adayis-risalesi\/"},"modified":"2026-04-15T03:46:49","modified_gmt":"2026-04-15T00:46:49","slug":"adayis-risalesi","status":"publish","type":"product","link":"https:\/\/roveyayinevi.com.tr\/index.php\/urun\/adayis-risalesi\/","title":{"rendered":"Aday\u0131\u015f Risalesi"},"content":{"rendered":"<p>\u0130\u015fte bu noktada &#8220;hayat kitab\u0131&#8221; olan Kur an \u0131n teklif etti\u011fi y\u00f6ntemlerden biri olan aday\u0131\u015f s\u00fcrecini ba\u015flatmak, sorunlar\u0131m\u0131zdan birinin daha \u00e7\u00f6z\u00fcm\u00fcnde bize kolayl\u0131k sa\u011flayabilir. Do\u011fumevinin kap\u0131s\u0131nda heyecanla bekleyen baba adaylar\u0131ndan ka\u00e7ta ka\u00e7\u0131 \u00e7ocuklar\u0131n\u0131n seslerini daha ilk duyduklar\u0131nda \u0130mran \u0131n kad\u0131n\u0131n\u0131n g\u00f6sterdi\u011fi &#8220;erkekli\u011fin&#8221; binde birinde g\u00f6stererek, &#8220;Ya Rabbi, bunu sana adad\u0131m, benden kabul buyur!&#8221; diyebilmektedir? Allah \u0131n kendisine \u00fc\u00e7, be\u015f, yedi evlat verdi\u011fi M\u00fcsl\u00fcman babalar hepsini kendi yolunda harcad\u0131\u011f\u0131 bunca evlattan birini dahi O nun yoluna kalben, ihlasla ba\u011f\u0131\u015flam\u0131yor, &#8220;Eti de kemi\u011fi de senin, senin dininin ya Rabbi&#8221; diyemiyorsa; dahas\u0131 en m\u00fctedeyyin anne babalar dahi \u0130slami hassasiyetinden ku\u015fku duymad\u0131klar\u0131 evlatlar\u0131n\u0131n bir ak\u015fam eve ge\u00e7 geli\u015fi kar\u015f\u0131s\u0131nda g\u00f6zleri parl\u0131yor, yerlerinde duram\u0131yorlarsa, \u015fehadetten s\u00f6zeden evlatlar\u0131na, &#8220;Aman, o nas\u0131l s\u00f6z? Allah korusun!&#8221; diyorlarsa, Allah \u0131 sevdiklerine kimi inand\u0131rabilirler ve nas\u0131l y\u00fccelir dinin yerlerde s\u00fcr\u00fcnen sanca\u011f\u0131?<\/p>\n","protected":false},"excerpt":{"rendered":"<p>\u0130\u015fte bu noktada &#8220;hayat kitab\u0131&#8221; olan Kur an \u0131n teklif etti\u011fi y\u00f6ntemlerden biri olan aday\u0131\u015f s\u00fcrecini ba\u015flatmak, sorunlar\u0131m\u0131zdan birinin daha \u00e7\u00f6z\u00fcm\u00fcnde bize kolayl\u0131k sa\u011flayabilir. Do\u011fumevinin kap\u0131s\u0131nda<span class=\"excerpt-hellip\"> [\u2026]<\/span><\/p>\n","protected":false},"featured_media":0,"template":"","meta":{"_monsterinsights_skip_tracking":false,"_monsterinsights_sitenote_active":false,"_monsterinsights_sitenote_note":"","_monsterinsights_sitenote_category":0},"product_brand":[],"product_cat":[16789,12718,12719],"product_tag":[],"class_list":{"0":"post-783897","1":"product","2":"type-product","3":"status-publish","5":"product_cat-diger-islam","6":"product_cat-din","7":"product_cat-islam","8":"pa_cilt-ciltsiz","9":"pa_tur-kitap","10":"pa_yayinevi-dusun-yayincilik","11":"pa_yazar-mustafa-islamoglu","13":"first","14":"instock","15":"sale","16":"shipping-taxable","17":"purchasable","18":"product-type-simple"},"_links":{"self":[{"href":"https:\/\/roveyayinevi.com.tr\/index.php\/wp-json\/wp\/v2\/product\/783897","targetHints":{"allow":["GET"]}}],"collection":[{"href":"https:\/\/roveyayinevi.com.tr\/index.php\/wp-json\/wp\/v2\/product"}],"about":[{"href":"https:\/\/roveyayinevi.com.tr\/index.php\/wp-json\/wp\/v2\/types\/product"}],"wp:attachment":[{"href":"https:\/\/roveyayinevi.com.tr\/index.php\/wp-json\/wp\/v2\/media?parent=783897"}],"wp:term":[{"taxonomy":"product_brand","embeddable":true,"href":"https:\/\/roveyayinevi.com.tr\/index.php\/wp-json\/wp\/v2\/product_brand?post=783897"},{"taxonomy":"product_cat","embeddable":true,"href":"https:\/\/roveyayinevi.com.tr\/index.php\/wp-json\/wp\/v2\/product_cat?post=783897"},{"taxonomy":"product_tag","embeddable":true,"href":"https:\/\/roveyayinevi.com.tr\/index.php\/wp-json\/wp\/v2\/product_tag?post=783897"}],"curies":[{"name":"wp","href":"https:\/\/api.w.org\/{rel}","templated":true}]}}