{"id":783896,"date":"2026-02-26T23:45:42","date_gmt":"2026-02-26T20:45:42","guid":{"rendered":"https:\/\/roveyayinevi.com.tr\/index.php\/urun\/herkes-icin-kolay-usulu-fikih\/"},"modified":"2026-04-15T03:46:49","modified_gmt":"2026-04-15T00:46:49","slug":"herkes-icin-kolay-usulu-fikih","status":"publish","type":"product","link":"https:\/\/roveyayinevi.com.tr\/index.php\/urun\/herkes-icin-kolay-usulu-fikih\/","title":{"rendered":"Herkes \u0130\u00e7in Kolay Usul\u00fc F\u0131k\u0131h"},"content":{"rendered":"<p>\u0130lahiyat fak\u00fcltelerinde uzun y\u0131llar usul\u00fc f\u0131k\u0131h okuttum, g\u00f6rd\u00fc\u011f\u00fcm manzara \u015fudur:Haftada d\u00f6rt saatle tam te\u015fekk\u00fcll\u00fc bir usul\u00fc f\u0131k\u0131h kitab\u0131 bitirilemiyor.Bu sebeple usul\u00fcn \u00f6ncelikli meselelerini haftada d\u00f6rt saatlik bir derste bitirilebilecek hacimde \u00f6zetlemeyidenedim.***Usul\u00fc f\u0131kh\u0131n \u0130slami ilimlerin her dal\u0131 i\u00e7in olmazsa olmaz bir disiplin oldu\u011funu hesaba katarak:Anla\u015f\u0131lmas\u0131n\u0131 kolayla\u015ft\u0131rmaya \u00e7al\u0131\u015ft\u0131m.Terimlerini anla\u015f\u0131l\u0131r k\u0131lmay\u0131 denedim.Ta ki, di\u011fer ilimlerle me\u015fgul olanlar da bir nebze usul bilgisi alm\u0131\u015f olsunlar.***Mecelle&#8217;nin ilk y\u00fcz maddesi \u00f6zet bir usul\u00fc f\u0131k\u0131ht\u0131r, bu sebeple onlar\u0131 da Arap\u00e7a, Osmanl\u0131ca ve T\u00fcrk\u00e7eleriylebirlikte verip, bir de misaller vererek anla\u015f\u0131l\u0131r k\u0131sa a\u00e7\u0131klamalar\u0131n\u0131 sundum.***\u00d6rnek olsun diye as\u0131llar\u0131 ve terc\u00fcmeleri ile birlikte iki de klasik metin verdim:Hanefilerden &#8220;Menar Muhtasar\u0131&#8221;, \u015eafiilerden &#8220;el-Varak\u00e2t&#8221; adl\u0131 k\u0131sa risale.***B\u00f6ylece Usul\u00fc sadece ilahiyat \u00f6\u011frencileri i\u00e7in de\u011fil,Bu ilimlere biraz ilgisi olan herkes i\u00e7in anla\u015f\u0131l\u0131r k\u0131lmaya \u00e7al\u0131\u015ft\u0131m.<\/p>\n","protected":false},"excerpt":{"rendered":"<p>\u0130lahiyat fak\u00fcltelerinde uzun y\u0131llar usul\u00fc f\u0131k\u0131h okuttum, g\u00f6rd\u00fc\u011f\u00fcm manzara \u015fudur:Haftada d\u00f6rt saatle tam te\u015fekk\u00fcll\u00fc bir usul\u00fc f\u0131k\u0131h kitab\u0131 bitirilemiyor.Bu sebeple usul\u00fcn \u00f6ncelikli meselelerini haftada d\u00f6rt saatlik<span class=\"excerpt-hellip\"> [\u2026]<\/span><\/p>\n","protected":false},"featured_media":0,"template":"","meta":{"_monsterinsights_skip_tracking":false,"_monsterinsights_sitenote_active":false,"_monsterinsights_sitenote_note":"","_monsterinsights_sitenote_category":0},"product_brand":[],"product_cat":[16789,12718,12719],"product_tag":[],"class_list":{"0":"post-783896","1":"product","2":"type-product","3":"status-publish","5":"product_cat-diger-islam","6":"product_cat-din","7":"product_cat-islam","8":"pa_cilt-ciltsiz","9":"pa_tur-kitap","10":"pa_yayinevi-marmara-universitesi-ilahiyat-fakultesi-vakfi","11":"pa_yazar-faruk-beser","13":"first","14":"instock","15":"sale","16":"shipping-taxable","17":"purchasable","18":"product-type-simple"},"_links":{"self":[{"href":"https:\/\/roveyayinevi.com.tr\/index.php\/wp-json\/wp\/v2\/product\/783896","targetHints":{"allow":["GET"]}}],"collection":[{"href":"https:\/\/roveyayinevi.com.tr\/index.php\/wp-json\/wp\/v2\/product"}],"about":[{"href":"https:\/\/roveyayinevi.com.tr\/index.php\/wp-json\/wp\/v2\/types\/product"}],"wp:attachment":[{"href":"https:\/\/roveyayinevi.com.tr\/index.php\/wp-json\/wp\/v2\/media?parent=783896"}],"wp:term":[{"taxonomy":"product_brand","embeddable":true,"href":"https:\/\/roveyayinevi.com.tr\/index.php\/wp-json\/wp\/v2\/product_brand?post=783896"},{"taxonomy":"product_cat","embeddable":true,"href":"https:\/\/roveyayinevi.com.tr\/index.php\/wp-json\/wp\/v2\/product_cat?post=783896"},{"taxonomy":"product_tag","embeddable":true,"href":"https:\/\/roveyayinevi.com.tr\/index.php\/wp-json\/wp\/v2\/product_tag?post=783896"}],"curies":[{"name":"wp","href":"https:\/\/api.w.org\/{rel}","templated":true}]}}