{"id":783895,"date":"2026-02-26T23:45:38","date_gmt":"2026-02-26T20:45:38","guid":{"rendered":"https:\/\/roveyayinevi.com.tr\/index.php\/urun\/cahiliyeden-gunumuze-arapca-edebi-metinler-ve-cozumlemesi\/"},"modified":"2026-04-15T03:46:49","modified_gmt":"2026-04-15T00:46:49","slug":"cahiliyeden-gunumuze-arapca-edebi-metinler-ve-cozumlemesi","status":"publish","type":"product","link":"https:\/\/roveyayinevi.com.tr\/index.php\/urun\/cahiliyeden-gunumuze-arapca-edebi-metinler-ve-cozumlemesi\/","title":{"rendered":"Cahiliyeden G\u00fcn\u00fcm\u00fcze Arap\u00e7a Edebi Metinler ve \u00c7\u00f6z\u00fcmlemesi"},"content":{"rendered":"<p>Elinizdeki eserin ba\u015fl\u0131ca \u00f6zellikleri \u015f\u00f6yledir:\u2022Se\u00e7ilen metinlerin hem edebi g\u00fczellik ta\u015f\u0131mas\u0131na hem de talebeyi manevi y\u00f6nden geli\u015ftirici olmas\u0131na dikkat edildi.\u2022\u015eiirler d\u00e2hil, se\u00e7ilen metinlerin sade ve anla\u015f\u0131l\u0131r olmas\u0131na gayret g\u00f6sterildi.\u2022B\u00fct\u00fcn metinlerin T\u00fcrk\u00e7e \u00e7evirisi kitab\u0131n sonunda verildi.\u2022Kitapta C\u00e2hiliye, Sadr-\u0131 \u0130slam, Emevi, Abbasi, End\u00fcl\u00fcs, Meml\u00fck, Osmanl\u0131 ve Modern olmak \u00fczere toplam sekiz edeb\u00ee d\u00f6neme ait metin bulunmaktad\u0131r.\u2022Her bir d\u00f6nem, ikisi nesir, biri de \u015fiir olmak \u00fczere toplam \u00fc\u00e7 metinden olu\u015fmaktad\u0131r. \u2022Her metinden sonra kelime ve tamlamalar ayr\u0131nt\u0131l\u0131 bir \u015fekilde basit bir \u00fcslupla Arap\u00e7a olarak izah edildi. \u2022Kelimelerin izah\u0131ndan sonra al\u0131\u015ft\u0131rmalar gelmektedir. Al\u0131\u015ft\u0131rmalar metni anlama ve kavramaya y\u00f6nelik sorularla ba\u015flar. Ard\u0131ndan metinde ge\u00e7en kelime, kal\u0131p ve c\u00fcmlelere dair sorularla sarf, nahiv, belagat, s\u00f6zl\u00fc ve yaz\u0131l\u0131 anlat\u0131m sorular\u0131 gelmektedir.\u2022\u00dc\u00e7 ana metinden sonra iki de serbest okuma metni bulunmaktad\u0131r. Yine bu metinlerdeki bilinmeyen kelime ve kal\u0131plar\u0131n a\u00e7\u0131klamas\u0131 da Arap\u00e7a olarak yap\u0131lm\u0131\u015ft\u0131r.Metinler, \u00f6zellikle de kasidelere ait ses kay\u0131t ve videolar\u0131n bulundu\u011fu youtube linki metin alt\u0131nda dipnotta verilmi\u015ftir.<\/p>\n","protected":false},"excerpt":{"rendered":"<p>Elinizdeki eserin ba\u015fl\u0131ca \u00f6zellikleri \u015f\u00f6yledir:\u2022Se\u00e7ilen metinlerin hem edebi g\u00fczellik ta\u015f\u0131mas\u0131na hem de talebeyi manevi y\u00f6nden geli\u015ftirici olmas\u0131na dikkat edildi.\u2022\u015eiirler d\u00e2hil, se\u00e7ilen metinlerin sade ve anla\u015f\u0131l\u0131r olmas\u0131na<span class=\"excerpt-hellip\"> [\u2026]<\/span><\/p>\n","protected":false},"featured_media":0,"template":"","meta":{"_monsterinsights_skip_tracking":false,"_monsterinsights_sitenote_active":false,"_monsterinsights_sitenote_note":"","_monsterinsights_sitenote_category":0},"product_brand":[],"product_cat":[31856,14597,12566],"product_tag":[],"class_list":{"0":"post-783895","1":"product","2":"type-product","3":"status-publish","5":"product_cat-arapca","6":"product_cat-dil-ogrenimi","7":"product_cat-egitim","8":"pa_cilt-ciltsiz","9":"pa_tur-kitap","10":"pa_yayinevi-marmara-universitesi-ilahiyat-fakultesi-vakfi","11":"pa_yazar-suliman-alomirat","13":"first","14":"instock","15":"sale","16":"shipping-taxable","17":"purchasable","18":"product-type-simple"},"_links":{"self":[{"href":"https:\/\/roveyayinevi.com.tr\/index.php\/wp-json\/wp\/v2\/product\/783895","targetHints":{"allow":["GET"]}}],"collection":[{"href":"https:\/\/roveyayinevi.com.tr\/index.php\/wp-json\/wp\/v2\/product"}],"about":[{"href":"https:\/\/roveyayinevi.com.tr\/index.php\/wp-json\/wp\/v2\/types\/product"}],"wp:attachment":[{"href":"https:\/\/roveyayinevi.com.tr\/index.php\/wp-json\/wp\/v2\/media?parent=783895"}],"wp:term":[{"taxonomy":"product_brand","embeddable":true,"href":"https:\/\/roveyayinevi.com.tr\/index.php\/wp-json\/wp\/v2\/product_brand?post=783895"},{"taxonomy":"product_cat","embeddable":true,"href":"https:\/\/roveyayinevi.com.tr\/index.php\/wp-json\/wp\/v2\/product_cat?post=783895"},{"taxonomy":"product_tag","embeddable":true,"href":"https:\/\/roveyayinevi.com.tr\/index.php\/wp-json\/wp\/v2\/product_tag?post=783895"}],"curies":[{"name":"wp","href":"https:\/\/api.w.org\/{rel}","templated":true}]}}