{"id":783894,"date":"2026-02-26T23:45:35","date_gmt":"2026-02-26T20:45:35","guid":{"rendered":"https:\/\/roveyayinevi.com.tr\/index.php\/urun\/belagat-i-muyessera-meani-beyan-bedi\/"},"modified":"2026-04-15T03:46:49","modified_gmt":"2026-04-15T00:46:49","slug":"belagat-i-muyessera-meani-beyan-bedi","status":"publish","type":"product","link":"https:\/\/roveyayinevi.com.tr\/index.php\/urun\/belagat-i-muyessera-meani-beyan-bedi\/","title":{"rendered":"Bel\u00e2gat-i M\u00fcyessera; Me\u00e2n\u00ee &#8211; Bey\u00e2n &#8211; Bed\u00ee&#8217;"},"content":{"rendered":"<p>Elinizdeki bu eserin ba\u015fl\u0131ca \u00f6zellikleri \u015funlard\u0131r: Bel\u00e2gatin hem Arap\u00e7a hem de T\u00fcrk\u00e7e, kl\u00e2sik ve yeni bir\u00e7ok temel kayna\u011f\u0131 incelenerek haz\u0131rlanm\u0131\u015ft\u0131r. Kl\u00e2sik tasnife, \u00f6zellikle de Kazv\u00een\u00ee&#8217;ye ait Telh\u00eesu&#8217;l-Mift\u00e2h&#8217;\u0131n tasn\u00eefine ba\u011fl\u0131 kal\u0131narak b\u00f6l\u00fcmler me\u00e2n\u00ee, bey\u00e2n ve bed\u00ee \u015feklinde \u00fc\u00e7l\u00fc tasnifle ele al\u0131nm\u0131\u015ft\u0131r. Konu se\u00e7iminde taraf\u0131m\u0131zca telif edilen el-Bel\u00e2gat\u00fc&#8217;l-M\u00fcyessera el-Me\u00e2n\u00ee \u2013 el-Bey\u00e2n \u2013 el- Bed\u00ee\u0312 isimli Arap\u00e7a eser esas al\u0131nm\u0131\u015f, buradaki konulara bed\u00ee ilminde \u00fc\u00e7 konu daha ilave edilmi\u015ftir. Eserin giri\u015f k\u0131sm\u0131nda k\u0131saca bel\u00e2gat ilminin tarih\u00e7esinden, telif edilen \u00f6nemli eserleri ve m\u00fcelliflerinden bahsedilmi\u015ftir. Talebeye bel\u00e2gat bilgisi verilirken, m\u00e2neviyat\u0131n\u0131n da geli\u015ftirilmesi hedeflenmi\u015ftir. \u00c2yet-i ker\u00eeme, had\u00ees-i \u015fer\u00eef ve Arap \u015fiirinin yan\u0131nda, \u00e2limlerin hikmetli s\u00f6zlerinden de \u00f6rnekler sunulmu\u015ftur. Konunun daha iyi anla\u015f\u0131lmas\u0131 i\u00e7in Arap\u00e7a \u00f6rneklerden \u00f6nce T\u00fcrk edebiyat\u0131ndan \u00f6rnekler sunulmu\u015ftur.<\/p>\n","protected":false},"excerpt":{"rendered":"<p>Elinizdeki bu eserin ba\u015fl\u0131ca \u00f6zellikleri \u015funlard\u0131r: Bel\u00e2gatin hem Arap\u00e7a hem de T\u00fcrk\u00e7e, kl\u00e2sik ve yeni bir\u00e7ok temel kayna\u011f\u0131 incelenerek haz\u0131rlanm\u0131\u015ft\u0131r. Kl\u00e2sik tasnife, \u00f6zellikle de Kazv\u00een\u00ee&#8217;ye ait<span class=\"excerpt-hellip\"> [\u2026]<\/span><\/p>\n","protected":false},"featured_media":0,"template":"","meta":{"_monsterinsights_skip_tracking":false,"_monsterinsights_sitenote_active":false,"_monsterinsights_sitenote_note":"","_monsterinsights_sitenote_category":0},"product_brand":[],"product_cat":[31856,14597,12566],"product_tag":[],"class_list":{"0":"post-783894","1":"product","2":"type-product","3":"status-publish","5":"product_cat-arapca","6":"product_cat-dil-ogrenimi","7":"product_cat-egitim","8":"pa_cilt-ciltsiz","9":"pa_tur-kitap","10":"pa_yayinevi-marmara-universitesi-ilahiyat-fakultesi-vakfi","11":"pa_yazar-ali-bulut","13":"first","14":"instock","15":"sale","16":"shipping-taxable","17":"purchasable","18":"product-type-simple"},"_links":{"self":[{"href":"https:\/\/roveyayinevi.com.tr\/index.php\/wp-json\/wp\/v2\/product\/783894","targetHints":{"allow":["GET"]}}],"collection":[{"href":"https:\/\/roveyayinevi.com.tr\/index.php\/wp-json\/wp\/v2\/product"}],"about":[{"href":"https:\/\/roveyayinevi.com.tr\/index.php\/wp-json\/wp\/v2\/types\/product"}],"wp:attachment":[{"href":"https:\/\/roveyayinevi.com.tr\/index.php\/wp-json\/wp\/v2\/media?parent=783894"}],"wp:term":[{"taxonomy":"product_brand","embeddable":true,"href":"https:\/\/roveyayinevi.com.tr\/index.php\/wp-json\/wp\/v2\/product_brand?post=783894"},{"taxonomy":"product_cat","embeddable":true,"href":"https:\/\/roveyayinevi.com.tr\/index.php\/wp-json\/wp\/v2\/product_cat?post=783894"},{"taxonomy":"product_tag","embeddable":true,"href":"https:\/\/roveyayinevi.com.tr\/index.php\/wp-json\/wp\/v2\/product_tag?post=783894"}],"curies":[{"name":"wp","href":"https:\/\/api.w.org\/{rel}","templated":true}]}}