{"id":783893,"date":"2026-02-26T23:45:32","date_gmt":"2026-02-26T20:45:32","guid":{"rendered":"https:\/\/roveyayinevi.com.tr\/index.php\/urun\/talim-tecvid-ve-kiraat\/"},"modified":"2026-04-15T03:46:48","modified_gmt":"2026-04-15T00:46:48","slug":"talim-tecvid-ve-kiraat","status":"publish","type":"product","link":"https:\/\/roveyayinevi.com.tr\/index.php\/urun\/talim-tecvid-ve-kiraat\/","title":{"rendered":"Ta&#8217;lim Tecvid ve K\u0131raat"},"content":{"rendered":"<p>Harflerle ilgili mahrec ve s\u0131fat bilgileri verildikten sonra harflerin harekelerinde, suk\u00fbnlar\u0131nda, \u015fedde ve id\u011f\u00e2mlar\u0131nda a\u011f\u0131z ve dudak \u015fekillerine de\u011finildikten sonra harf talimi uygulamas\u0131na a\u011f\u0131rl\u0131k verilmelidir. Harflerin \u00f6nce resimleri, isimleri, musemm\u00e2lar\u0131 iyi \u00f6\u011fretilmelidir. S\u00e2kin, \u015feddeli ve harekeli, hatt\u00e2 medli okunu\u015flar\u0131 hoca taraf\u0131ndan uygulamal\u0131 olarak g\u00f6sterilmelidir. Sonra do\u011fru telaffuzlar al\u0131nana kadar talebeyle beraber okunmal\u0131, daha sonra di\u011fer okumalara ge\u00e7ilmelidir. Di\u011fer tecvid konular\u0131 da s\u0131ras\u0131yla bunlardan sonra par\u00e7a par\u00e7a i\u015flenmelidir.Merhum hocam\u0131z Haf\u0131z Abdurrahman Gurses, harf talimine a\u011f\u0131rl\u0131k verir: Bu i\u015fin temeli budur, esl\u00e2f\u0131m\u0131z bunu b\u00f6yle yapt\u0131lar, ben de \u00f6nume gelen talebenin seviyesi ne olursa olsun bunu okuturum. der bizlere de \u00f6yle tavsiye ederdi. Biz de senelerce talim \u00e7al\u0131\u015fmalar\u0131m\u0131zda \u00f6yle yapt\u0131k ve \u015f\u00f6yle bir vec\u00eeze geli\u015ftirerek, Bu i\u015fin hafriyat\u0131, harfiyat\u0131d\u0131r dedik.<\/p>\n","protected":false},"excerpt":{"rendered":"<p>Harflerle ilgili mahrec ve s\u0131fat bilgileri verildikten sonra harflerin harekelerinde, suk\u00fbnlar\u0131nda, \u015fedde ve id\u011f\u00e2mlar\u0131nda a\u011f\u0131z ve dudak \u015fekillerine de\u011finildikten sonra harf talimi uygulamas\u0131na a\u011f\u0131rl\u0131k verilmelidir. Harflerin<span class=\"excerpt-hellip\"> [\u2026]<\/span><\/p>\n","protected":false},"featured_media":0,"template":"","meta":{"_monsterinsights_skip_tracking":false,"_monsterinsights_sitenote_active":false,"_monsterinsights_sitenote_note":"","_monsterinsights_sitenote_category":0},"product_brand":[],"product_cat":[12718,12719,17284],"product_tag":[],"class_list":{"0":"post-783893","1":"product","2":"type-product","3":"status-publish","5":"product_cat-din","6":"product_cat-islam","7":"product_cat-kuran-ve-kuran-uzerine","8":"pa_cilt-ciltsiz","9":"pa_tur-kitap","10":"pa_yayinevi-marmara-universitesi-ilahiyat-fakultesi-vakfi","11":"pa_yazar-ramazan-pakdil","13":"first","14":"instock","15":"sale","16":"shipping-taxable","17":"purchasable","18":"product-type-simple"},"_links":{"self":[{"href":"https:\/\/roveyayinevi.com.tr\/index.php\/wp-json\/wp\/v2\/product\/783893","targetHints":{"allow":["GET"]}}],"collection":[{"href":"https:\/\/roveyayinevi.com.tr\/index.php\/wp-json\/wp\/v2\/product"}],"about":[{"href":"https:\/\/roveyayinevi.com.tr\/index.php\/wp-json\/wp\/v2\/types\/product"}],"wp:attachment":[{"href":"https:\/\/roveyayinevi.com.tr\/index.php\/wp-json\/wp\/v2\/media?parent=783893"}],"wp:term":[{"taxonomy":"product_brand","embeddable":true,"href":"https:\/\/roveyayinevi.com.tr\/index.php\/wp-json\/wp\/v2\/product_brand?post=783893"},{"taxonomy":"product_cat","embeddable":true,"href":"https:\/\/roveyayinevi.com.tr\/index.php\/wp-json\/wp\/v2\/product_cat?post=783893"},{"taxonomy":"product_tag","embeddable":true,"href":"https:\/\/roveyayinevi.com.tr\/index.php\/wp-json\/wp\/v2\/product_tag?post=783893"}],"curies":[{"name":"wp","href":"https:\/\/api.w.org\/{rel}","templated":true}]}}