{"id":783892,"date":"2026-02-26T23:45:28","date_gmt":"2026-02-26T20:45:28","guid":{"rendered":"https:\/\/roveyayinevi.com.tr\/index.php\/urun\/islam-hukukuna-giris-3\/"},"modified":"2026-04-15T03:46:48","modified_gmt":"2026-04-15T00:46:48","slug":"islam-hukukuna-giris-3","status":"publish","type":"product","link":"https:\/\/roveyayinevi.com.tr\/index.php\/urun\/islam-hukukuna-giris-3\/","title":{"rendered":"\u0130slam Hukukuna Giri\u015f"},"content":{"rendered":"<p>\u00d6zg\u00fcn ismiyle F\u0131k\u0131h, modern kar\u015f\u0131l\u0131\u011f\u0131yla \u0130sl\u00e2m hukuku; bireysel, toplumsal ve toplumlararas\u0131 hayata ili\u015fkin amel\u00ee yani eyleme ba\u011fl\u0131 \u0130sl\u00e2m\u00ee h\u00fck\u00fcmleri tesbit eden ve yorumlayan ilim dal\u0131n\u0131n genel ad\u0131d\u0131r. M\u00fcsl\u00fcman birey ile Allah aras\u0131ndaki ileti\u015fim anlam\u0131na gelen ibadetler ile bireyin ve toplumun siyas\u00ee, iktisad\u00ee ve hukuk\u00ee eylemlerini d\u00fczenleyen kurallar ve bunlar\u0131n \u00f6zel kaynaklardan \u00e7\u0131kar\u0131lma y\u00f6ntemleri bir b\u00fct\u00fcn halinde bu ilmin \u00e7er\u00e7evesini \u00e7izer. Elinizdeki kitap, \u0130sl\u00e2m hukukuna ilgi duyan ve onu kurum ve kavramlar\u0131yla tan\u0131mak isteyenlerin bilgi ihtiya\u00e7lar\u0131n\u0131 bir \u00f6l\u00e7\u00fcde kar\u015f\u0131lama d\u00fc\u015f\u00fcncesiyle haz\u0131rlanm\u0131\u015ft\u0131r. Bu ba\u011flamda kitapta \u0130sl\u00e2m hukukunun\/f\u0131kh\u0131n ba\u011f\u0131ms\u0131z bir ilim disiplini halinde ortaya \u00e7\u0131k\u0131s\u0131, mahiyeti, kavramsal \u00e7er\u00e7evesi, \u00f6zellikleri, tarihsel geli\u015fimi, kaynaklar\u0131, sistemati\u011fi ve literat\u00fcr\u00fc ele al\u0131nm\u0131\u015f; \u0130sl\u00e2m kamu hukuku, ceza hukuku ve aile hukukuyla ilgili genel \u00e7er\u00e7eve ortaya konulmu\u015f, bunu takiben ehliyet, m\u00fclkiyet, akit teorileri i\u015flenmi\u015f ve basl\u0131ca f\u0131k\u0131h terimleri tan\u0131t\u0131lm\u0131\u015ft\u0131r.<\/p>\n","protected":false},"excerpt":{"rendered":"<p>\u00d6zg\u00fcn ismiyle F\u0131k\u0131h, modern kar\u015f\u0131l\u0131\u011f\u0131yla \u0130sl\u00e2m hukuku; bireysel, toplumsal ve toplumlararas\u0131 hayata ili\u015fkin amel\u00ee yani eyleme ba\u011fl\u0131 \u0130sl\u00e2m\u00ee h\u00fck\u00fcmleri tesbit eden ve yorumlayan ilim dal\u0131n\u0131n genel<span class=\"excerpt-hellip\"> [\u2026]<\/span><\/p>\n","protected":false},"featured_media":0,"template":"","meta":{"_monsterinsights_skip_tracking":false,"_monsterinsights_sitenote_active":false,"_monsterinsights_sitenote_note":"","_monsterinsights_sitenote_category":0},"product_brand":[],"product_cat":[12718,12719,17333],"product_tag":[],"class_list":{"0":"post-783892","1":"product","2":"type-product","3":"status-publish","5":"product_cat-din","6":"product_cat-islam","7":"product_cat-islam-hukuku","8":"pa_cilt-ciltsiz","9":"pa_tur-kitap","10":"pa_yayinevi-marmara-universitesi-ilahiyat-fakultesi-vakfi","11":"pa_yazar-ahmet-yaman","12":"pa_yazar-halit-calis","14":"first","15":"instock","16":"sale","17":"shipping-taxable","18":"purchasable","19":"product-type-simple"},"_links":{"self":[{"href":"https:\/\/roveyayinevi.com.tr\/index.php\/wp-json\/wp\/v2\/product\/783892","targetHints":{"allow":["GET"]}}],"collection":[{"href":"https:\/\/roveyayinevi.com.tr\/index.php\/wp-json\/wp\/v2\/product"}],"about":[{"href":"https:\/\/roveyayinevi.com.tr\/index.php\/wp-json\/wp\/v2\/types\/product"}],"wp:attachment":[{"href":"https:\/\/roveyayinevi.com.tr\/index.php\/wp-json\/wp\/v2\/media?parent=783892"}],"wp:term":[{"taxonomy":"product_brand","embeddable":true,"href":"https:\/\/roveyayinevi.com.tr\/index.php\/wp-json\/wp\/v2\/product_brand?post=783892"},{"taxonomy":"product_cat","embeddable":true,"href":"https:\/\/roveyayinevi.com.tr\/index.php\/wp-json\/wp\/v2\/product_cat?post=783892"},{"taxonomy":"product_tag","embeddable":true,"href":"https:\/\/roveyayinevi.com.tr\/index.php\/wp-json\/wp\/v2\/product_tag?post=783892"}],"curies":[{"name":"wp","href":"https:\/\/api.w.org\/{rel}","templated":true}]}}