{"id":783891,"date":"2026-02-26T23:45:25","date_gmt":"2026-02-26T20:45:25","guid":{"rendered":"https:\/\/roveyayinevi.com.tr\/index.php\/urun\/maturidiyye-akaidi\/"},"modified":"2026-04-15T03:46:48","modified_gmt":"2026-04-15T00:46:48","slug":"maturidiyye-akaidi","status":"publish","type":"product","link":"https:\/\/roveyayinevi.com.tr\/index.php\/urun\/maturidiyye-akaidi\/","title":{"rendered":"M\u00e2t\u00fcr\u00eediyye Akaidi"},"content":{"rendered":"<p>M\u00e2t\u00fcr\u00eediyye Akaidi ad\u0131 alt\u0131nda istifadeye sundu\u011fumuz eser, Hanefiyye ve M\u00e2t\u00fcr\u00eediyye \u00e2limlerinden Buharal\u0131 N\u00fbreddin es-S\u00e2b\u00fbn\u00ee&#8217;nin (\u00f6. 580\/1184) el-Bid\u00e2ye f\u00ee us\u00fbli&#8217;d-d\u00een isimli kitab\u0131d\u0131r. M\u00fcellif \u00f6nce el-Kif\u00e2ye ad\u0131yla hacimli bir eser yazm\u0131\u015f, sonra bunu hul\u00e2sa ederek el-Bid\u00e2ye&#8217;yi meydana getirmi\u015ftir. Bu sebeple kitap takdire \u015fayan bir itina ve dikkat \u00fcr\u00fcn\u00fc olmu\u015ftur. \u0130ncelenmesinden de kolayca anla\u015f\u0131laca\u011f\u0131 \u00fczere klasik kel\u00e2m kitaplar\u0131n\u0131n hemen b\u00fct\u00fcn konular\u0131n\u0131 i\u00e7eren eserin dili sa\u011flam, tertibi g\u00fczel, ifadesi a\u00e7\u0131kt\u0131r. M\u00fcellif, kitab\u0131nda Ehl-i s\u00fcnnet ve M\u00e2t\u00fcr\u00eediyye g\u00f6r\u00fc\u015flerini ispat ve izah ettikten ba\u015fka, taraflar\u0131n fikirlerini \u00f6z olarak nakletmeye de muvaffak olmu\u015ftur.Kitap, S\u00fcnn\u00ee akaidin en b\u00fcy\u00fck mezhebini te\u015fkil eden M\u00e2t\u00fcr\u00eediyye kel\u00e2m\u0131n\u0131n, gerek \u00fcsl\u00fbp ve ifade gerek plan ve muhteva bak\u0131m\u0131ndan klasik bir eseri konumundad\u0131r. Eserin hem Arap\u00e7a metni hem T\u00fcrk\u00e7e terc\u00fcmesinin ilim yolcular\u0131 i\u00e7in faydal\u0131 olacakt\u0131r.<\/p>\n","protected":false},"excerpt":{"rendered":"<p>M\u00e2t\u00fcr\u00eediyye Akaidi ad\u0131 alt\u0131nda istifadeye sundu\u011fumuz eser, Hanefiyye ve M\u00e2t\u00fcr\u00eediyye \u00e2limlerinden Buharal\u0131 N\u00fbreddin es-S\u00e2b\u00fbn\u00ee&#8217;nin (\u00f6. 580\/1184) el-Bid\u00e2ye f\u00ee us\u00fbli&#8217;d-d\u00een isimli kitab\u0131d\u0131r. M\u00fcellif \u00f6nce el-Kif\u00e2ye ad\u0131yla hacimli<span class=\"excerpt-hellip\"> [\u2026]<\/span><\/p>\n","protected":false},"featured_media":0,"template":"","meta":{"_monsterinsights_skip_tracking":false,"_monsterinsights_sitenote_active":false,"_monsterinsights_sitenote_note":"","_monsterinsights_sitenote_category":0},"product_brand":[],"product_cat":[12718,12719],"product_tag":[],"class_list":{"0":"post-783891","1":"product","2":"type-product","3":"status-publish","5":"product_cat-din","6":"product_cat-islam","7":"pa_cilt-ciltsiz","8":"pa_tur-kitap","9":"pa_yayinevi-marmara-universitesi-ilahiyat-fakultesi-vakfi","10":"pa_yazar-nureddin-es-sabuni","12":"first","13":"instock","14":"sale","15":"shipping-taxable","16":"purchasable","17":"product-type-simple"},"_links":{"self":[{"href":"https:\/\/roveyayinevi.com.tr\/index.php\/wp-json\/wp\/v2\/product\/783891","targetHints":{"allow":["GET"]}}],"collection":[{"href":"https:\/\/roveyayinevi.com.tr\/index.php\/wp-json\/wp\/v2\/product"}],"about":[{"href":"https:\/\/roveyayinevi.com.tr\/index.php\/wp-json\/wp\/v2\/types\/product"}],"wp:attachment":[{"href":"https:\/\/roveyayinevi.com.tr\/index.php\/wp-json\/wp\/v2\/media?parent=783891"}],"wp:term":[{"taxonomy":"product_brand","embeddable":true,"href":"https:\/\/roveyayinevi.com.tr\/index.php\/wp-json\/wp\/v2\/product_brand?post=783891"},{"taxonomy":"product_cat","embeddable":true,"href":"https:\/\/roveyayinevi.com.tr\/index.php\/wp-json\/wp\/v2\/product_cat?post=783891"},{"taxonomy":"product_tag","embeddable":true,"href":"https:\/\/roveyayinevi.com.tr\/index.php\/wp-json\/wp\/v2\/product_tag?post=783891"}],"curies":[{"name":"wp","href":"https:\/\/api.w.org\/{rel}","templated":true}]}}