{"id":783889,"date":"2026-02-26T23:45:20","date_gmt":"2026-02-26T20:45:20","guid":{"rendered":"https:\/\/roveyayinevi.com.tr\/index.php\/urun\/ayet-ve-hadislerle-aciklamali-kuran-i-kerim-meali-ciltli\/"},"modified":"2026-04-15T03:46:48","modified_gmt":"2026-04-15T00:46:48","slug":"ayet-ve-hadislerle-aciklamali-kuran-i-kerim-meali-ciltli","status":"publish","type":"product","link":"https:\/\/roveyayinevi.com.tr\/index.php\/urun\/ayet-ve-hadislerle-aciklamali-kuran-i-kerim-meali-ciltli\/","title":{"rendered":"Ayet Ve Hadislerle A\u00e7\u0131klamal\u0131 Kur&#8217;an-\u0131 Kerim Meali (Ciltli)"},"content":{"rendered":"<p>Kur&#8217;\u00e2n-\u0131 Ker\u00eem&#8217;in kendi kendisini a\u00e7\u0131klamas\u0131 onun en b\u00fcy\u00fck \u00f6zelli\u011fi oldu\u011fu gibi, tefsir usul\u00fcn\u00fcn de en ba\u015fta gelen ilkesidir. Bu ilke ihmal edildi\u011fi zaman herkesin kendi anlay\u0131\u015f\u0131na g\u00f6re \u00e2yetleri istedi\u011fi tarafa \u00e7ekebildi\u011fine dair say\u0131s\u0131z \u00f6rneklerin \u015fahidiyiz. Kur&#8217;an tefsirinin ikinci kayna\u011f\u0131 ise Hadistir. Zira Kur&#8217;\u00e2n-\u0131 Ker\u00eem&#8217;i tebli\u011f etmenin yan\u0131 s\u0131ra, onu s\u00f6z ve ille a\u00e7\u0131klamak Peygamber aleyhissel\u00e2ma, ona itaat etmek de \u00fcmmetine g\u00f6rev olarak verilmi\u015ftir. G\u00fcn\u00fcm\u00fczdeki ihtil\u00e2?ar, \u00f6zellikle bir k\u0131s\u0131m medya eliyle biteviye s\u00fcrd\u00fcr\u00fclen tart\u0131\u015fmalar dikkatle incelendi\u011finde g\u00f6r\u00fclecektir ki, bu konular\u0131 anla\u015f\u0131lmaz hale getiren en b\u00fcy\u00fck etken, Hadisin dikkate al\u0131nmamas\u0131d\u0131r. Zira Hadis, \u00fcmmet i\u00e7indeki her t\u00fcrl\u00fc ihtil\u00e2f\u0131 \u00e7\u00f6zme g\u00fcc\u00fcne sahiptir; onun i\u00e7in anla\u015fmazl\u0131k halinde Peygamber aleyhissel\u00e2ma ba\u015fvurmak bizzat Kur&#8217;\u00e2n-\u0131 Ker\u00eem taraf\u0131ndan emredilmi\u015ftir (Nis\u00e2, 4\/65). Elinizdeki me\u00e2l, mevcut \u00e7al\u0131\u015fmalar aras\u0131nda eksikli\u011fi m\u00fc\u015fahede edilen bu iki ana noktada bir hizmet sunmak niyetiyle haz\u0131rlanm\u0131\u015ft\u0131r: Bu \u00e7al\u0131\u015fmada sadece \u00e2yetlerin meali verilmekle yetinilmemi\u015f; o \u00e2yetle ilgili daha ba\u015fka \u00e2yetlere de dipnotlar\u0131nda yer verilmi\u015ftir. Ayn\u0131 \u015fekilde, Peygamber Efendimizin Kur&#8217;\u00e2n-\u0131 Ker\u00eem ile ilgili a\u00e7\u0131klamalar\u0131 da, yine ilgili \u00e2yetlerin dipnotlar\u0131nda, Hadis ilminin ilkeleri do\u011frultusunda ve kaynaklar\u0131 g\u00f6sterilmek suretiyle kaydedilmi\u015ftir. Bu iki \u00f6zellik, elinizdeki me\u00e2lin di\u011fer b\u00fct\u00fcn me\u00e2llerden ayr\u0131lan en \u00f6nemli y\u00f6n\u00fcn\u00fc te\u015fkil etmektedir. Bu sayede, okuyucu, Kur&#8217;\u00e2n-\u0131 Ker\u00eem&#8217;in hangi sayfas\u0131n\u0131 a\u00e7arsa a\u00e7s\u0131n, okudu\u011fu \u00e2yetlerle ilgili di\u011fer \u00e2yetleri bir arada inceleme f\u0131rsat\u0131 buldu\u011fu gibi, kendisine Kur&#8217;an indirilen Peygamberin \u00e2yetlerle ilgili a\u00e7\u0131klamalar\u0131n\u0131 da o \u00e2yetlerin dipnotlar\u0131nda bulacakt\u0131r.<\/p>\n","protected":false},"excerpt":{"rendered":"<p>Kur&#8217;\u00e2n-\u0131 Ker\u00eem&#8217;in kendi kendisini a\u00e7\u0131klamas\u0131 onun en b\u00fcy\u00fck \u00f6zelli\u011fi oldu\u011fu gibi, tefsir usul\u00fcn\u00fcn de en ba\u015fta gelen ilkesidir. Bu ilke ihmal edildi\u011fi zaman herkesin kendi anlay\u0131\u015f\u0131na<span class=\"excerpt-hellip\"> [\u2026]<\/span><\/p>\n","protected":false},"featured_media":0,"template":"","meta":{"_monsterinsights_skip_tracking":false,"_monsterinsights_sitenote_active":false,"_monsterinsights_sitenote_note":"","_monsterinsights_sitenote_category":0},"product_brand":[],"product_cat":[12718,12719,45552],"product_tag":[],"class_list":{"0":"post-783889","1":"product","2":"type-product","3":"status-publish","5":"product_cat-din","6":"product_cat-islam","7":"product_cat-meal-tefsir-hadis","8":"pa_cilt-ciltsiz","9":"pa_tur-kitap","10":"pa_yayinevi-marmara-universitesi-ilahiyat-fakultesi-vakfi","11":"pa_yazar-umit-simsek","13":"first","14":"instock","15":"sale","16":"shipping-taxable","17":"purchasable","18":"product-type-simple"},"_links":{"self":[{"href":"https:\/\/roveyayinevi.com.tr\/index.php\/wp-json\/wp\/v2\/product\/783889","targetHints":{"allow":["GET"]}}],"collection":[{"href":"https:\/\/roveyayinevi.com.tr\/index.php\/wp-json\/wp\/v2\/product"}],"about":[{"href":"https:\/\/roveyayinevi.com.tr\/index.php\/wp-json\/wp\/v2\/types\/product"}],"wp:attachment":[{"href":"https:\/\/roveyayinevi.com.tr\/index.php\/wp-json\/wp\/v2\/media?parent=783889"}],"wp:term":[{"taxonomy":"product_brand","embeddable":true,"href":"https:\/\/roveyayinevi.com.tr\/index.php\/wp-json\/wp\/v2\/product_brand?post=783889"},{"taxonomy":"product_cat","embeddable":true,"href":"https:\/\/roveyayinevi.com.tr\/index.php\/wp-json\/wp\/v2\/product_cat?post=783889"},{"taxonomy":"product_tag","embeddable":true,"href":"https:\/\/roveyayinevi.com.tr\/index.php\/wp-json\/wp\/v2\/product_tag?post=783889"}],"curies":[{"name":"wp","href":"https:\/\/api.w.org\/{rel}","templated":true}]}}