{"id":783888,"date":"2026-02-26T23:45:17","date_gmt":"2026-02-26T20:45:17","guid":{"rendered":"https:\/\/roveyayinevi.com.tr\/index.php\/urun\/islam-aile-hukuku\/"},"modified":"2026-04-15T03:46:48","modified_gmt":"2026-04-15T00:46:48","slug":"islam-aile-hukuku","status":"publish","type":"product","link":"https:\/\/roveyayinevi.com.tr\/index.php\/urun\/islam-aile-hukuku\/","title":{"rendered":"\u0130slam Aile Hukuku"},"content":{"rendered":"<p>\u0130nsano\u011flunun i\u00e7inde do\u011fdu\u011fu, b\u00fcy\u00fcd\u00fc\u011f\u00fc ve hayata kat\u0131ld\u0131\u011f\u0131 en k\u00fc\u00e7\u00fck sosyal \u00fcnite olan aile, ayn\u0131 zamanda bir ahl\u00e2k\u00ee ve hukuk\u00ee yap\u0131d\u0131r da.Temel \u00e7er\u00e7evesini Kur\u00b4\u00e2n\u00b4\u0131n \u00e7izip ayr\u0131nt\u0131lar\u0131n\u0131 Hz. Peygamberin S\u00fcnneti\u00b4nin belirle\u00acdi\u011fi ve m\u00fcc-tehid fakihlerin de bu iki kayna\u011fa getirdikleri yorumlarla geli\u015ftirip sistemle\u015ftirdikleri \u0130sl\u00e2m Aile Huku\u00ackunun temel esprisi \u015fudur: Aile bireylerinden hi\u00e7 kimse\u00acnin haks\u0131zl\u0131\u011fa u\u011fra-mad\u0131\u011f\u0131, f\u0131trattaki kad\u0131n-erkek nitelikle\u00acrine uygun ve sevgi temeline dayal\u0131 bir aileyi kurmak ve ya\u015fatmak.As\u0131l hedef bu olmakla birlikte tarih boyunca aile ku\u00acrumu ve hukuku ekseninde yanl\u0131\u015f g\u00f6r\u00fc\u015flerin ortaya at\u0131l\u00acd\u0131\u011f\u0131 ve m\u00fcsl\u00fcman toplumlar i\u00e7inde haks\u0131zl\u0131klar do\u011furan yanl\u0131\u015f \u00f6rflerin yerle\u015fti\u011fi de bir ger\u00e7ektir.M\u00fcsl\u00fcmanlar\u0131n elinde, \u0130sl\u00e2m\u0131n ve dolay\u0131s\u0131yla Aile Hu\u00ackukunun asl\u00ee iki kayna\u011f\u0131, yani Kur\u00e2n ve S\u00fcnnet mevcut ol\u00acdu\u011funa g\u00f6re, yanl\u0131\u015f anlamalar ve uygulamalar bu iki kayna\u011fa g\u00f6re g\u00f6zden ge\u00e7irilmelidir.Bu m\u00fctevaz\u0131 \u00e7al\u0131\u015fma, kendi ekseninde b\u00f6yle bir amaca hizmet etmeyi hedefle\u00acmektedir.<\/p>\n","protected":false},"excerpt":{"rendered":"<p>\u0130nsano\u011flunun i\u00e7inde do\u011fdu\u011fu, b\u00fcy\u00fcd\u00fc\u011f\u00fc ve hayata kat\u0131ld\u0131\u011f\u0131 en k\u00fc\u00e7\u00fck sosyal \u00fcnite olan aile, ayn\u0131 zamanda bir ahl\u00e2k\u00ee ve hukuk\u00ee yap\u0131d\u0131r da.Temel \u00e7er\u00e7evesini Kur\u00b4\u00e2n\u00b4\u0131n \u00e7izip ayr\u0131nt\u0131lar\u0131n\u0131 Hz.<span class=\"excerpt-hellip\"> [\u2026]<\/span><\/p>\n","protected":false},"featured_media":0,"template":"","meta":{"_monsterinsights_skip_tracking":false,"_monsterinsights_sitenote_active":false,"_monsterinsights_sitenote_note":"","_monsterinsights_sitenote_category":0},"product_brand":[],"product_cat":[16789,12718,12719],"product_tag":[],"class_list":{"0":"post-783888","1":"product","2":"type-product","3":"status-publish","5":"product_cat-diger-islam","6":"product_cat-din","7":"product_cat-islam","8":"pa_cilt-ciltsiz","9":"pa_tur-kitap","10":"pa_yayinevi-marmara-universitesi-ilahiyat-fakultesi-vakfi","11":"pa_yazar-ahmet-yaman","13":"first","14":"instock","15":"sale","16":"shipping-taxable","17":"purchasable","18":"product-type-simple"},"_links":{"self":[{"href":"https:\/\/roveyayinevi.com.tr\/index.php\/wp-json\/wp\/v2\/product\/783888","targetHints":{"allow":["GET"]}}],"collection":[{"href":"https:\/\/roveyayinevi.com.tr\/index.php\/wp-json\/wp\/v2\/product"}],"about":[{"href":"https:\/\/roveyayinevi.com.tr\/index.php\/wp-json\/wp\/v2\/types\/product"}],"wp:attachment":[{"href":"https:\/\/roveyayinevi.com.tr\/index.php\/wp-json\/wp\/v2\/media?parent=783888"}],"wp:term":[{"taxonomy":"product_brand","embeddable":true,"href":"https:\/\/roveyayinevi.com.tr\/index.php\/wp-json\/wp\/v2\/product_brand?post=783888"},{"taxonomy":"product_cat","embeddable":true,"href":"https:\/\/roveyayinevi.com.tr\/index.php\/wp-json\/wp\/v2\/product_cat?post=783888"},{"taxonomy":"product_tag","embeddable":true,"href":"https:\/\/roveyayinevi.com.tr\/index.php\/wp-json\/wp\/v2\/product_tag?post=783888"}],"curies":[{"name":"wp","href":"https:\/\/api.w.org\/{rel}","templated":true}]}}