{"id":783887,"date":"2026-02-26T23:45:14","date_gmt":"2026-02-26T20:45:14","guid":{"rendered":"https:\/\/roveyayinevi.com.tr\/index.php\/urun\/imam-i-azamin-bes-eseri\/"},"modified":"2026-04-15T03:46:48","modified_gmt":"2026-04-15T00:46:48","slug":"imam-i-azamin-bes-eseri","status":"publish","type":"product","link":"https:\/\/roveyayinevi.com.tr\/index.php\/urun\/imam-i-azamin-bes-eseri\/","title":{"rendered":"\u0130mam-\u0131 Azam\u0131n Be\u015f Eseri"},"content":{"rendered":"<p>Ebu Hanit&#8217;e \u0130slam f\u0131kh\u0131nda kendisine kadar devam eden rey ekol\u00fc&#8217;n\u00fcn asr\u0131ndaki en m\u00fchim simas\u0131d\u0131r bizzat kendisinin ifadesine g\u00f6re bir mesele hakk\u0131nda Hz. Peygamber&#8217;den gelenleri mutlaka kabul eder Sahabeden gelenleri se\u00e7er birini di\u011ferine tercih eder fakat hepsini terketmezdi. Bundan ba\u015fka tabiilerin i\u00e7tihad\u0131na gelince kendisini onlara uyma durumunda g\u00f6rmezdi. Onlar\u0131n ictihad etti\u011fi gibi kendisinin de ictihad edece\u011fini ifade ederdi. Onun i\u00e7tihad\u0131nda s\u0131ras\u0131yla uydu\u011fu esaslar kitap s\u00fcnnet sahabe s\u00f6zleri k\u0131yas istihsan icma ve \u00f6rft\u00fcr. Ebu Hanife Ehli S\u00fcnnet in itikadi g\u00f6r\u00fc\u015flerinin ortaya \u00e7\u0131kmas\u0131nda b\u00fcy\u00fck rol\u00fc olan bir alimdir. \u0130tikadi konularda bilhassa soru cevap tarz\u0131nda zaman\u0131m\u0131za kadar intikal eden eserleri Maturidi Kelam ekol\u00fc&#8217;n\u00fcn temellerini te\u015fkil etmi\u015ftir. Bu eserler ehli s\u00fcnnet inanc\u0131n\u0131n temellerini \u00f6zl\u00fc ve mant\u0131kl\u0131 bir \u015fekilde \u00f6n\u00fcm\u00fcze sermektedir. Kitaplar\u0131nda g\u00f6r\u00fclece\u011fi \u00fczere bir\u00e7ok f\u0131rkalar\u0131n mutaass\u0131p g\u00f6r\u00fc\u015f ve kanaatlerine kar\u015f\u0131 \u0130slam\u0131n m\u00fcsamahas\u0131n\u0131 savunmu\u015ftur.<\/p>\n","protected":false},"excerpt":{"rendered":"<p>Ebu Hanit&#8217;e \u0130slam f\u0131kh\u0131nda kendisine kadar devam eden rey ekol\u00fc&#8217;n\u00fcn asr\u0131ndaki en m\u00fchim simas\u0131d\u0131r bizzat kendisinin ifadesine g\u00f6re bir mesele hakk\u0131nda Hz. Peygamber&#8217;den gelenleri mutlaka kabul<span class=\"excerpt-hellip\"> [\u2026]<\/span><\/p>\n","protected":false},"featured_media":0,"template":"","meta":{"_monsterinsights_skip_tracking":false,"_monsterinsights_sitenote_active":false,"_monsterinsights_sitenote_note":"","_monsterinsights_sitenote_category":0},"product_brand":[],"product_cat":[16789,12718,12719],"product_tag":[],"class_list":{"0":"post-783887","1":"product","2":"type-product","3":"status-publish","5":"product_cat-diger-islam","6":"product_cat-din","7":"product_cat-islam","8":"pa_cilt-ciltsiz","9":"pa_tur-kitap","10":"pa_yayinevi-marmara-universitesi-ilahiyat-fakultesi-vakfi","11":"pa_yazar-mustafa-oz","13":"first","14":"instock","15":"sale","16":"shipping-taxable","17":"purchasable","18":"product-type-simple"},"_links":{"self":[{"href":"https:\/\/roveyayinevi.com.tr\/index.php\/wp-json\/wp\/v2\/product\/783887","targetHints":{"allow":["GET"]}}],"collection":[{"href":"https:\/\/roveyayinevi.com.tr\/index.php\/wp-json\/wp\/v2\/product"}],"about":[{"href":"https:\/\/roveyayinevi.com.tr\/index.php\/wp-json\/wp\/v2\/types\/product"}],"wp:attachment":[{"href":"https:\/\/roveyayinevi.com.tr\/index.php\/wp-json\/wp\/v2\/media?parent=783887"}],"wp:term":[{"taxonomy":"product_brand","embeddable":true,"href":"https:\/\/roveyayinevi.com.tr\/index.php\/wp-json\/wp\/v2\/product_brand?post=783887"},{"taxonomy":"product_cat","embeddable":true,"href":"https:\/\/roveyayinevi.com.tr\/index.php\/wp-json\/wp\/v2\/product_cat?post=783887"},{"taxonomy":"product_tag","embeddable":true,"href":"https:\/\/roveyayinevi.com.tr\/index.php\/wp-json\/wp\/v2\/product_tag?post=783887"}],"curies":[{"name":"wp","href":"https:\/\/api.w.org\/{rel}","templated":true}]}}