{"id":783884,"date":"2026-02-26T23:45:07","date_gmt":"2026-02-26T20:45:07","guid":{"rendered":"https:\/\/roveyayinevi.com.tr\/index.php\/urun\/yorumsuz\/"},"modified":"2026-04-15T03:46:48","modified_gmt":"2026-04-15T00:46:48","slug":"yorumsuz","status":"publish","type":"product","link":"https:\/\/roveyayinevi.com.tr\/index.php\/urun\/yorumsuz\/","title":{"rendered":"Yorumsuz"},"content":{"rendered":"<p>Var olmak, de\u011fi\u015fmek; de\u011fi\u015fmek, olgunla\u015fmak; olgunla\u015fmak, kendini s\u00fcrgit yenilemek demektir. \u0130ster Sultan Abd\u00fclhamid\u2019in zaman\u0131 olsun, Cumhuriyet devrinin ilk y\u0131llar\u0131, ister \u0130n\u00f6n\u00fc\u2019n\u00fcn, ister Menderes\u2019in, zamanlardan herhangi birini se\u00e7ip, ilanihaye s\u00fcrd\u00fcrmeye kalk\u0131\u015fman\u0131n abesle i\u015ftigalin ta kendisi oldu\u011funu da bizden iyi bilen olmas\u0131n. Mahallenin simgeledi\u011fi asude zamanlar\u0131n hasletlerinin, f\u0131rt\u0131nal\u0131 bir \u015fimdiyi g\u00f6\u011f\u00fcslemeye yetmeyece\u011fini; sorular y\u0131\u011f\u0131ld\u0131k\u00e7a yeni \u015feyler d\u00fc\u015f\u00fcnmek, yeni bir \u015feyler yapmak zorunlulu\u011funu, bizden iyi bilen olmas\u0131n. So\u011fuk d\u00fcnyada hi\u00e7bir \u015feyi de\u011fi\u015ftirmemenin her \u015feyi muhafaza etmeyi garantilemedi\u011fini bizden iyi bilen olmas\u0131n. Muhafaza etti\u011fimizi sand\u0131\u011f\u0131m\u0131z\u0131n g\u0131yab\u0131m\u0131zda de\u011fi\u015fiverdi\u011fini, hatta de\u011fi\u015fim sellerinin alt\u0131nda kalabildi\u011fini, bizden iyi bilen olmas\u0131n. Bu y\u00fczden kendimize g\u00fcvenmekten ba\u015fka \u00e7aremiz yoktur. Medeniyetimizin ve milletimizin dert orta\u011f\u0131 Alev Alatl\u0131 Yorumsuz kitab\u0131nda hep beraber kurtulabilmek i\u00e7in bize nelerin gerekli oldu\u011funu tekrar tekrar hat\u0131rlat\u0131yor. \u00dclkemizin ve d\u00fcnyan\u0131n h\u00e2lleri \u00fczerine d\u00fc\u015f\u00fcncelerini payla\u015f\u0131yor okurlar\u0131yla. Dinlerin dirili\u015fi, laiklik, Amerika, Avrupa ve Rusya \u00fczerine\u2026 Siyaset, entelekt\u00fceller, \u2018mahalle bask\u0131s\u0131\u2019 anayasa, nefret su\u00e7lar\u0131, dinin i\u00e7inin bo\u015falt\u0131lmas\u0131 \u00fczerine. Kendilerini bilenler i\u00e7in m\u00fc\u015fterek ge\u00e7mi\u015fimizin inceliklerinin rikkat verici bir manzaras\u0131n\u0131 \u00e7izerek \u00f6zg\u00fcvenli bi\u00e7imde gen\u00e7lerimizi ger\u00e7eklerle donatmam\u0131z gerekti\u011fini vurguluyor. Hak, namus, do\u011fruluk, ahlak, haysiyet, onur gibi bireylerin keyfine b\u0131rak\u0131lamayacak mutlak do\u011frular\u0131n alt\u0131n\u0131 \u00e7izerek. Cesaretle kaleme al\u0131nan Yorumsuz; d\u00fcnyan\u0131n deveranlar\u0131, akt\u00fcel geli\u015fmelerin harareti \u00fczerinden, \u015fimdi tek umudumuzun cesaretimiz, tek g\u00fcvencemizin murad\u0131m\u0131z oldu\u011funu ortaya koyuyor.<\/p>\n","protected":false},"excerpt":{"rendered":"<p>Var olmak, de\u011fi\u015fmek; de\u011fi\u015fmek, olgunla\u015fmak; olgunla\u015fmak, kendini s\u00fcrgit yenilemek demektir. \u0130ster Sultan Abd\u00fclhamid\u2019in zaman\u0131 olsun, Cumhuriyet devrinin ilk y\u0131llar\u0131, ister \u0130n\u00f6n\u00fc\u2019n\u00fcn, ister Menderes\u2019in, zamanlardan herhangi birini<span class=\"excerpt-hellip\"> [\u2026]<\/span><\/p>\n","protected":false},"featured_media":0,"template":"","meta":{"_monsterinsights_skip_tracking":false,"_monsterinsights_sitenote_active":false,"_monsterinsights_sitenote_note":"","_monsterinsights_sitenote_category":0},"product_brand":[],"product_cat":[12364,12376],"product_tag":[],"class_list":{"0":"post-783884","1":"product","2":"type-product","3":"status-publish","5":"product_cat-genel-konular","6":"product_cat-kisisel-gelisim","7":"pa_cilt-ciltsiz","8":"pa_tur-kitap","9":"pa_yayinevi-pinar-yayinlari","10":"pa_yazar-alev-alatli","12":"first","13":"instock","14":"sale","15":"shipping-taxable","16":"purchasable","17":"product-type-simple"},"_links":{"self":[{"href":"https:\/\/roveyayinevi.com.tr\/index.php\/wp-json\/wp\/v2\/product\/783884","targetHints":{"allow":["GET"]}}],"collection":[{"href":"https:\/\/roveyayinevi.com.tr\/index.php\/wp-json\/wp\/v2\/product"}],"about":[{"href":"https:\/\/roveyayinevi.com.tr\/index.php\/wp-json\/wp\/v2\/types\/product"}],"wp:attachment":[{"href":"https:\/\/roveyayinevi.com.tr\/index.php\/wp-json\/wp\/v2\/media?parent=783884"}],"wp:term":[{"taxonomy":"product_brand","embeddable":true,"href":"https:\/\/roveyayinevi.com.tr\/index.php\/wp-json\/wp\/v2\/product_brand?post=783884"},{"taxonomy":"product_cat","embeddable":true,"href":"https:\/\/roveyayinevi.com.tr\/index.php\/wp-json\/wp\/v2\/product_cat?post=783884"},{"taxonomy":"product_tag","embeddable":true,"href":"https:\/\/roveyayinevi.com.tr\/index.php\/wp-json\/wp\/v2\/product_tag?post=783884"}],"curies":[{"name":"wp","href":"https:\/\/api.w.org\/{rel}","templated":true}]}}