{"id":783883,"date":"2026-02-26T23:45:04","date_gmt":"2026-02-26T20:45:04","guid":{"rendered":"https:\/\/roveyayinevi.com.tr\/index.php\/urun\/hatirla-gecmisin-gelecegindir\/"},"modified":"2026-04-15T03:46:48","modified_gmt":"2026-04-15T00:46:48","slug":"hatirla-gecmisin-gelecegindir","status":"publish","type":"product","link":"https:\/\/roveyayinevi.com.tr\/index.php\/urun\/hatirla-gecmisin-gelecegindir\/","title":{"rendered":"\u2018Hat\u0131rla!\u2019 Ge\u00e7mi\u015fin Gelece\u011findir"},"content":{"rendered":"<p>\u0130nsan, unuttu\u011funu da unutuyor ya\u015fad\u0131\u011f\u0131m\u0131z y\u00fczy\u0131lda. Hayat ve anlam muhasebesi yapan Alev Alatl\u0131, bu y\u00fczden y\u00fcksek sesle ve inatla hat\u0131rlatt\u0131 bize yaz\u0131lar\u0131nda, ge\u00e7mi\u015fin gelece\u011fimizi \u00e7epe\u00e7evre ku\u015fatt\u0131\u011f\u0131n\u0131\u2026 Tarih yazan bir millet iken, tarih okumay\u0131 bile unutan bir kuru kalabal\u0131\u011fa d\u00f6n\u00fc\u015ft\u00fc\u011f\u00fcm\u00fcz\u00fc, yazd\u0131klar\u0131nda sergiledi sat\u0131r sat\u0131r, harf harf. G\u00fcn\u00fcbirlik gibi g\u00f6r\u00fcnen olaylar\u0131n arka plan\u0131ndaki ge\u00e7mi\u015f zaman hesapla\u015fmalar\u0131n\u0131 sezdirdi. Bir bilin\u00e7lendirme \u00e7abas\u0131 i\u00e7inde do\u011frular\u0131 ve hassasiyetleri g\u00f6z ard\u0131 etmeden yorumlad\u0131 olup bitenleri\u2026 Medyadan laf cambazl\u0131klar\u0131yla yay\u0131lan temelsiz ahk\u00e2m\u0131n fark\u0131nda olarak yaz\u0131lanlar\u0131 b\u0131kmadan, y\u0131lmadan ve usanmadan sorgulad\u0131. D\u00fc\u015f\u00fcnce ve siyaset alan\u0131nda muhtelif k\u00f6\u015fe ba\u015flar\u0131nda \u00fcretilen t\u00fcrl\u00fc \u201cad hominem\u201d safsatalar\u0131n ipli\u011fini pazara \u00e7\u0131kard\u0131. Onun i\u00e7in Alev Alatl\u0131\u2019n\u0131n \u2018Hat\u0131rla!\u2019 Ge\u00e7mi\u015fin Gelece\u011findir kitab\u0131 okunduk\u00e7a \u201cge\u00e7mi\u015f-gelecek\u201d kelimelerinin aras\u0131nda duran, ince yatay \u00e7izgi gibi belirginle\u015ftiriyor kendini al\u0131c\u0131lar\u0131na. Eser hem ge\u00e7mi\u015f y\u00fczy\u0131l i\u00e7inden bug\u00fcne ta\u015f\u0131nan \u015fa\u015f\u0131rt\u0131c\u0131 foto\u011fraflar\u0131, hem de g\u00fcn\u00fcbirlik olana d\u00fc\u015fmeden yap\u0131lan yorumlar\u0131n, gelece\u011fe d\u00f6n\u00fck k\u0131lavuzlu\u011funu bir araya getiriyor. S\u00f6m\u00fcrgecilerin Osmanl\u0131 topraklar\u0131n\u0131 par\u00e7alamalar\u0131ndan Siyonizm\u2019e, d\u00fcnya d\u00fczeni tart\u0131\u015fmalar\u0131ndan Avrupa\u2019ya, siyasetin yap\u0131la\u015fmas\u0131ndan melalin h\u00fck\u00fcms\u00fcz k\u0131l\u0131nmas\u0131na, kent mimarisinden \u00fcniversiteye, malumat silahlar\u0131ndan milliyet\u00e7ili\u011fe, ithamlardan imajlara, nepotizmden feminizme, T\u00fcrk\u00e7eden ayd\u0131nlar\u0131n d\u00fcnyas\u0131na pek \u00e7ok mesele \u00e7\u00f6z\u00fcmleniyor. K\u0131lavuzlu\u011funu, okurlar\u0131yla tan\u0131\u015f\u0131kl\u0131\u011f\u0131 ve yaz\u0131n\u0131n imk\u00e2nlar\u0131 \u00f6l\u00e7\u00fcs\u00fcnde ustaca kullanan Alev Alatl\u0131\u2019n\u0131n eni sonu s\u00f6ylemekten asla vazge\u00e7medi\u011fi \u015fey ise daima \u2018Hat\u0131rla!\u2019 Ge\u00e7mi\u015fin Gelece\u011findir oluyor.<\/p>\n","protected":false},"excerpt":{"rendered":"<p>\u0130nsan, unuttu\u011funu da unutuyor ya\u015fad\u0131\u011f\u0131m\u0131z y\u00fczy\u0131lda. Hayat ve anlam muhasebesi yapan Alev Alatl\u0131, bu y\u00fczden y\u00fcksek sesle ve inatla hat\u0131rlatt\u0131 bize yaz\u0131lar\u0131nda, ge\u00e7mi\u015fin gelece\u011fimizi \u00e7epe\u00e7evre ku\u015fatt\u0131\u011f\u0131n\u0131\u2026<span class=\"excerpt-hellip\"> [\u2026]<\/span><\/p>\n","protected":false},"featured_media":0,"template":"","meta":{"_monsterinsights_skip_tracking":false,"_monsterinsights_sitenote_active":false,"_monsterinsights_sitenote_note":"","_monsterinsights_sitenote_category":0},"product_brand":[],"product_cat":[12364,12376],"product_tag":[],"class_list":{"0":"post-783883","1":"product","2":"type-product","3":"status-publish","5":"product_cat-genel-konular","6":"product_cat-kisisel-gelisim","7":"pa_cilt-ciltsiz","8":"pa_tur-kitap","9":"pa_yayinevi-pinar-yayinlari","10":"pa_yazar-alev-alatli","12":"first","13":"instock","14":"sale","15":"shipping-taxable","16":"purchasable","17":"product-type-simple"},"_links":{"self":[{"href":"https:\/\/roveyayinevi.com.tr\/index.php\/wp-json\/wp\/v2\/product\/783883","targetHints":{"allow":["GET"]}}],"collection":[{"href":"https:\/\/roveyayinevi.com.tr\/index.php\/wp-json\/wp\/v2\/product"}],"about":[{"href":"https:\/\/roveyayinevi.com.tr\/index.php\/wp-json\/wp\/v2\/types\/product"}],"wp:attachment":[{"href":"https:\/\/roveyayinevi.com.tr\/index.php\/wp-json\/wp\/v2\/media?parent=783883"}],"wp:term":[{"taxonomy":"product_brand","embeddable":true,"href":"https:\/\/roveyayinevi.com.tr\/index.php\/wp-json\/wp\/v2\/product_brand?post=783883"},{"taxonomy":"product_cat","embeddable":true,"href":"https:\/\/roveyayinevi.com.tr\/index.php\/wp-json\/wp\/v2\/product_cat?post=783883"},{"taxonomy":"product_tag","embeddable":true,"href":"https:\/\/roveyayinevi.com.tr\/index.php\/wp-json\/wp\/v2\/product_tag?post=783883"}],"curies":[{"name":"wp","href":"https:\/\/api.w.org\/{rel}","templated":true}]}}