{"id":783881,"date":"2026-02-26T23:44:58","date_gmt":"2026-02-26T20:44:58","guid":{"rendered":"https:\/\/roveyayinevi.com.tr\/index.php\/urun\/modern-cokusinsanin-modern-halleri\/"},"modified":"2026-04-15T03:46:48","modified_gmt":"2026-04-15T00:46:48","slug":"modern-cokusinsanin-modern-halleri","status":"publish","type":"product","link":"https:\/\/roveyayinevi.com.tr\/index.php\/urun\/modern-cokusinsanin-modern-halleri\/","title":{"rendered":"Modern \u00c7\u00f6k\u00fc\u015f;\u0130nsan\u0131n Modern Halleri"},"content":{"rendered":"<p>\u00c7ok zengindiler. G\u00fc\u00e7l\u00fcyd\u00fcler. Bilgide \u00e7ok ileriydiler; bilim ve teknolojide m\u00fcthi\u015ftiler. Di\u011fer insanlarla kar\u015f\u0131la\u015ft\u0131rd\u0131klar\u0131nda kendilerini \u00e7ok farkl\u0131 ve de\u011ferli buluyorlard\u0131. \u015e\u0131mard\u0131lar; hak-hukuk tan\u0131maz oldular. Durumun fark\u0131nda olan birisi, gidi\u015fat\u0131n yanl\u0131\u015fl\u0131\u011f\u0131 konusunda kendilerini uyard\u0131: Yapmay\u0131n. Akl\u0131n\u0131z\u0131 ba\u015f\u0131n\u0131za al\u0131n. Durumunuzu d\u00fczeltin dedi. Ama s\u00f6z dinlemediler. \u00dcstelik uyaran\u0131 yan\u0131lmakla, ak\u0131ls\u0131zl\u0131kla su\u00e7lay\u0131p; hak, hukuk, adalet, ahlak gibi \u015feylerin modas\u0131 ge\u00e7mi\u015f sa\u00e7mal\u0131klar oldu\u011funu savundular. Uyar\u0131c\u0131, Gidi\u015fat\u0131n\u0131z k\u00f6t\u00fc, d\u00fc\u015f\u00fcnceleriniz yanl\u0131\u015f; kendinizi mahvedeceksiniz. Felaketin bulutlar\u0131 \u00fczerinizde dola\u015f\u0131yor ama g\u00f6rm\u00fcyorsunuz, g\u00f6rmek istemiyorsunuz. Felaket gelince hi\u00e7 oldu\u011funuzu anlayacaks\u0131n\u0131z; o zaman biliminiz, zenginli\u011finiz, g\u00fcc\u00fcn\u00fcz, imk\u00e2nlar\u0131n\u0131z hi\u00e7bir i\u015fe yaramayacak dediyse de ald\u0131rmad\u0131lar. Sa\u00e7malama, bize kim ne yapabilir. G\u00fcc\u00fcm\u00fcz kar\u015f\u0131s\u0131nda kim durabilir? \u00dcstelik biz yanl\u0131\u015f i\u015f yapm\u0131yoruz; bunlar\u0131 elde etmek i\u00e7in nice emekler sarf ettik dediler. Ve bir g\u00fcn ufku bulutlar sard\u0131. G\u00fcld\u00fcler. Uyar\u0131c\u0131ya g\u00fcl\u00fcp; sen azaptan bahsediyorsun, h\u00e2lbuki bunlar rahmet dediler. Ama yan\u0131ld\u0131lar; rahmet dedikleri felaketti. Bir anda her \u015fey alt \u00fcst oldu. Sanki t\u00fcm ya\u015fananlar bir hayaldi. Kendilerinden geriye hi\u00e7bir \u015fey kalmad\u0131. Hi\u00e7 ya\u015famam\u0131\u015f gibi oldular.<\/p>\n","protected":false},"excerpt":{"rendered":"<p>\u00c7ok zengindiler. G\u00fc\u00e7l\u00fcyd\u00fcler. Bilgide \u00e7ok ileriydiler; bilim ve teknolojide m\u00fcthi\u015ftiler. Di\u011fer insanlarla kar\u015f\u0131la\u015ft\u0131rd\u0131klar\u0131nda kendilerini \u00e7ok farkl\u0131 ve de\u011ferli buluyorlard\u0131. \u015e\u0131mard\u0131lar; hak-hukuk tan\u0131maz oldular. Durumun fark\u0131nda olan<span class=\"excerpt-hellip\"> [\u2026]<\/span><\/p>\n","protected":false},"featured_media":0,"template":"","meta":{"_monsterinsights_skip_tracking":false,"_monsterinsights_sitenote_active":false,"_monsterinsights_sitenote_note":"","_monsterinsights_sitenote_category":0},"product_brand":[],"product_cat":[12291,12711],"product_tag":[],"class_list":{"0":"post-783881","1":"product","2":"type-product","3":"status-publish","5":"product_cat-edebiyat","6":"product_cat-roman-oyku","7":"pa_cilt-ciltsiz","8":"pa_tur-kitap","9":"pa_yayinevi-pinar-yayinlari","10":"pa_yazar-celalettin-vatandas","12":"first","13":"instock","14":"sale","15":"shipping-taxable","16":"purchasable","17":"product-type-simple"},"_links":{"self":[{"href":"https:\/\/roveyayinevi.com.tr\/index.php\/wp-json\/wp\/v2\/product\/783881","targetHints":{"allow":["GET"]}}],"collection":[{"href":"https:\/\/roveyayinevi.com.tr\/index.php\/wp-json\/wp\/v2\/product"}],"about":[{"href":"https:\/\/roveyayinevi.com.tr\/index.php\/wp-json\/wp\/v2\/types\/product"}],"wp:attachment":[{"href":"https:\/\/roveyayinevi.com.tr\/index.php\/wp-json\/wp\/v2\/media?parent=783881"}],"wp:term":[{"taxonomy":"product_brand","embeddable":true,"href":"https:\/\/roveyayinevi.com.tr\/index.php\/wp-json\/wp\/v2\/product_brand?post=783881"},{"taxonomy":"product_cat","embeddable":true,"href":"https:\/\/roveyayinevi.com.tr\/index.php\/wp-json\/wp\/v2\/product_cat?post=783881"},{"taxonomy":"product_tag","embeddable":true,"href":"https:\/\/roveyayinevi.com.tr\/index.php\/wp-json\/wp\/v2\/product_tag?post=783881"}],"curies":[{"name":"wp","href":"https:\/\/api.w.org\/{rel}","templated":true}]}}