{"id":783880,"date":"2026-02-26T23:44:55","date_gmt":"2026-02-26T20:44:55","guid":{"rendered":"https:\/\/roveyayinevi.com.tr\/index.php\/urun\/travma-duzeniinsanin-ailenin-ve-toplumun-donusumu\/"},"modified":"2026-04-15T03:46:48","modified_gmt":"2026-04-15T00:46:48","slug":"travma-duzeniinsanin-ailenin-ve-toplumun-donusumu","status":"publish","type":"product","link":"https:\/\/roveyayinevi.com.tr\/index.php\/urun\/travma-duzeniinsanin-ailenin-ve-toplumun-donusumu\/","title":{"rendered":"Travma D\u00fczeni;\u0130nsan\u0131n, Ailenin ve Toplumun D\u00f6n\u00fc\u015f\u00fcm\u00fc"},"content":{"rendered":"<p>\u0130nsan\u0131n kendisiyle ve \u00e7evresiyle ili\u015fkisinin d\u00f6n\u00fc\u015f\u00fcm\u00fc ve buna yol a\u00e7an dinamikleri anlama \u00e7abas\u0131na giri\u015fildi\u011finde Kopernik devriminin bu d\u00f6n\u00fc\u015f\u00fcm\u00fcn haz\u0131rlanmas\u0131nda \u00f6nc\u00fc bir rol\u00fc oldu\u011fu s\u00f6ylenebilir. \u015e\u00fcphesiz 20. y\u00fczy\u0131l\u0131n ikinci yar\u0131s\u0131ndan itibaren bu d\u00f6n\u00fc\u015f\u00fcm\u00fcn h\u0131z\u0131 ve derinli\u011fi artm\u0131\u015ft\u0131r. \u0130\u00e7inde bulundu\u011fumuz durumu k\u00fclt\u00fcrel travma ile a\u00e7\u0131klayan M\u00fccahit G\u00fcltekin Travma D\u00fczeni \u0130nsan\u0131n, Ailenin ve Toplumun D\u00f6n\u00fc\u015f\u00fcm\u00fc adl\u0131 kitab\u0131nda b\u00fcy\u00fck oranda bu d\u00f6n\u00fc\u015f\u00fcm\u00fcn \u00f6zellikle 1950\u2019lerden sonra kar\u015f\u0131la\u015ft\u0131\u011f\u0131m\u0131z sars\u0131c\u0131 sonu\u00e7lar\u0131na odaklan\u0131yor. Zira ba\u015fta insan olmak \u00fczere hayvan, bitki ve makinenin etik ve hukuki stat\u00fcs\u00fcn\u00fc yeniden tart\u0131\u015fmaya a\u00e7an bu sonu\u00e7lar; anne-baba, kad\u0131n-erkek, \u00e7ocuk-yeti\u015fkin, canl\u0131-cans\u0131z gibi kendimizi ve \u00e7evremizi anlamak i\u00e7in kulland\u0131\u011f\u0131m\u0131z kavramsal sistemi de i\u015flemez h\u00e2le getirebilir. Varl\u0131k kategorileri ve ikili kavramsal sistemin i\u015flemez h\u00e2le gelmesi kolektif ve k\u00fclt\u00fcrel travman\u0131n en derin katman\u0131na s\u00fcr\u00fcklenmemizle sonu\u00e7lanabilir. H\u00e2lihaz\u0131rda i\u015flemekte olan travmatik s\u00fcrecin \u00f6rneklerini ve i\u015fleyi\u015fini a\u00e7\u0131klamaya \u00e7al\u0131\u015fan eser, hayvan haklar\u0131ndan toplumsal cinsiyete, biyoteknolojiden yapay zek\u00e2ya, teomorfik robotlardan ulusal mevzuatlar\u0131n nas\u0131l de\u011fi\u015ftirildi\u011fine kadar uzanan bir konu \u00e7e\u015fitlili\u011fine sahip.  Travma D\u00fczeni \u0130nsan\u0131n, Ailenin ve Toplumun D\u00f6n\u00fc\u015f\u00fcm\u00fc neredeyse her g\u00fcn teknolojideki e\u015fi benzeri g\u00f6r\u00fclmemi\u015f ilerlemeler sayesinde s\u00fcrekli daha g\u00fczel bir d\u00fcnyaya do\u011fru yol ald\u0131\u011f\u0131m\u0131z s\u00f6ylentisine g\u00fc\u00e7l\u00fc bir itiraz sunuyor.<\/p>\n","protected":false},"excerpt":{"rendered":"<p>\u0130nsan\u0131n kendisiyle ve \u00e7evresiyle ili\u015fkisinin d\u00f6n\u00fc\u015f\u00fcm\u00fc ve buna yol a\u00e7an dinamikleri anlama \u00e7abas\u0131na giri\u015fildi\u011finde Kopernik devriminin bu d\u00f6n\u00fc\u015f\u00fcm\u00fcn haz\u0131rlanmas\u0131nda \u00f6nc\u00fc bir rol\u00fc oldu\u011fu s\u00f6ylenebilir. \u015e\u00fcphesiz 20.<span class=\"excerpt-hellip\"> [\u2026]<\/span><\/p>\n","protected":false},"featured_media":0,"template":"","meta":{"_monsterinsights_skip_tracking":false,"_monsterinsights_sitenote_active":false,"_monsterinsights_sitenote_note":"","_monsterinsights_sitenote_category":0},"product_brand":[],"product_cat":[12831,12324],"product_tag":[],"class_list":{"0":"post-783880","1":"product","2":"type-product","3":"status-publish","5":"product_cat-aile-ve-cocuk","6":"product_cat-sosyoloji","7":"pa_cilt-ciltsiz","8":"pa_tur-kitap","9":"pa_yayinevi-pinar-yayinlari","10":"pa_yazar-mucahit-gultekin","12":"first","13":"instock","14":"sale","15":"shipping-taxable","16":"purchasable","17":"product-type-simple"},"_links":{"self":[{"href":"https:\/\/roveyayinevi.com.tr\/index.php\/wp-json\/wp\/v2\/product\/783880","targetHints":{"allow":["GET"]}}],"collection":[{"href":"https:\/\/roveyayinevi.com.tr\/index.php\/wp-json\/wp\/v2\/product"}],"about":[{"href":"https:\/\/roveyayinevi.com.tr\/index.php\/wp-json\/wp\/v2\/types\/product"}],"wp:attachment":[{"href":"https:\/\/roveyayinevi.com.tr\/index.php\/wp-json\/wp\/v2\/media?parent=783880"}],"wp:term":[{"taxonomy":"product_brand","embeddable":true,"href":"https:\/\/roveyayinevi.com.tr\/index.php\/wp-json\/wp\/v2\/product_brand?post=783880"},{"taxonomy":"product_cat","embeddable":true,"href":"https:\/\/roveyayinevi.com.tr\/index.php\/wp-json\/wp\/v2\/product_cat?post=783880"},{"taxonomy":"product_tag","embeddable":true,"href":"https:\/\/roveyayinevi.com.tr\/index.php\/wp-json\/wp\/v2\/product_tag?post=783880"}],"curies":[{"name":"wp","href":"https:\/\/api.w.org\/{rel}","templated":true}]}}