{"id":783878,"date":"2026-02-26T23:44:49","date_gmt":"2026-02-26T20:44:49","guid":{"rendered":"https:\/\/roveyayinevi.com.tr\/index.php\/urun\/turkiyenin-sosyal-tarihi-umut-ve-trajedikadimden-cedide\/"},"modified":"2026-04-15T03:46:48","modified_gmt":"2026-04-15T00:46:48","slug":"turkiyenin-sosyal-tarihi-umut-ve-trajedikadimden-cedide","status":"publish","type":"product","link":"https:\/\/roveyayinevi.com.tr\/index.php\/urun\/turkiyenin-sosyal-tarihi-umut-ve-trajedikadimden-cedide\/","title":{"rendered":"T\u00fcrkiye\u2019nin Sosyal Tarihi Umut ve Trajedi;Kadimden Cedide"},"content":{"rendered":"<p>Osmanl\u0131\u2019dan Cumhuriyet T\u00fcrkiye\u2019sine uzanan s\u00fcre\u00e7 Bat\u0131l\u0131la\u015fma veya modernle\u015fme d\u00f6nemi \u015feklinde adland\u0131r\u0131l\u0131r. \u00dc\u00e7 y\u00fcz y\u0131l \u00f6nce ba\u015flayan bu s\u00fcre\u00e7, \u201cT\u00fcrkiye\u2019nin Sosyal Tarihi\u201d adl\u0131 bir dizi kitapta mercek alt\u0131na alarak \u00e7ok y\u00f6nl\u00fc bir a\u00e7\u0131dan ele al\u0131n\u0131yor. Uzun y\u0131llara dayanan ara\u015ft\u0131rmalar\u0131n \u00fcr\u00fcn\u00fc bu kitaplarda, s\u00f6z konusu s\u00fcre\u00e7te in\u015fa edilen ve zamanla egemen hale gelen zihniyet, g\u00f6r\u00fcn\u00fcm ve hayat tarzlar\u0131na ili\u015fkin g\u00f6r\u00fc\u015fler, teklifler, uygulamalar ve durumlar kapsaml\u0131 bir \u015fekilde \u00e7\u00f6z\u00fcmleniyor. Celalettin Vatanda\u015f, \u201cT\u00fcrkiye\u2019nin Sosyal Tarihi\u201d adl\u0131 dizinin ikinci halkas\u0131n\u0131 olu\u015fturan ve kadimden cedide \u015feklinde \u00f6zetlenebilecek d\u00f6n\u00fc\u015f\u00fcm s\u00fcrecini konu edinen Umut ve Trajedi adl\u0131 kitab\u0131nda, Osmanl\u0131 d\u00f6nemi Bat\u0131l\u0131la\u015fmas\u0131n\u0131 inceliyor. Asker\u00ee yap\u0131daki problemlerden kurtulmak i\u00e7in y\u00fcr\u00fct\u00fclen Bat\u0131l\u0131la\u015fma \u00e7abalar\u0131n\u0131n temelindeki umudun, Avrupa\u2019ya y\u00f6neli\u015fin kapsam\u0131n\u0131n b\u00fcy\u00fcmesine ba\u011fl\u0131 olarak 19. Y\u00fczy\u0131l\u0131n sonu itibar\u0131yla trajediye d\u00f6n\u00fc\u015fmesi eserin eksenini olu\u015fturmaktad\u0131r. \u201cKadim\u201d olan her \u015feyin a\u015fama a\u015fama terkedildi\u011fi, buna ba\u011fl\u0131 olarak \u201ccedit\u201d olan her \u015feyin b\u00fcy\u00fck bir be\u011feniyle kabul edildi\u011fi ilgili d\u00f6nemde, umutlar\u0131n trajediye d\u00f6n\u00fc\u015f\u00fcm\u00fc detayl\u0131 bir \u015fekilde anlat\u0131l\u0131yor. \u00c7al\u0131\u015fma bu y\u00f6n\u00fcyle Osmanl\u0131n\u0131n son zamanlar\u0131nda ve erken Cumhuriyet devrinde ya\u015fananlar\u0131 anlamak a\u00e7\u0131s\u0131ndan \u00f6nemli perspektifler sunmakta.Bat\u0131l\u0131la\u015fma ser\u00fcveninin umuttan trajediye d\u00f6n\u00fc\u015f\u00fcm\u00fcn\u00fc konu edinen Umut ve Trajedi, T\u00fcrkiye\u2019nin d\u00f6n\u00fc\u015f\u00fcm s\u00fcrecinin Osmanl\u0131 d\u00f6nemini, o y\u0131llara ait belgeler, hat\u0131ratlar, dergiler, gazeteler ve edebiyat eserleri \u00fczerinden kapsaml\u0131 bir \u015fekilde inceleyerek ortaya koyuyor.<\/p>\n","protected":false},"excerpt":{"rendered":"<p>Osmanl\u0131\u2019dan Cumhuriyet T\u00fcrkiye\u2019sine uzanan s\u00fcre\u00e7 Bat\u0131l\u0131la\u015fma veya modernle\u015fme d\u00f6nemi \u015feklinde adland\u0131r\u0131l\u0131r. \u00dc\u00e7 y\u00fcz y\u0131l \u00f6nce ba\u015flayan bu s\u00fcre\u00e7, \u201cT\u00fcrkiye\u2019nin Sosyal Tarihi\u201d adl\u0131 bir dizi kitapta mercek<span class=\"excerpt-hellip\"> [\u2026]<\/span><\/p>\n","protected":false},"featured_media":0,"template":"","meta":{"_monsterinsights_skip_tracking":false,"_monsterinsights_sitenote_active":false,"_monsterinsights_sitenote_note":"","_monsterinsights_sitenote_category":0},"product_brand":[],"product_cat":[13517,12304],"product_tag":[],"class_list":{"0":"post-783878","1":"product","2":"type-product","3":"status-publish","5":"product_cat-osmanli-tarihi","6":"product_cat-tarih","7":"pa_cilt-ciltsiz","8":"pa_tur-kitap","9":"pa_yayinevi-pinar-yayinlari","10":"pa_yazar-celalettin-vatandas","12":"first","13":"instock","14":"sale","15":"shipping-taxable","16":"purchasable","17":"product-type-simple"},"_links":{"self":[{"href":"https:\/\/roveyayinevi.com.tr\/index.php\/wp-json\/wp\/v2\/product\/783878","targetHints":{"allow":["GET"]}}],"collection":[{"href":"https:\/\/roveyayinevi.com.tr\/index.php\/wp-json\/wp\/v2\/product"}],"about":[{"href":"https:\/\/roveyayinevi.com.tr\/index.php\/wp-json\/wp\/v2\/types\/product"}],"wp:attachment":[{"href":"https:\/\/roveyayinevi.com.tr\/index.php\/wp-json\/wp\/v2\/media?parent=783878"}],"wp:term":[{"taxonomy":"product_brand","embeddable":true,"href":"https:\/\/roveyayinevi.com.tr\/index.php\/wp-json\/wp\/v2\/product_brand?post=783878"},{"taxonomy":"product_cat","embeddable":true,"href":"https:\/\/roveyayinevi.com.tr\/index.php\/wp-json\/wp\/v2\/product_cat?post=783878"},{"taxonomy":"product_tag","embeddable":true,"href":"https:\/\/roveyayinevi.com.tr\/index.php\/wp-json\/wp\/v2\/product_tag?post=783878"}],"curies":[{"name":"wp","href":"https:\/\/api.w.org\/{rel}","templated":true}]}}