{"id":783876,"date":"2026-02-26T23:44:44","date_gmt":"2026-02-26T20:44:44","guid":{"rendered":"https:\/\/roveyayinevi.com.tr\/index.php\/urun\/hakikat-arayisigelecegi-insa-ufkunda-konusmalar\/"},"modified":"2026-04-15T03:46:48","modified_gmt":"2026-04-15T00:46:48","slug":"hakikat-arayisigelecegi-insa-ufkunda-konusmalar","status":"publish","type":"product","link":"https:\/\/roveyayinevi.com.tr\/index.php\/urun\/hakikat-arayisigelecegi-insa-ufkunda-konusmalar\/","title":{"rendered":"Hakikat Aray\u0131\u015f\u0131;Gelece\u011fi \u0130n\u015fa Ufkunda Konu\u015fmalar"},"content":{"rendered":"<p>D\u00fc\u015f\u00fcnceye yap\u0131lacak katk\u0131, hususi bir k\u00fclt\u00fcr, dil ve itikat i\u00e7indeki hakikat imk\u00e2nlar\u0131n\u0131n \u00f6zg\u00fcn bir \u015fekilde kavramsalla\u015ft\u0131r\u0131l\u0131pkuramsalla\u015ft\u0131r\u0131lmas\u0131yla m\u00fcmk\u00fcnd\u00fcr. G\u00fcn\u00fcm\u00fczde M\u00fcsl\u00fcmanlar insani d\u00fc\u015f\u00fcnsel m\u00fc\u015ftere\u011fe katk\u0131 yapmak istiyorlarsa sahip olduklar\u0131 itikat, dil ve tevar\u00fcs ettikleri bilgi i\u00e7inde sakl\u0131 kalan hakikatleri a\u00e7\u0131\u011fa \u00e7\u0131karmal\u0131 ve \u00e7a\u011f\u0131n diliyle ortaya koymal\u0131d\u0131r. B\u00fct\u00fcn kitaplar\u0131nda yeni bir gelene\u011fin in\u015fas\u0131na katk\u0131 yapmaya b\u00fcy\u00fck bir \u00f6zen g\u00f6steren Taha Abdurrahman bu d\u00fc\u015f\u00fcncesini \u0130slami edimsel alan \u015feklinde kavramsalla\u015ft\u0131rm\u0131\u015ft\u0131r. Taha Abdurrahman&#8217;\u0131n uzun ilm\u00ee hayat\u0131n\u0131n \u00f6z\u00fcn\u00fc anla\u015f\u0131l\u0131r bir \u015fekilde sunan Hakikat Aray\u0131\u015f\u0131 adl\u0131 eser, onun \u0130slami edimsel alan \u00fcst\u00fcne y\u00fcr\u00fctt\u00fc\u011f\u00fc fikr\u00ee \u00e7al\u0131\u015fmalar\u0131n\u0131n ka\u00e7\u0131n\u0131lmaz temalar\u0131ndan birinin her zaman i\u00e7in hakikat oldu\u011funu belirgin k\u0131l\u0131yor. Taha Abdurrahman&#8217;\u0131n burada okura sundu\u011fu metinler farkl\u0131 zamanlarda onunla yap\u0131lan s\u00f6yle\u015filerin muhkem bir \u015fekilde haz\u0131rlanm\u0131\u015f h\u00fclasalar\u0131ndan olu\u015fuyor. Eser gelene\u011fi okumada y\u00f6ntem, mant\u0131ktaki modern geli\u015fmeler, dil bilim teorileri, felsefi terc\u00fcmenin \u00f6nemi, Me\u015f\u015f\u00e2\u00ee \u0130slam felsefesinin ele\u015ftirisi, tasavvuf, \u0130slamc\u0131l\u0131k ve k\u00fcreselle\u015fme gibi meselelere odaklan\u0131yor. Genel hatlar\u0131yla k\u00fclt\u00fcrel alan\u0131n farkl\u0131 meselelerini anlamak isteyen herkesin ilgisini \u00e7ekecek olan kitap ayn\u0131 zamanda hadiseleri alabildi\u011fine b\u00fcy\u00fck bir tutkuyla, canl\u0131 bir merakla yakla\u015fan m\u00fcellifin d\u00fc\u015f\u00fcncesine k\u0131sa bir giri\u015f mahiyetinde. Ge\u00e7mi\u015fin tecr\u00fcbesini anla\u015f\u0131l\u0131r k\u0131lman\u0131n yan\u0131nda gelece\u011fi in\u015fay\u0131 merkezine alan Hakikat Aray\u0131\u015f\u0131, meseleleri g\u00fc\u00e7l\u00fc bir felsefi birikimle okuyan, b\u00f6ylelikle bug\u00fcne de \u0131\u015f\u0131k tutan ufuk a\u00e7\u0131c\u0131 bir \u00e7al\u0131\u015fma.<\/p>\n","protected":false},"excerpt":{"rendered":"<p>D\u00fc\u015f\u00fcnceye yap\u0131lacak katk\u0131, hususi bir k\u00fclt\u00fcr, dil ve itikat i\u00e7indeki hakikat imk\u00e2nlar\u0131n\u0131n \u00f6zg\u00fcn bir \u015fekilde kavramsalla\u015ft\u0131r\u0131l\u0131pkuramsalla\u015ft\u0131r\u0131lmas\u0131yla m\u00fcmk\u00fcnd\u00fcr. G\u00fcn\u00fcm\u00fczde M\u00fcsl\u00fcmanlar insani d\u00fc\u015f\u00fcnsel m\u00fc\u015ftere\u011fe katk\u0131 yapmak istiyorlarsa sahip<span class=\"excerpt-hellip\"> [\u2026]<\/span><\/p>\n","protected":false},"featured_media":0,"template":"","meta":{"_monsterinsights_skip_tracking":false,"_monsterinsights_sitenote_active":false,"_monsterinsights_sitenote_note":"","_monsterinsights_sitenote_category":0},"product_brand":[],"product_cat":[20351,12388],"product_tag":[],"class_list":{"0":"post-783876","1":"product","2":"type-product","3":"status-publish","5":"product_cat-dusunce","6":"product_cat-felsefe","7":"pa_cilt-ciltsiz","8":"pa_tur-kitap","9":"pa_yayinevi-pinar-yayinlari","10":"pa_yazar-taha-abdurrahman","12":"first","13":"instock","14":"sale","15":"shipping-taxable","16":"purchasable","17":"product-type-simple"},"_links":{"self":[{"href":"https:\/\/roveyayinevi.com.tr\/index.php\/wp-json\/wp\/v2\/product\/783876","targetHints":{"allow":["GET"]}}],"collection":[{"href":"https:\/\/roveyayinevi.com.tr\/index.php\/wp-json\/wp\/v2\/product"}],"about":[{"href":"https:\/\/roveyayinevi.com.tr\/index.php\/wp-json\/wp\/v2\/types\/product"}],"wp:attachment":[{"href":"https:\/\/roveyayinevi.com.tr\/index.php\/wp-json\/wp\/v2\/media?parent=783876"}],"wp:term":[{"taxonomy":"product_brand","embeddable":true,"href":"https:\/\/roveyayinevi.com.tr\/index.php\/wp-json\/wp\/v2\/product_brand?post=783876"},{"taxonomy":"product_cat","embeddable":true,"href":"https:\/\/roveyayinevi.com.tr\/index.php\/wp-json\/wp\/v2\/product_cat?post=783876"},{"taxonomy":"product_tag","embeddable":true,"href":"https:\/\/roveyayinevi.com.tr\/index.php\/wp-json\/wp\/v2\/product_tag?post=783876"}],"curies":[{"name":"wp","href":"https:\/\/api.w.org\/{rel}","templated":true}]}}