{"id":783875,"date":"2026-02-26T23:44:41","date_gmt":"2026-02-26T20:44:41","guid":{"rendered":"https:\/\/roveyayinevi.com.tr\/index.php\/urun\/kurana-gore-dort-terim-2\/"},"modified":"2026-04-15T03:46:48","modified_gmt":"2026-04-15T00:46:48","slug":"kurana-gore-dort-terim-2","status":"publish","type":"product","link":"https:\/\/roveyayinevi.com.tr\/index.php\/urun\/kurana-gore-dort-terim-2\/","title":{"rendered":"Kur&#8217;an&#8217;a G\u00f6re D\u00f6rt Terim"},"content":{"rendered":"<p>Bir\u00e7ok meselede yeni ufuklar a\u00e7an Ebu\u2019l-\u00c2l\u00e2 el-Mevdudi d\u00fc\u015f\u00fcnme ve yazma \u00fcslubuyla da dikkat \u00e7ekmi\u015ftir. Kaleme ald\u0131\u011f\u0131 b\u00fct\u00fcn eserlerinde okuyucular\u0131n\u0131 Kur\u2019an\u2019a y\u00f6nlendirmek i\u00e7in u\u011fra\u015fm\u0131\u015ft\u0131r. Eserlerindeki a\u00e7\u0131klamalar\u0131n bir k\u0131sm\u0131n\u0131 okuyucunun zihninde izah ihtiyac\u0131 duyabilece\u011fi di\u011fer k\u0131sm\u0131n\u0131 ise onlar\u0131n g\u00f6rmezden gelemeyece\u011fi yerlere koymu\u015ftur. Ebu\u2019l-\u00c2l\u00e2 el-Mevdudi\u2019nin \u201cKur\u2019an\u2019a G\u00f6re D\u00f6rt Terim\u201d isimli eseri onun bu perspektifinin g\u00f6r\u00fcld\u00fc\u011f\u00fc klasik metinlerden biridir. Kitap okuyucular\u0131n Kur\u2019an\u2019a daha b\u00fct\u00fcnc\u00fcl yakla\u015fmalar\u0131n\u0131 sa\u011flamak ve hayat alg\u0131lar\u0131n\u0131 yeniden g\u00f6zden ge\u00e7irmelerine yard\u0131mc\u0131 olmak i\u00e7in yaz\u0131lm\u0131\u015ft\u0131r. Eserinde geri\u015finde de de\u011finildi\u011fi gibi insanlar Kur\u2019an\u2019\u0131 okuduklar\u0131 halde onun mesaj\u0131ndaki b\u00fct\u00fcnl\u00fc\u011f\u00fc anlama ve onun as\u0131l maksatlar\u0131n\u0131 yakalamak bak\u0131m\u0131ndan yetersiz kalmaktad\u0131rlar. Kur\u2019an\u2019\u0131n en temel kavramlar\u0131 olan ilah, rab, ibadet ve dinden olu\u015fan d\u00f6rt terim iyice anla\u015f\u0131l\u0131p \u00f6z\u00fcmsendi\u011finde ki\u015fi hem Kur\u2019an\u2019\u0131 daha iyi anlayacak hem de hayata bak\u0131\u015f\u0131 do\u011fru bir zemine oturacakt\u0131r. Mevdudi asl\u0131nda \u00e7ok iyi bilindi\u011fi san\u0131lan ve belki de \u00fczerinde \u00e7ok fazla durulmayan d\u00f6rt terimi yeniden ele alm\u0131\u015ft\u0131r. B\u00f6ylece bir yandan d\u00f6nemindeki insanlar\u0131n ihtiya\u00e7lar\u0131n\u0131 bildi\u011fini g\u00f6stermi\u015f \u00f6te yandan da bunlar\u0131 gidermenin nas\u0131l olaca\u011f\u0131na dair g\u00f6r\u00fc\u015fler ortaya koymu\u015ftur. Kur\u2019an\u2019a kulak vererek anlaml\u0131 bir hayat s\u00fcrmenin yolunu a\u00e7an Kur\u2019an\u2019a G\u00f6re D\u00f6rt Terim bildi\u011fimizi d\u00fc\u015f\u00fcnd\u00fc\u011f\u00fcm\u00fcz terimlere \u00e7ok geni\u015f bir perspektiften nas\u0131l bak\u0131laca\u011f\u0131n\u0131 anlatan ufuk a\u00e7\u0131c\u0131 bir eser\u2026<\/p>\n","protected":false},"excerpt":{"rendered":"<p>Bir\u00e7ok meselede yeni ufuklar a\u00e7an Ebu\u2019l-\u00c2l\u00e2 el-Mevdudi d\u00fc\u015f\u00fcnme ve yazma \u00fcslubuyla da dikkat \u00e7ekmi\u015ftir. Kaleme ald\u0131\u011f\u0131 b\u00fct\u00fcn eserlerinde okuyucular\u0131n\u0131 Kur\u2019an\u2019a y\u00f6nlendirmek i\u00e7in u\u011fra\u015fm\u0131\u015ft\u0131r. Eserlerindeki a\u00e7\u0131klamalar\u0131n bir<span class=\"excerpt-hellip\"> [\u2026]<\/span><\/p>\n","protected":false},"featured_media":0,"template":"","meta":{"_monsterinsights_skip_tracking":false,"_monsterinsights_sitenote_active":false,"_monsterinsights_sitenote_note":"","_monsterinsights_sitenote_category":0},"product_brand":[],"product_cat":[12718,12719,17284],"product_tag":[],"class_list":{"0":"post-783875","1":"product","2":"type-product","3":"status-publish","5":"product_cat-din","6":"product_cat-islam","7":"product_cat-kuran-ve-kuran-uzerine","8":"pa_cilt-ciltsiz","9":"pa_tur-kitap","10":"pa_yayinevi-pinar-yayinlari","11":"pa_yazar-mevdudi","13":"first","14":"instock","15":"sale","16":"shipping-taxable","17":"purchasable","18":"product-type-simple"},"_links":{"self":[{"href":"https:\/\/roveyayinevi.com.tr\/index.php\/wp-json\/wp\/v2\/product\/783875","targetHints":{"allow":["GET"]}}],"collection":[{"href":"https:\/\/roveyayinevi.com.tr\/index.php\/wp-json\/wp\/v2\/product"}],"about":[{"href":"https:\/\/roveyayinevi.com.tr\/index.php\/wp-json\/wp\/v2\/types\/product"}],"wp:attachment":[{"href":"https:\/\/roveyayinevi.com.tr\/index.php\/wp-json\/wp\/v2\/media?parent=783875"}],"wp:term":[{"taxonomy":"product_brand","embeddable":true,"href":"https:\/\/roveyayinevi.com.tr\/index.php\/wp-json\/wp\/v2\/product_brand?post=783875"},{"taxonomy":"product_cat","embeddable":true,"href":"https:\/\/roveyayinevi.com.tr\/index.php\/wp-json\/wp\/v2\/product_cat?post=783875"},{"taxonomy":"product_tag","embeddable":true,"href":"https:\/\/roveyayinevi.com.tr\/index.php\/wp-json\/wp\/v2\/product_tag?post=783875"}],"curies":[{"name":"wp","href":"https:\/\/api.w.org\/{rel}","templated":true}]}}