{"id":783874,"date":"2026-02-26T23:44:39","date_gmt":"2026-02-26T20:44:39","guid":{"rendered":"https:\/\/roveyayinevi.com.tr\/index.php\/urun\/ahlaki-yonetimsellik-seriat-anayasa-ve-ulus-devlet\/"},"modified":"2026-04-15T03:46:48","modified_gmt":"2026-04-15T00:46:48","slug":"ahlaki-yonetimsellik-seriat-anayasa-ve-ulus-devlet","status":"publish","type":"product","link":"https:\/\/roveyayinevi.com.tr\/index.php\/urun\/ahlaki-yonetimsellik-seriat-anayasa-ve-ulus-devlet\/","title":{"rendered":"Ahlaki Y\u00f6netimsellik ;\u015eeriat, Anayasa ve Ulus Devlet"},"content":{"rendered":"<p>G\u00fcn\u00fcm\u00fczde f\u0131kha ili\u015fkin derinlikli \u00e7\u0131kar\u0131mlar ancak \u0130sl\u00e2m klasiklerinden modern sosyal bilimingenel ve \u00f6zel meselelerine yay\u0131lan geni\u015f bir bilgi da\u011farc\u0131\u011f\u0131 ile in\u015fa edilip desteklendi\u011findeyap\u0131labiliyor. Meseleleri bu derin bilgi da\u011farc\u0131\u011f\u0131 ve hassas bir ara\u015ft\u0131rmayla ele alan Wael b. Hallaq\u2019\u0131nf\u0131k\u0131h \u00e7al\u0131\u015fmalar\u0131ndaki m\u00fcstesna yeri de bununla ba\u011flant\u0131l\u0131.Wael b. Hallaq makalelerinden olu\u015fan Ahl\u00e2k\u00ee Y\u00f6netimsellik \u015eeriat, Anayasa ve Ulus Devlet kitab\u0131nda\u015feriat\u0131n Kur\u2019an\u00ee k\u00f6kenleri ve mahiyeti, moderniteyle birlikte ge\u00e7irdi\u011fi d\u00f6n\u00fc\u015f\u00fcm ve ulus devletlekar\u015f\u0131la\u015fmas\u0131 gibi \u00f6nemli meseleleri inceliyor. Farkl\u0131 disiplinlerin birikiminden yararlanan yaz\u0131lar,geni\u015f bir analitik kavram seti sunuyor. \u00c7al\u0131\u015fmada ayr\u0131ca \u015eafi\u00ee ba\u011flam\u0131nda f\u0131k\u0131h us\u00fbl\u00fcn\u00fcn te\u015fekk\u00fcl\u00fcve mahiyetine ili\u015fkin sorgulamalar\u0131 i\u00e7eren neredeyse benzersiz bir arka plana sahip iki makalesineyer veriliyor. Hukuk ve ahlak\u0131 ayr\u0131lmaz bir bi\u00e7imde ele alan m\u00fcellif, f\u0131kh\u0131n us\u00fbl ve f\u00fcr\u00fb boyutunuteknik bir ara\u015ft\u0131rman\u0131n \u00f6tesinde entelekt\u00fcel bir d\u00fczlemde de\u011ferlendirerek \u0130sl\u00e2m d\u00fc\u015f\u00fcncesine ili\u015fkin<\/p>\n","protected":false},"excerpt":{"rendered":"<p>G\u00fcn\u00fcm\u00fczde f\u0131kha ili\u015fkin derinlikli \u00e7\u0131kar\u0131mlar ancak \u0130sl\u00e2m klasiklerinden modern sosyal bilimingenel ve \u00f6zel meselelerine yay\u0131lan geni\u015f bir bilgi da\u011farc\u0131\u011f\u0131 ile in\u015fa edilip desteklendi\u011findeyap\u0131labiliyor. Meseleleri bu derin<span class=\"excerpt-hellip\"> [\u2026]<\/span><\/p>\n","protected":false},"featured_media":0,"template":"","meta":{"_monsterinsights_skip_tracking":false,"_monsterinsights_sitenote_active":false,"_monsterinsights_sitenote_note":"","_monsterinsights_sitenote_category":0},"product_brand":[],"product_cat":[13059,12337],"product_tag":[],"class_list":{"0":"post-783874","1":"product","2":"type-product","3":"status-publish","5":"product_cat-diger-politika-siyaset","6":"product_cat-politika-siyaset","7":"pa_cilt-ciltsiz","8":"pa_tur-kitap","9":"pa_yayinevi-pinar-yayinlari","10":"pa_yazar-wael-b-hallaq","12":"first","13":"instock","14":"sale","15":"shipping-taxable","16":"purchasable","17":"product-type-simple"},"_links":{"self":[{"href":"https:\/\/roveyayinevi.com.tr\/index.php\/wp-json\/wp\/v2\/product\/783874","targetHints":{"allow":["GET"]}}],"collection":[{"href":"https:\/\/roveyayinevi.com.tr\/index.php\/wp-json\/wp\/v2\/product"}],"about":[{"href":"https:\/\/roveyayinevi.com.tr\/index.php\/wp-json\/wp\/v2\/types\/product"}],"wp:attachment":[{"href":"https:\/\/roveyayinevi.com.tr\/index.php\/wp-json\/wp\/v2\/media?parent=783874"}],"wp:term":[{"taxonomy":"product_brand","embeddable":true,"href":"https:\/\/roveyayinevi.com.tr\/index.php\/wp-json\/wp\/v2\/product_brand?post=783874"},{"taxonomy":"product_cat","embeddable":true,"href":"https:\/\/roveyayinevi.com.tr\/index.php\/wp-json\/wp\/v2\/product_cat?post=783874"},{"taxonomy":"product_tag","embeddable":true,"href":"https:\/\/roveyayinevi.com.tr\/index.php\/wp-json\/wp\/v2\/product_tag?post=783874"}],"curies":[{"name":"wp","href":"https:\/\/api.w.org\/{rel}","templated":true}]}}