{"id":783871,"date":"2026-02-26T23:44:27","date_gmt":"2026-02-26T20:44:27","guid":{"rendered":"https:\/\/roveyayinevi.com.tr\/index.php\/urun\/cennete-otostop-2-hidayet-oykuleri\/"},"modified":"2026-04-15T03:46:48","modified_gmt":"2026-04-15T00:46:48","slug":"cennete-otostop-2-hidayet-oykuleri","status":"publish","type":"product","link":"https:\/\/roveyayinevi.com.tr\/index.php\/urun\/cennete-otostop-2-hidayet-oykuleri\/","title":{"rendered":"Cennete Otostop 2 ;Hidayet \u00d6yk\u00fcleri"},"content":{"rendered":"<p>Cennete Otostop\u2019un birinci kitab\u0131 \u015eam\u2019da ya\u015fad\u0131\u011f\u0131m y\u0131llarda orada tan\u0131\u015ft\u0131\u011f\u0131m m\u00fchtedilerle yapt\u0131\u011f\u0131m\u0131z uzun sohbetler sonucu ortaya \u00e7\u0131km\u0131\u015ft\u0131. Kitab\u0131n kaleme al\u0131nd\u0131\u011f\u0131 d\u00f6nemlerde veya daha sonras\u0131nda ikinci bir \u201cHidayet \u00d6yk\u00fcleri\u201d kitab\u0131 haz\u0131rlamak gibi bir niyetim yoktu. Fakat zaman i\u00e7inde Cennete Otostop\u2019un vesile oldu\u011fu g\u00fczellikleri g\u00f6r\u00fcp okurlar\u0131mdan da yo\u011fun \u015fekilde b\u00f6yle bir talep gelince yeni bir kitap i\u00e7in yola koyuldum. Cennete Otostop\u2019un birinci kitab\u0131nda merkez \u015eam \u015fehriyken ikinci kitab\u0131n\u0131 haz\u0131rlarken daha \u00e7ok \u0130stanbul\u2019da ikamet eden m\u00fchtedilerle g\u00f6r\u00fc\u015fmeler yapt\u0131m. Kitab\u0131 haz\u0131rlarken m\u00fchtedilerden dinledi\u011fim hik\u00e2yeler vas\u0131tas\u0131yla sadece \u0130slam akidesinin d\u00f6n\u00fc\u015ft\u00fcr\u00fcc\u00fc g\u00fcc\u00fcne de\u011fil; ayn\u0131 zamanda modern d\u00f6nemle birlikte yo\u011funla\u015fan anlam aray\u0131\u015f\u0131 ve huzursuzlu\u011fa Tevhid dini taraf\u0131ndan ortaya konulan \u00e7\u00f6z\u00fcm yollar\u0131na da \u015fahitlik ettim. \u00d6zellikle Kuran\u2019\u0131n kalpleri ve zihinleri yeni bir boyutla tan\u0131\u015ft\u0131ran etkili hitab\u0131, Peygamberimizin pak hayat\u0131 ve d\u00fcnyan\u0131n d\u00f6rt bir taraf\u0131ndaki \u00f6rnek M\u00fcsl\u00fcmanlar insanlar\u0131n \u0130slam\u2019a kavu\u015fmas\u0131na vesile oluyorlard\u0131. \u0130slam\u2019a kavu\u015fan insanlar\u0131n hayatlar\u0131nda iman nimeti yepyeni bir sayfa a\u00e7arken anne ve babadan M\u00fcsl\u00fcman olan bizim gibi insanlar\u0131n nerelerde yanl\u0131\u015f yapt\u0131klar\u0131n\u0131 da kendi kendime sorgulad\u0131m. T\u00fcm bu s\u00fcrecin sonunda \u015fartlar nas\u0131l olursa olsun \u0130slam\u2019\u0131n 21 as\u0131rda da t\u00fcm insanl\u0131k i\u00e7in b\u00fcy\u00fck bir umut oldu\u011funu bir kez daha fark ettim.<\/p>\n","protected":false},"excerpt":{"rendered":"<p>Cennete Otostop\u2019un birinci kitab\u0131 \u015eam\u2019da ya\u015fad\u0131\u011f\u0131m y\u0131llarda orada tan\u0131\u015ft\u0131\u011f\u0131m m\u00fchtedilerle yapt\u0131\u011f\u0131m\u0131z uzun sohbetler sonucu ortaya \u00e7\u0131km\u0131\u015ft\u0131. Kitab\u0131n kaleme al\u0131nd\u0131\u011f\u0131 d\u00f6nemlerde veya daha sonras\u0131nda ikinci bir \u201cHidayet<span class=\"excerpt-hellip\"> [\u2026]<\/span><\/p>\n","protected":false},"featured_media":0,"template":"","meta":{"_monsterinsights_skip_tracking":false,"_monsterinsights_sitenote_active":false,"_monsterinsights_sitenote_note":"","_monsterinsights_sitenote_category":0},"product_brand":[],"product_cat":[12291,18202],"product_tag":[],"class_list":{"0":"post-783871","1":"product","2":"type-product","3":"status-publish","5":"product_cat-edebiyat","6":"product_cat-hikaye","7":"pa_cilt-ciltsiz","8":"pa_tur-kitap","9":"pa_yayinevi-pinar-yayinlari","10":"pa_yazar-adem-ozkose","12":"first","13":"instock","14":"sale","15":"shipping-taxable","16":"purchasable","17":"product-type-simple"},"_links":{"self":[{"href":"https:\/\/roveyayinevi.com.tr\/index.php\/wp-json\/wp\/v2\/product\/783871","targetHints":{"allow":["GET"]}}],"collection":[{"href":"https:\/\/roveyayinevi.com.tr\/index.php\/wp-json\/wp\/v2\/product"}],"about":[{"href":"https:\/\/roveyayinevi.com.tr\/index.php\/wp-json\/wp\/v2\/types\/product"}],"wp:attachment":[{"href":"https:\/\/roveyayinevi.com.tr\/index.php\/wp-json\/wp\/v2\/media?parent=783871"}],"wp:term":[{"taxonomy":"product_brand","embeddable":true,"href":"https:\/\/roveyayinevi.com.tr\/index.php\/wp-json\/wp\/v2\/product_brand?post=783871"},{"taxonomy":"product_cat","embeddable":true,"href":"https:\/\/roveyayinevi.com.tr\/index.php\/wp-json\/wp\/v2\/product_cat?post=783871"},{"taxonomy":"product_tag","embeddable":true,"href":"https:\/\/roveyayinevi.com.tr\/index.php\/wp-json\/wp\/v2\/product_tag?post=783871"}],"curies":[{"name":"wp","href":"https:\/\/api.w.org\/{rel}","templated":true}]}}