{"id":783869,"date":"2026-02-26T23:44:18","date_gmt":"2026-02-26T20:44:18","guid":{"rendered":"https:\/\/roveyayinevi.com.tr\/index.php\/urun\/selahaddin-eyyubi-minberin-sirri\/"},"modified":"2026-04-15T03:46:48","modified_gmt":"2026-04-15T00:46:48","slug":"selahaddin-eyyubi-minberin-sirri","status":"publish","type":"product","link":"https:\/\/roveyayinevi.com.tr\/index.php\/urun\/selahaddin-eyyubi-minberin-sirri\/","title":{"rendered":"Selahaddin Eyyubi &#8211; Minberin S\u0131rr\u0131"},"content":{"rendered":"<p>Bat\u0131 d\u00fcnyas\u0131 ile \u0130sl\u00e2m \u00e2lemi aras\u0131ndaki \u00e7at\u0131\u015fman\u0131n tarihine bak\u0131ld\u0131\u011f\u0131nda Ha\u00e7l\u0131 Seferleri&#8217;nin bu tarihi s\u00fcreci b\u00fcy\u00fck oranda etkiledi\u011fi g\u00f6r\u00fcl\u00fcr. Ha\u00e7l\u0131 zihniyeti, Bat\u0131 muhayyilesini olu\u015fturan temel olurken, \u0130sl\u00e2m \u00e2leminde ise bu zihniyetin askeri kuvvetleriyle \u00e7at\u0131\u015fan h\u00fck\u00fcmdarlar \u00f6ne \u00e7\u0131kt\u0131. Bunlar aras\u0131nda se\u00e7kin bir yeri olan isimlerden biri, belki de en \u00f6nemlisi Selahaddin Eyy\u00fbb\u00ee&#8217;dir.Zira Selahaddin Eyy\u00fbb\u00ee, \u0130sl\u00e2m \u00e2lemini derleyip toparlamak suretiyle Ha\u00e7l\u0131lara kar\u015f\u0131 giri\u015fti\u011fi m\u00fccadeleyi zaferle ta\u00e7land\u0131rm\u0131\u015f muzaffer bir komutand\u0131. Kud\u00fcs&#8217;\u00fcn ve Mescid-, Aks\u00e2&#8217;n\u0131n kurtar\u0131c\u0131s\u0131, cesareti, mukavemeti, adaleti ve merhametiyle m\u00fcstesna bir h\u00fck\u00fcmdard\u0131. Nureddin Mahmud&#8217;un y\u0131llar \u00f6nce yapt\u0131rd\u0131\u011f\u0131 minberi Mescid-i Aks\u00e2&#8217;ya koydurmak da ona nasip oldu. \u0130\u015fte, Abdullah Y\u0131ld\u0131z&#8217;\u0131n Selahaddin Eyy\u00fbb\u00ee kitab\u0131 m\u00fccahid komutan ve devlet adam\u0131 Selahaddin Eyy\u00fbb\u00ee&#8217;nin \u00f6rnek m\u00fccadelesinin bu \u00e7a\u011fda \u00fcmmetin yeniden \u015fahlan\u0131\u015f\u0131na \u00f6rnek te\u015fkil edecek bir niteli\u011fe ve \u00f6neme sahip oldu\u011funu hat\u0131rlat\u0131yor. Ha\u00e7l\u0131lara kar\u015f\u0131 verdi\u011fi y\u0131llarca s\u00fcren m\u00fccadele sonunda tarihin ak\u0131\u015f\u0131n\u0131 de\u011fi\u015ftiren Selahaddin Eyy\u00fbb\u00ee&#8217;yi olu\u015fturan tarih\u00ee, k\u00fclt\u00fcrel ve siyasal oldular \u00fczerinden Kud\u00fcs&#8217;\u00fcn kap\u0131s\u0131n\u0131n aralanmas\u0131na kadar uzanan s\u00fcreci g\u00f6zler \u00f6n\u00fcne seriyor. Kurdu\u011fu d\u00fczenle \u0130sl\u00e2m beldelerini refaha ve g\u00fcvenli\u011fe kavu\u015fturan Selahaddin Eyy\u00fbb\u00ee&#8217;nin hayat\u0131n\u0131 daha iyi kavramak i\u00e7in mutlaka okunmas\u0131 gereken bir eser.<\/p>\n","protected":false},"excerpt":{"rendered":"<p>Bat\u0131 d\u00fcnyas\u0131 ile \u0130sl\u00e2m \u00e2lemi aras\u0131ndaki \u00e7at\u0131\u015fman\u0131n tarihine bak\u0131ld\u0131\u011f\u0131nda Ha\u00e7l\u0131 Seferleri&#8217;nin bu tarihi s\u00fcreci b\u00fcy\u00fck oranda etkiledi\u011fi g\u00f6r\u00fcl\u00fcr. Ha\u00e7l\u0131 zihniyeti, Bat\u0131 muhayyilesini olu\u015fturan temel olurken, \u0130sl\u00e2m<span class=\"excerpt-hellip\"> [\u2026]<\/span><\/p>\n","protected":false},"featured_media":0,"template":"","meta":{"_monsterinsights_skip_tracking":false,"_monsterinsights_sitenote_active":false,"_monsterinsights_sitenote_note":"","_monsterinsights_sitenote_category":0},"product_brand":[],"product_cat":[14009,12291],"product_tag":[],"class_list":{"0":"post-783869","1":"product","2":"type-product","3":"status-publish","5":"product_cat-biyografi-otobiyografi-edebiyat","6":"product_cat-edebiyat","7":"pa_cilt-ciltsiz","8":"pa_tur-kitap","9":"pa_yayinevi-pinar-yayinlari","10":"pa_yazar-abdullah-yildiz","12":"first","13":"instock","14":"sale","15":"shipping-taxable","16":"purchasable","17":"product-type-simple"},"_links":{"self":[{"href":"https:\/\/roveyayinevi.com.tr\/index.php\/wp-json\/wp\/v2\/product\/783869","targetHints":{"allow":["GET"]}}],"collection":[{"href":"https:\/\/roveyayinevi.com.tr\/index.php\/wp-json\/wp\/v2\/product"}],"about":[{"href":"https:\/\/roveyayinevi.com.tr\/index.php\/wp-json\/wp\/v2\/types\/product"}],"wp:attachment":[{"href":"https:\/\/roveyayinevi.com.tr\/index.php\/wp-json\/wp\/v2\/media?parent=783869"}],"wp:term":[{"taxonomy":"product_brand","embeddable":true,"href":"https:\/\/roveyayinevi.com.tr\/index.php\/wp-json\/wp\/v2\/product_brand?post=783869"},{"taxonomy":"product_cat","embeddable":true,"href":"https:\/\/roveyayinevi.com.tr\/index.php\/wp-json\/wp\/v2\/product_cat?post=783869"},{"taxonomy":"product_tag","embeddable":true,"href":"https:\/\/roveyayinevi.com.tr\/index.php\/wp-json\/wp\/v2\/product_tag?post=783869"}],"curies":[{"name":"wp","href":"https:\/\/api.w.org\/{rel}","templated":true}]}}