{"id":783868,"date":"2026-02-26T23:44:15","date_gmt":"2026-02-26T20:44:15","guid":{"rendered":"https:\/\/roveyayinevi.com.tr\/index.php\/urun\/kurani-nasil-yasadilar\/"},"modified":"2026-04-15T03:46:48","modified_gmt":"2026-04-15T00:46:48","slug":"kurani-nasil-yasadilar","status":"publish","type":"product","link":"https:\/\/roveyayinevi.com.tr\/index.php\/urun\/kurani-nasil-yasadilar\/","title":{"rendered":"Kur&#8217;an&#8217;\u0131 Nas\u0131l Ya\u015fad\u0131lar?"},"content":{"rendered":"<p>Allahu Teala ( c.c ) taraf\u0131ndan insanlar aras\u0131ndan se\u00e7ilip kutlu peygamberlik vazifesi ile g\u00f6revlendirilen Hz Muhammed t\u00fcm insanl\u0131k i\u00e7in en g\u00fczel \u00f6rnek ve alemlere rahmet k\u0131l\u0131nm\u0131\u015ft\u0131r, Onun b\u00fcy\u00fck ve \u00f6rnek ahlak\u0131n\u0131, tepeden t\u0131rna\u011fa ilmek ilmek dokuyan Kuran ayetleridir ve bu \u00f6rnek ahlak\u0131, ticaret hayat\u0131ndan devlet y\u00f6netimine, diplomatik ili\u015fkilerden sava\u015f hukukuna, cami cemaat adab\u0131ndan akrabal\u0131k ve kom\u015fuluk haklar\u0131na kadar b\u00fct\u00fcn i\u015f ve ili\u015fkileri kapsar.Hz. Peygamberin g\u00fczide arkada\u015flar\u0131 da ticareti, siyaseti, karde\u015fli\u011fi, aile ili\u015fkilerini, kom\u015fulu\u011fu, oturmay\u0131, kalkmay\u0131, selamla\u015fmay\u0131, k\u0131saca hayat\u0131 Kuranla ya\u015fama adab\u0131n\u0131 Ondan \u00f6\u011frenmi\u015fler, her alanda ad\u0131m ad\u0131m Onu takip ve taklit etmi\u015flerdir. K\u0131saca onlar, hayat\u0131n her alan\u0131nda iliklerine kadar Kuran\u0131 ya\u015fam\u0131\u015flard\u0131r.Bug\u00fcn\u00fcn M\u00fcsl\u00fcmanlar\u0131 da, aynen onlar gibiKuran\u0131n hali ile hallenir ve onun ahkam\u0131yla amel ederlerseKuranla oturur Kuranla kalkar Kuranla y\u00fcr\u00fcr Kuranla konu\u015fur Kuran\u0131 ya\u015farlarsa\u0130\u015fte o zaman o ilk nesli aya\u011fa kald\u0131ran Kuran bu \u00e7a\u011f\u0131n M\u00fcsl\u00fcmanlar\u0131n\u0131 da yeniden dirilteceklerdir.<\/p>\n","protected":false},"excerpt":{"rendered":"<p>Allahu Teala ( c.c ) taraf\u0131ndan insanlar aras\u0131ndan se\u00e7ilip kutlu peygamberlik vazifesi ile g\u00f6revlendirilen Hz Muhammed t\u00fcm insanl\u0131k i\u00e7in en g\u00fczel \u00f6rnek ve alemlere rahmet k\u0131l\u0131nm\u0131\u015ft\u0131r,<span class=\"excerpt-hellip\"> [\u2026]<\/span><\/p>\n","protected":false},"featured_media":0,"template":"","meta":{"_monsterinsights_skip_tracking":false,"_monsterinsights_sitenote_active":false,"_monsterinsights_sitenote_note":"","_monsterinsights_sitenote_category":0},"product_brand":[],"product_cat":[16789,12718,12719],"product_tag":[],"class_list":{"0":"post-783868","1":"product","2":"type-product","3":"status-publish","5":"product_cat-diger-islam","6":"product_cat-din","7":"product_cat-islam","8":"pa_cilt-ciltsiz","9":"pa_tur-kitap","10":"pa_yayinevi-pinar-yayinlari","11":"pa_yazar-abdullah-yildiz","13":"first","14":"instock","15":"sale","16":"shipping-taxable","17":"purchasable","18":"product-type-simple"},"_links":{"self":[{"href":"https:\/\/roveyayinevi.com.tr\/index.php\/wp-json\/wp\/v2\/product\/783868","targetHints":{"allow":["GET"]}}],"collection":[{"href":"https:\/\/roveyayinevi.com.tr\/index.php\/wp-json\/wp\/v2\/product"}],"about":[{"href":"https:\/\/roveyayinevi.com.tr\/index.php\/wp-json\/wp\/v2\/types\/product"}],"wp:attachment":[{"href":"https:\/\/roveyayinevi.com.tr\/index.php\/wp-json\/wp\/v2\/media?parent=783868"}],"wp:term":[{"taxonomy":"product_brand","embeddable":true,"href":"https:\/\/roveyayinevi.com.tr\/index.php\/wp-json\/wp\/v2\/product_brand?post=783868"},{"taxonomy":"product_cat","embeddable":true,"href":"https:\/\/roveyayinevi.com.tr\/index.php\/wp-json\/wp\/v2\/product_cat?post=783868"},{"taxonomy":"product_tag","embeddable":true,"href":"https:\/\/roveyayinevi.com.tr\/index.php\/wp-json\/wp\/v2\/product_tag?post=783868"}],"curies":[{"name":"wp","href":"https:\/\/api.w.org\/{rel}","templated":true}]}}