{"id":783865,"date":"2026-02-26T23:44:06","date_gmt":"2026-02-26T20:44:06","guid":{"rendered":"https:\/\/roveyayinevi.com.tr\/index.php\/urun\/zihin-tetikcileri-algi-yonetimi-ve-gercekler\/"},"modified":"2026-04-15T03:46:48","modified_gmt":"2026-04-15T00:46:48","slug":"zihin-tetikcileri-algi-yonetimi-ve-gercekler","status":"publish","type":"product","link":"https:\/\/roveyayinevi.com.tr\/index.php\/urun\/zihin-tetikcileri-algi-yonetimi-ve-gercekler\/","title":{"rendered":"Zihin Tetik\u00e7ileri Alg\u0131 Y\u00f6netimi ve Ger\u00e7ekler"},"content":{"rendered":"<p>T\u00fcm hayat\u0131n kararlardan olu\u015fur.Sabah kalkt\u0131\u011f\u0131nda y\u00fcz\u00fcn\u00fc hangi sabunla y\u0131kayacaks\u0131n?Hangi k\u0131yafetleri giyeceksin?Kahvalt\u0131da ne yiyeceksin?Tek bir g\u00fcnde bunlar gibi binlerce karar al\u0131yorsun.T\u00fcm bu kararlar\u0131 da kendi \u00f6zg\u00fcr iraden ve akl\u0131nla ald\u0131\u011f\u0131n\u0131 d\u00fc\u015f\u00fcn\u00fcyorsun.Emin misin?Sadece di\u015fini hangi macunla f\u0131r\u00e7alayaca\u011f\u0131n\u0131 belirlemek i\u00e7in bile; hi\u00e7 g\u00f6rmedi\u011fin yerlerde,hi\u00e7 tan\u0131mad\u0131\u011f\u0131n ki\u015filer, aral\u0131ks\u0131z \u00e7al\u0131\u015f\u0131yor.Sence trilyon dolarl\u0131k sekt\u00f6rler senin kararlar\u0131n\u0131 \u015fansa ve tesad\u00fcfe mi b\u0131rak\u0131yor?Uyan\u0131k oldu\u011fun her an y\u00fczlerce &#8220;Alg\u0131 Y\u00f6netimi&#8221; mesaj\u0131n\u0131n etkisialt\u0131ndas\u0131n ama suda ya\u015fad\u0131\u011f\u0131n\u0131 bilmeyen bir bal\u0131k gibisin.Bilmedi\u011fin i\u00e7in daha iyi bir hedef oluyorsun.\u00c7\u00fcnk\u00fc,bilmedi\u011fin bir d\u00fc\u015fmana kar\u015f\u0131 sava\u015fma ve kazanma ihtimalin yoktur.Seni d\u00fc\u015f\u00fcren yumruk, g\u00f6rmedi\u011fin yumruktur.\u015eeytan\u0131n en b\u00fcy\u00fck hilesi de insanlar\u0131 asl\u0131nda var olmad\u0131\u011f\u0131na inand\u0131rmakt\u0131r.Uyumak g\u00fczeldir ve rahatt\u0131r. Ama aral\u0131ks\u0131z olan\u0131na uyku de\u011fil koma denir.Daha ne kadar uyumaya devam edeceksin? UYAN!<\/p>\n","protected":false},"excerpt":{"rendered":"<p>T\u00fcm hayat\u0131n kararlardan olu\u015fur.Sabah kalkt\u0131\u011f\u0131nda y\u00fcz\u00fcn\u00fc hangi sabunla y\u0131kayacaks\u0131n?Hangi k\u0131yafetleri giyeceksin?Kahvalt\u0131da ne yiyeceksin?Tek bir g\u00fcnde bunlar gibi binlerce karar al\u0131yorsun.T\u00fcm bu kararlar\u0131 da kendi \u00f6zg\u00fcr iraden<span class=\"excerpt-hellip\"> [\u2026]<\/span><\/p>\n","protected":false},"featured_media":0,"template":"","meta":{"_monsterinsights_skip_tracking":false,"_monsterinsights_sitenote_active":false,"_monsterinsights_sitenote_note":"","_monsterinsights_sitenote_category":0},"product_brand":[],"product_cat":[12364,12376],"product_tag":[],"class_list":{"0":"post-783865","1":"product","2":"type-product","3":"status-publish","5":"product_cat-genel-konular","6":"product_cat-kisisel-gelisim","7":"pa_cilt-ciltsiz","8":"pa_tur-kitap","9":"pa_yayinevi-karma-kitaplar","10":"pa_yazar-aydin-serdar-kuru","12":"first","13":"instock","14":"sale","15":"shipping-taxable","16":"purchasable","17":"product-type-simple"},"_links":{"self":[{"href":"https:\/\/roveyayinevi.com.tr\/index.php\/wp-json\/wp\/v2\/product\/783865","targetHints":{"allow":["GET"]}}],"collection":[{"href":"https:\/\/roveyayinevi.com.tr\/index.php\/wp-json\/wp\/v2\/product"}],"about":[{"href":"https:\/\/roveyayinevi.com.tr\/index.php\/wp-json\/wp\/v2\/types\/product"}],"wp:attachment":[{"href":"https:\/\/roveyayinevi.com.tr\/index.php\/wp-json\/wp\/v2\/media?parent=783865"}],"wp:term":[{"taxonomy":"product_brand","embeddable":true,"href":"https:\/\/roveyayinevi.com.tr\/index.php\/wp-json\/wp\/v2\/product_brand?post=783865"},{"taxonomy":"product_cat","embeddable":true,"href":"https:\/\/roveyayinevi.com.tr\/index.php\/wp-json\/wp\/v2\/product_cat?post=783865"},{"taxonomy":"product_tag","embeddable":true,"href":"https:\/\/roveyayinevi.com.tr\/index.php\/wp-json\/wp\/v2\/product_tag?post=783865"}],"curies":[{"name":"wp","href":"https:\/\/api.w.org\/{rel}","templated":true}]}}