{"id":783864,"date":"2026-02-26T23:44:03","date_gmt":"2026-02-26T20:44:03","guid":{"rendered":"https:\/\/roveyayinevi.com.tr\/index.php\/urun\/akibet-cennet-mi-cehennem-mi\/"},"modified":"2026-04-15T03:46:48","modified_gmt":"2026-04-15T00:46:48","slug":"akibet-cennet-mi-cehennem-mi","status":"publish","type":"product","link":"https:\/\/roveyayinevi.com.tr\/index.php\/urun\/akibet-cennet-mi-cehennem-mi\/","title":{"rendered":"Ak\u0131bet; Cennet mi, Cehennem mi?"},"content":{"rendered":"<p>Merak etmiyor musunuz? \u00d6l\u00fcm\u00fc, kabiri, mah\u015feri, hesab\u0131, s\u0131rat\u0131, cennet ve cehennemi&#8230; \u00d6yleyse \u00f6l\u00fcme \/ bir ahiret yolculu\u011funa haz\u0131r m\u0131s\u0131n\u0131z? Bu \u00e7al\u0131\u015fma, inanan ve inkar eden bir grup \u00fcniversiteli gencin otob\u00fcslerinin u\u00e7uruma yuvarlanmas\u0131yla ba\u015flayan bir \u00f6l\u00fcm \/ bir ahiret yolculu\u011funun roman\u0131d\u0131r. Bu yolculukta kar\u015f\u0131la\u015f\u0131lan tek ger\u00e7ek, inan\u0131lan \/ inkar edilen &#8220;hakikat&#8221;t\u0131 AKIBET; o hakikatle ayetler ve hadisler \u0131\u015f\u0131\u011f\u0131nda y\u00fczle\u015fmenin roman\u0131d\u0131r. Okuyun, y\u00fczle\u015fin&#8230;<\/p>\n","protected":false},"excerpt":{"rendered":"<p>Merak etmiyor musunuz? \u00d6l\u00fcm\u00fc, kabiri, mah\u015feri, hesab\u0131, s\u0131rat\u0131, cennet ve cehennemi&#8230; \u00d6yleyse \u00f6l\u00fcme \/ bir ahiret yolculu\u011funa haz\u0131r m\u0131s\u0131n\u0131z? Bu \u00e7al\u0131\u015fma, inanan ve inkar eden bir<span class=\"excerpt-hellip\"> [\u2026]<\/span><\/p>\n","protected":false},"featured_media":0,"template":"","meta":{"_monsterinsights_skip_tracking":false,"_monsterinsights_sitenote_active":false,"_monsterinsights_sitenote_note":"","_monsterinsights_sitenote_category":0},"product_brand":[],"product_cat":[16789,12718,12719],"product_tag":[],"class_list":{"0":"post-783864","1":"product","2":"type-product","3":"status-publish","5":"product_cat-diger-islam","6":"product_cat-din","7":"product_cat-islam","8":"pa_cilt-ciltsiz","9":"pa_tur-kitap","10":"pa_yayinevi-dua-yayincilik","11":"pa_yazar-bilal-yararli","13":"first","14":"instock","15":"sale","16":"shipping-taxable","17":"purchasable","18":"product-type-simple"},"_links":{"self":[{"href":"https:\/\/roveyayinevi.com.tr\/index.php\/wp-json\/wp\/v2\/product\/783864","targetHints":{"allow":["GET"]}}],"collection":[{"href":"https:\/\/roveyayinevi.com.tr\/index.php\/wp-json\/wp\/v2\/product"}],"about":[{"href":"https:\/\/roveyayinevi.com.tr\/index.php\/wp-json\/wp\/v2\/types\/product"}],"wp:attachment":[{"href":"https:\/\/roveyayinevi.com.tr\/index.php\/wp-json\/wp\/v2\/media?parent=783864"}],"wp:term":[{"taxonomy":"product_brand","embeddable":true,"href":"https:\/\/roveyayinevi.com.tr\/index.php\/wp-json\/wp\/v2\/product_brand?post=783864"},{"taxonomy":"product_cat","embeddable":true,"href":"https:\/\/roveyayinevi.com.tr\/index.php\/wp-json\/wp\/v2\/product_cat?post=783864"},{"taxonomy":"product_tag","embeddable":true,"href":"https:\/\/roveyayinevi.com.tr\/index.php\/wp-json\/wp\/v2\/product_tag?post=783864"}],"curies":[{"name":"wp","href":"https:\/\/api.w.org\/{rel}","templated":true}]}}