{"id":783862,"date":"2026-02-26T23:43:56","date_gmt":"2026-02-26T20:43:56","guid":{"rendered":"https:\/\/roveyayinevi.com.tr\/index.php\/urun\/idamlik-genc\/"},"modified":"2026-04-15T03:46:48","modified_gmt":"2026-04-15T00:46:48","slug":"idamlik-genc","status":"publish","type":"product","link":"https:\/\/roveyayinevi.com.tr\/index.php\/urun\/idamlik-genc\/","title":{"rendered":"\u0130daml\u0131k Gen\u00e7"},"content":{"rendered":"<p>\u0130DAMLIK GEN\u00c7 !\u00d6nce g\u00fcld\u00fcren, sonra d\u00fc\u015f\u00fcnd\u00fcren Karamizah bir romand\u0131r.Okuyucusu taraf\u0131ndan, \u00e7ok tutulmu\u015f \u00e7ok sevilmi\u015ftir\u2026<\/p>\n","protected":false},"excerpt":{"rendered":"<p>\u0130DAMLIK GEN\u00c7 !\u00d6nce g\u00fcld\u00fcren, sonra d\u00fc\u015f\u00fcnd\u00fcren Karamizah bir romand\u0131r.Okuyucusu taraf\u0131ndan, \u00e7ok tutulmu\u015f \u00e7ok sevilmi\u015ftir\u2026<\/p>\n","protected":false},"featured_media":0,"template":"","meta":{"_monsterinsights_skip_tracking":false,"_monsterinsights_sitenote_active":false,"_monsterinsights_sitenote_note":"","_monsterinsights_sitenote_category":0},"product_brand":[],"product_cat":[12291,12711],"product_tag":[],"class_list":{"0":"post-783862","1":"product","2":"type-product","3":"status-publish","5":"product_cat-edebiyat","6":"product_cat-roman-oyku","7":"pa_cilt-ciltsiz","8":"pa_tur-kitap","9":"pa_yayinevi-mektup-yayinlari","10":"pa_yazar-emine-senlikoglu","12":"first","13":"instock","14":"sale","15":"shipping-taxable","16":"purchasable","17":"product-type-simple"},"_links":{"self":[{"href":"https:\/\/roveyayinevi.com.tr\/index.php\/wp-json\/wp\/v2\/product\/783862","targetHints":{"allow":["GET"]}}],"collection":[{"href":"https:\/\/roveyayinevi.com.tr\/index.php\/wp-json\/wp\/v2\/product"}],"about":[{"href":"https:\/\/roveyayinevi.com.tr\/index.php\/wp-json\/wp\/v2\/types\/product"}],"wp:attachment":[{"href":"https:\/\/roveyayinevi.com.tr\/index.php\/wp-json\/wp\/v2\/media?parent=783862"}],"wp:term":[{"taxonomy":"product_brand","embeddable":true,"href":"https:\/\/roveyayinevi.com.tr\/index.php\/wp-json\/wp\/v2\/product_brand?post=783862"},{"taxonomy":"product_cat","embeddable":true,"href":"https:\/\/roveyayinevi.com.tr\/index.php\/wp-json\/wp\/v2\/product_cat?post=783862"},{"taxonomy":"product_tag","embeddable":true,"href":"https:\/\/roveyayinevi.com.tr\/index.php\/wp-json\/wp\/v2\/product_tag?post=783862"}],"curies":[{"name":"wp","href":"https:\/\/api.w.org\/{rel}","templated":true}]}}