{"id":783861,"date":"2026-02-26T23:43:53","date_gmt":"2026-02-26T20:43:53","guid":{"rendered":"https:\/\/roveyayinevi.com.tr\/index.php\/urun\/turkiyede-lgbti-aktivizmi-ve-soylemleridernekler-faaliyetler-finansal-destek-saglayicilar\/"},"modified":"2026-04-15T03:46:48","modified_gmt":"2026-04-15T00:46:48","slug":"turkiyede-lgbti-aktivizmi-ve-soylemleridernekler-faaliyetler-finansal-destek-saglayicilar","status":"publish","type":"product","link":"https:\/\/roveyayinevi.com.tr\/index.php\/urun\/turkiyede-lgbti-aktivizmi-ve-soylemleridernekler-faaliyetler-finansal-destek-saglayicilar\/","title":{"rendered":"T\u00fcrkiye\u2019de Lgbti+ Aktivizmi ve S\u00f6ylemleri;Dernekler, Faaliyetler, Finansal Destek Sa\u011flay\u0131c\u0131lar"},"content":{"rendered":"<p>Elinizdeki bu kitap, LGBT\u0130+ hareketinin T\u00fcrkiye\u2019deki kurumsal y\u00fcz\u00fcne dair \u00e7ok katmanl\u0131 ve ilk defa bu derinlikte yap\u0131lm\u0131\u015f bir analiz sunuyor. \u00dc\u00e7 temel eksende \u2013 s\u00f6ylemler, faaliyet t\u00fcrleri ve finansal destek yap\u0131lar\u0131 \u2013 yap\u0131lan bu ara\u015ft\u0131rma, son otuz y\u0131l i\u00e7inde LGBT\u0130+ derneklerinin nas\u0131l bir d\u00f6n\u00fc\u015f\u00fcm ge\u00e7irdi\u011fini anlamakla kalm\u0131yor; ayn\u0131 zamanda bu d\u00f6n\u00fc\u015f\u00fcm\u00fcn politik, k\u00fclt\u00fcrel ve ekonomik kaynaklar\u0131n\u0131 da ortaya koyuyor.Kitap; akademik derinli\u011fi, saha verisine dayal\u0131 titizli\u011fi ve ele\u015ftirel analiz g\u00fcc\u00fcyle, sadece bir LGBT\u0130+ ara\u015ft\u0131rmas\u0131 de\u011fil, ayn\u0131 zamanda sivil toplumun de\u011fi\u015fen do\u011fas\u0131na, k\u00fcresel fon mekanizmalar\u0131n\u0131n etkisine ve toplumsal hareketlerin me\u015fruiyet \u00fcretme stratejilerine dair ipu\u00e7lar\u0131 ta\u015f\u0131yor.A\u015fa\u011f\u0131daki sorulara y\u00f6nelik cevaplar\u0131 bulabilece\u011finiz bu \u00e7al\u0131\u015fma yaln\u0131zca LGBT\u0130+ topluluklar\u0131n\u0131 de\u011fil; sosyal bilimcileri, aktivistleri, politika yap\u0131c\u0131lar\u0131 ve STK d\u00fcnyas\u0131n\u0131 da ilgilendiriyor.T\u00fcrkiye\u2019deki LGBT\u0130+ dernekleri 30 y\u0131l boyunca hangi t\u00fcr i\u00e7erikler \u00fcretmi\u015ftir? Bu tercihler bize ne anlat\u0131yor?LGBT\u0130+ derneklerinin yay\u0131nlad\u0131\u011f\u0131 i\u00e7eriklerde 1990\u2019lardan 2020\u2019lere uzanan s\u00fcre\u00e7te temalar ve s\u00f6ylemler nas\u0131l de\u011fi\u015fti?90\u2019lardan bug\u00fcne LGBT\u0130+ dernekleri ve yay\u0131nlar\u0131, T\u00fcrkiye\u2019deki toplumsal ve siyasal d\u00f6n\u00fc\u015f\u00fcmlerden nas\u0131l etkilendi? Hangi olaylar k\u0131r\u0131lma noktas\u0131 oldu?<\/p>\n","protected":false},"excerpt":{"rendered":"<p>Elinizdeki bu kitap, LGBT\u0130+ hareketinin T\u00fcrkiye\u2019deki kurumsal y\u00fcz\u00fcne dair \u00e7ok katmanl\u0131 ve ilk defa bu derinlikte yap\u0131lm\u0131\u015f bir analiz sunuyor. \u00dc\u00e7 temel eksende \u2013 s\u00f6ylemler, faaliyet<span class=\"excerpt-hellip\"> [\u2026]<\/span><\/p>\n","protected":false},"featured_media":0,"template":"","meta":{"_monsterinsights_skip_tracking":false,"_monsterinsights_sitenote_active":false,"_monsterinsights_sitenote_note":"","_monsterinsights_sitenote_category":0},"product_brand":[],"product_cat":[12325,12324],"product_tag":[],"class_list":{"0":"post-783861","1":"product","2":"type-product","3":"status-publish","5":"product_cat-diger-sosyoloji","6":"product_cat-sosyoloji","7":"pa_cilt-ciltsiz","8":"pa_tur-kitap","9":"pa_yayinevi-doludizgin-yayinevi","10":"pa_yazar-burak-acar","12":"first","13":"instock","14":"sale","15":"shipping-taxable","16":"purchasable","17":"product-type-simple"},"_links":{"self":[{"href":"https:\/\/roveyayinevi.com.tr\/index.php\/wp-json\/wp\/v2\/product\/783861","targetHints":{"allow":["GET"]}}],"collection":[{"href":"https:\/\/roveyayinevi.com.tr\/index.php\/wp-json\/wp\/v2\/product"}],"about":[{"href":"https:\/\/roveyayinevi.com.tr\/index.php\/wp-json\/wp\/v2\/types\/product"}],"wp:attachment":[{"href":"https:\/\/roveyayinevi.com.tr\/index.php\/wp-json\/wp\/v2\/media?parent=783861"}],"wp:term":[{"taxonomy":"product_brand","embeddable":true,"href":"https:\/\/roveyayinevi.com.tr\/index.php\/wp-json\/wp\/v2\/product_brand?post=783861"},{"taxonomy":"product_cat","embeddable":true,"href":"https:\/\/roveyayinevi.com.tr\/index.php\/wp-json\/wp\/v2\/product_cat?post=783861"},{"taxonomy":"product_tag","embeddable":true,"href":"https:\/\/roveyayinevi.com.tr\/index.php\/wp-json\/wp\/v2\/product_tag?post=783861"}],"curies":[{"name":"wp","href":"https:\/\/api.w.org\/{rel}","templated":true}]}}