{"id":783860,"date":"2026-02-26T23:43:50","date_gmt":"2026-02-26T20:43:50","guid":{"rendered":"https:\/\/roveyayinevi.com.tr\/index.php\/urun\/es-cinsellikten-iyilesme-yolundakadinlar-icin-uygulamali-alistirmalar\/"},"modified":"2026-04-15T03:46:48","modified_gmt":"2026-04-15T00:46:48","slug":"es-cinsellikten-iyilesme-yolundakadinlar-icin-uygulamali-alistirmalar","status":"publish","type":"product","link":"https:\/\/roveyayinevi.com.tr\/index.php\/urun\/es-cinsellikten-iyilesme-yolundakadinlar-icin-uygulamali-alistirmalar\/","title":{"rendered":"E\u015f Cinsellikten \u0130yile\u015fme Yolunda;Kad\u0131nlar \u0130\u00e7in Uygulamal\u0131 Al\u0131\u015ft\u0131rmalar"},"content":{"rendered":"<p>\u201cKendimi anlamaya \u00e7al\u0131\u015ft\u0131m, yarg\u0131lamadan\u2026 Anlatacak bir hik\u00e2yem vard\u0131 ve art\u0131k bu hik\u00e2yeyi iyile\u015ftirmek istiyorum.\u201dBu kitap, hayat\u0131n\u0131n bir d\u00f6neminde e\u015f cinsel y\u00f6nelimle m\u00fccadele etmi\u015f veya bu konuda i\u00e7sel bir karma\u015fa ya\u015fam\u0131\u015f kad\u0131nlara bir iyile\u015fme yolculu\u011fu sunuyor. Kimseyi su\u00e7lam\u0131yor, kimseyi d\u0131\u015flam\u0131yor. Tam tersine, seni sen oldu\u011fun h\u00e2linle kucakl\u0131yor. Duygular\u0131na, sorular\u0131na, ya\u015fad\u0131klar\u0131na alan a\u00e7\u0131yor.\u201cE\u015f Cinsellikten \u0130yile\u015fme Yolunda\u201d, psikolojik destek s\u00fcreciyle birlikte kullan\u0131lmas\u0131 tavsiye edilen uygulamal\u0131 bir rehber. \u0130\u00e7inde, d\u00fc\u015f\u00fcnmeye, sorgulamaya ve yeniden in\u015fa etmeye y\u00f6nelik 70&#8217;ten fazla uygulamal\u0131 al\u0131\u015ft\u0131rma var. Bazen bir deftere d\u00f6k\u00fclecek kelimeler, bazen de bir dostun sesiyle \u015fekillenecek yol haritalar\u0131&#8230;Bu kitap T\u00fcrkiye\u2019de kad\u0131nlara \u00f6zel haz\u0131rlanm\u0131\u015f ilk kapsaml\u0131 kaynaklardan biri olarak, kendi alan\u0131nda \u00f6nc\u00fc bir eser. \u201cYaln\u0131z de\u011filsin\u201d demek i\u00e7in burada. Hayat\u0131n ini\u015fli \u00e7\u0131k\u0131\u015fl\u0131 yollar\u0131nda, elini uzatan, yarg\u0131lamayan, umut dolu bir rehber&#8230;Belki bug\u00fcn ilk ad\u0131m\u0131 atma zaman\u0131d\u0131r.<\/p>\n","protected":false},"excerpt":{"rendered":"<p>\u201cKendimi anlamaya \u00e7al\u0131\u015ft\u0131m, yarg\u0131lamadan\u2026 Anlatacak bir hik\u00e2yem vard\u0131 ve art\u0131k bu hik\u00e2yeyi iyile\u015ftirmek istiyorum.\u201dBu kitap, hayat\u0131n\u0131n bir d\u00f6neminde e\u015f cinsel y\u00f6nelimle m\u00fccadele etmi\u015f veya bu konuda<span class=\"excerpt-hellip\"> [\u2026]<\/span><\/p>\n","protected":false},"featured_media":0,"template":"","meta":{"_monsterinsights_skip_tracking":false,"_monsterinsights_sitenote_active":false,"_monsterinsights_sitenote_note":"","_monsterinsights_sitenote_category":0},"product_brand":[],"product_cat":[12358,12357],"product_tag":[],"class_list":{"0":"post-783860","1":"product","2":"type-product","3":"status-publish","5":"product_cat-genel-psikoloji","6":"product_cat-psikoloji","7":"pa_cilt-ciltsiz","8":"pa_tur-kitap","9":"pa_yayinevi-doludizgin-yayinevi","10":"pa_yazar-james-e-phelan","12":"first","13":"instock","14":"sale","15":"shipping-taxable","16":"purchasable","17":"product-type-simple"},"_links":{"self":[{"href":"https:\/\/roveyayinevi.com.tr\/index.php\/wp-json\/wp\/v2\/product\/783860","targetHints":{"allow":["GET"]}}],"collection":[{"href":"https:\/\/roveyayinevi.com.tr\/index.php\/wp-json\/wp\/v2\/product"}],"about":[{"href":"https:\/\/roveyayinevi.com.tr\/index.php\/wp-json\/wp\/v2\/types\/product"}],"wp:attachment":[{"href":"https:\/\/roveyayinevi.com.tr\/index.php\/wp-json\/wp\/v2\/media?parent=783860"}],"wp:term":[{"taxonomy":"product_brand","embeddable":true,"href":"https:\/\/roveyayinevi.com.tr\/index.php\/wp-json\/wp\/v2\/product_brand?post=783860"},{"taxonomy":"product_cat","embeddable":true,"href":"https:\/\/roveyayinevi.com.tr\/index.php\/wp-json\/wp\/v2\/product_cat?post=783860"},{"taxonomy":"product_tag","embeddable":true,"href":"https:\/\/roveyayinevi.com.tr\/index.php\/wp-json\/wp\/v2\/product_tag?post=783860"}],"curies":[{"name":"wp","href":"https:\/\/api.w.org\/{rel}","templated":true}]}}