{"id":783859,"date":"2026-02-26T23:43:48","date_gmt":"2026-02-26T20:43:48","guid":{"rendered":"https:\/\/roveyayinevi.com.tr\/index.php\/urun\/aktivizme-ragmen-degisim-mumkun\/"},"modified":"2026-04-15T03:46:48","modified_gmt":"2026-04-15T00:46:48","slug":"aktivizme-ragmen-degisim-mumkun","status":"publish","type":"product","link":"https:\/\/roveyayinevi.com.tr\/index.php\/urun\/aktivizme-ragmen-degisim-mumkun\/","title":{"rendered":"Aktivizme Ra\u011fmen De\u011fi\u015fim M\u00fcmk\u00fcn"},"content":{"rendered":"<p>Cinsel y\u00f6nelim ve kimlik \u00fczerine tart\u0131\u015fmalar uzun y\u0131llard\u0131r bilim, toplum ve siyaset alan\u0131nda s\u00fcregelen en hassas konular aras\u0131nda yer al\u0131yor. Aktivizme Ra\u011fmen De\u011fi\u015fim M\u00fcmk\u00fcn, bu tart\u0131\u015fmalara farkl\u0131 bir pencere a\u00e7\u0131yor ve sessiz b\u0131rak\u0131lan bir\u00e7ok konuyu g\u00fcndeme ta\u015f\u0131yor.\u0130nsan Cinselli\u011fi Dergisi\u2019nin \u00f6nde gelen ara\u015ft\u0131rmalar\u0131n\u0131 bir araya getiren bu eser; istenmeyen e\u015f cinsel \u00e7ekim ya\u015fayan ya da biyolojik cinsiyeti, cinsel kimli\u011fi ve de\u011ferleri aras\u0131nda \u00e7at\u0131\u015fma hisseden fertlere dair akademik veriler sunuyor. Politik ve ideolojik bask\u0131lara ra\u011fmen alternatif bir ihtimalin m\u00fcmk\u00fcn oldu\u011funu g\u00f6stermeye \u00e7al\u0131\u015f\u0131yor.E\u015f cinsellik konusundaki h\u00e2kim s\u00f6ylemlere ele\u015ftirel yakla\u015fan bu derleme, bilimsel veriler e\u015fli\u011finde farkl\u0131 bak\u0131\u015f a\u00e7\u0131lar\u0131n\u0131 anlamak isteyen herkes i\u00e7in \u00f6nemli bir kaynak niteli\u011fi ta\u015f\u0131yor.<\/p>\n","protected":false},"excerpt":{"rendered":"<p>Cinsel y\u00f6nelim ve kimlik \u00fczerine tart\u0131\u015fmalar uzun y\u0131llard\u0131r bilim, toplum ve siyaset alan\u0131nda s\u00fcregelen en hassas konular aras\u0131nda yer al\u0131yor. Aktivizme Ra\u011fmen De\u011fi\u015fim M\u00fcmk\u00fcn, bu tart\u0131\u015fmalara<span class=\"excerpt-hellip\"> [\u2026]<\/span><\/p>\n","protected":false},"featured_media":0,"template":"","meta":{"_monsterinsights_skip_tracking":false,"_monsterinsights_sitenote_active":false,"_monsterinsights_sitenote_note":"","_monsterinsights_sitenote_category":0},"product_brand":[],"product_cat":[26396,13488],"product_tag":[],"class_list":{"0":"post-783859","1":"product","2":"type-product","3":"status-publish","5":"product_cat-kadin-erkek-iliskileri","6":"product_cat-toplum-ve-insan","7":"pa_cilt-ciltsiz","8":"pa_tur-kitap","9":"pa_yayinevi-doludizgin-yayinevi","10":"pa_yazar-kolektif","12":"first","13":"instock","14":"sale","15":"shipping-taxable","16":"purchasable","17":"product-type-simple"},"_links":{"self":[{"href":"https:\/\/roveyayinevi.com.tr\/index.php\/wp-json\/wp\/v2\/product\/783859","targetHints":{"allow":["GET"]}}],"collection":[{"href":"https:\/\/roveyayinevi.com.tr\/index.php\/wp-json\/wp\/v2\/product"}],"about":[{"href":"https:\/\/roveyayinevi.com.tr\/index.php\/wp-json\/wp\/v2\/types\/product"}],"wp:attachment":[{"href":"https:\/\/roveyayinevi.com.tr\/index.php\/wp-json\/wp\/v2\/media?parent=783859"}],"wp:term":[{"taxonomy":"product_brand","embeddable":true,"href":"https:\/\/roveyayinevi.com.tr\/index.php\/wp-json\/wp\/v2\/product_brand?post=783859"},{"taxonomy":"product_cat","embeddable":true,"href":"https:\/\/roveyayinevi.com.tr\/index.php\/wp-json\/wp\/v2\/product_cat?post=783859"},{"taxonomy":"product_tag","embeddable":true,"href":"https:\/\/roveyayinevi.com.tr\/index.php\/wp-json\/wp\/v2\/product_tag?post=783859"}],"curies":[{"name":"wp","href":"https:\/\/api.w.org\/{rel}","templated":true}]}}