{"id":783858,"date":"2026-02-26T23:43:45","date_gmt":"2026-02-26T20:43:45","guid":{"rendered":"https:\/\/roveyayinevi.com.tr\/index.php\/urun\/tiran-es-cinsellikes-cinsel-aktivizmi-bireysel-ve-toplumsal-baskiyla-neyi-amacliyor\/"},"modified":"2026-04-15T03:46:48","modified_gmt":"2026-04-15T00:46:48","slug":"tiran-es-cinsellikes-cinsel-aktivizmi-bireysel-ve-toplumsal-baskiyla-neyi-amacliyor","status":"publish","type":"product","link":"https:\/\/roveyayinevi.com.tr\/index.php\/urun\/tiran-es-cinsellikes-cinsel-aktivizmi-bireysel-ve-toplumsal-baskiyla-neyi-amacliyor\/","title":{"rendered":"Tiran E\u015f Cinsellik;E\u015f Cinsel Aktivizmi, Bireysel ve Toplumsal Bask\u0131yla Neyi Ama\u00e7l\u0131yor?"},"content":{"rendered":"<p>Cinsellik \u00fczerine y\u00fcr\u00fct\u00fclen tart\u0131\u015fmalar bug\u00fcn, bilimsel verilerle oldu\u011fu kadar ideolojik y\u00f6nlendirmelerle de \u015fekilleniyor. Tiran E\u015f Cinsellik, bu karma\u015f\u0131k alanda, duyulmayan seslere kulak veren, hakikati g\u00f6zler \u00f6n\u00fcne seren, d\u0131\u015flanan sorular\u0131 masaya yat\u0131ran cesur bir derleme.\u0130nsan Cinselli\u011fi Dergisi\u2019nin \u00f6nde gelen yazarlar\u0131n\u0131n katk\u0131s\u0131yla haz\u0131rlanan bu kitap, e\u015f cinselli\u011fe dair yerle\u015fik kabulleri sorgularken; ferdin kendi de\u011ferleriyle uyumlu bir hayat kurma hakk\u0131n\u0131 merkezine al\u0131yor. Cinsel y\u00f6nelimin do\u011fas\u0131, de\u011fi\u015febilirli\u011fi ve terap\u00f6tik yakla\u015f\u0131mlara dair bilimsel bulgular, titizlikle ele al\u0131n\u0131yor.Bask\u0131n s\u00f6ylemlerin g\u00f6lgesinde kalan ki\u015fisel hik\u00e2yelere, ara\u015ft\u0131rmalara ve alternatif bak\u0131\u015flara yer veren eser; sadece bir akademik tart\u0131\u015fma de\u011fil, ayn\u0131 zamanda bir hak aray\u0131\u015f\u0131. &#8220;Deneme hakk\u0131&#8221; kavram\u0131 etraf\u0131nda \u015fekillenen bu \u00e7a\u011fr\u0131, haysiyet ve insan onuru ad\u0131na g\u00fc\u00e7l\u00fc bir savunudur.Tiran E\u015f Cinsellik, tart\u0131\u015fmaktan, sorgulamaktan ve d\u00fc\u015f\u00fcnmeye cesaret etmekten ve hakikatten yana olan herkes i\u00e7in derinlikli bir okuma\u2026<\/p>\n","protected":false},"excerpt":{"rendered":"<p>Cinsellik \u00fczerine y\u00fcr\u00fct\u00fclen tart\u0131\u015fmalar bug\u00fcn, bilimsel verilerle oldu\u011fu kadar ideolojik y\u00f6nlendirmelerle de \u015fekilleniyor. Tiran E\u015f Cinsellik, bu karma\u015f\u0131k alanda, duyulmayan seslere kulak veren, hakikati g\u00f6zler \u00f6n\u00fcne<span class=\"excerpt-hellip\"> [\u2026]<\/span><\/p>\n","protected":false},"featured_media":0,"template":"","meta":{"_monsterinsights_skip_tracking":false,"_monsterinsights_sitenote_active":false,"_monsterinsights_sitenote_note":"","_monsterinsights_sitenote_category":0},"product_brand":[],"product_cat":[12358,12357],"product_tag":[],"class_list":{"0":"post-783858","1":"product","2":"type-product","3":"status-publish","5":"product_cat-genel-psikoloji","6":"product_cat-psikoloji","7":"pa_cilt-ciltsiz","8":"pa_tur-kitap","9":"pa_yayinevi-doludizgin-yayinevi","10":"pa_yazar-kolektif","12":"first","13":"instock","14":"sale","15":"shipping-taxable","16":"purchasable","17":"product-type-simple"},"_links":{"self":[{"href":"https:\/\/roveyayinevi.com.tr\/index.php\/wp-json\/wp\/v2\/product\/783858","targetHints":{"allow":["GET"]}}],"collection":[{"href":"https:\/\/roveyayinevi.com.tr\/index.php\/wp-json\/wp\/v2\/product"}],"about":[{"href":"https:\/\/roveyayinevi.com.tr\/index.php\/wp-json\/wp\/v2\/types\/product"}],"wp:attachment":[{"href":"https:\/\/roveyayinevi.com.tr\/index.php\/wp-json\/wp\/v2\/media?parent=783858"}],"wp:term":[{"taxonomy":"product_brand","embeddable":true,"href":"https:\/\/roveyayinevi.com.tr\/index.php\/wp-json\/wp\/v2\/product_brand?post=783858"},{"taxonomy":"product_cat","embeddable":true,"href":"https:\/\/roveyayinevi.com.tr\/index.php\/wp-json\/wp\/v2\/product_cat?post=783858"},{"taxonomy":"product_tag","embeddable":true,"href":"https:\/\/roveyayinevi.com.tr\/index.php\/wp-json\/wp\/v2\/product_tag?post=783858"}],"curies":[{"name":"wp","href":"https:\/\/api.w.org\/{rel}","templated":true}]}}