{"id":783857,"date":"2026-02-26T23:43:42","date_gmt":"2026-02-26T20:43:42","guid":{"rendered":"https:\/\/roveyayinevi.com.tr\/index.php\/urun\/islami-temelli-psikoterapi\/"},"modified":"2026-04-15T03:46:47","modified_gmt":"2026-04-15T00:46:47","slug":"islami-temelli-psikoterapi","status":"publish","type":"product","link":"https:\/\/roveyayinevi.com.tr\/index.php\/urun\/islami-temelli-psikoterapi\/","title":{"rendered":"\u0130sl\u00e2mi Temelli Psikoterapi"},"content":{"rendered":"<p>Abdest al\u0131rken uzuvlar\u0131n\u0131z kuru kalm\u0131\u015f d\u00fc\u015f\u00fcncesiyle defalarca y\u0131k\u0131yor musunuz?  Namaz k\u0131larken s\u0131k s\u0131k hataya d\u00fc\u015ft\u00fc\u011f\u00fcn\u00fcz\u00fc zannedip sureleri ba\u015ftan m\u0131 okuyorsunuz? \u0130nanc\u0131n\u0131za vesveseli d\u00fc\u015f\u00fcnceler geldi\u011finde k\u00fcfre d\u00fc\u015ft\u00fc\u011f\u00fcn\u00fcz\u00fc zannedip korkudan defalarca kelime-i \u015fehadet mi getiriyorsunuz? Akl\u0131n\u0131za gelen rahats\u0131z edici d\u00fc\u015f\u00fcncelerden dolay\u0131 endi\u015feli misiniz? E\u011fer cevab\u0131n\u0131z evet ise i\u015fte bu kitap tam size g\u00f6re.Bu kitap, obsesif-kompulsif bozukluk (OKB) ile din\u00ee hassasiyetlerin kesi\u015fti\u011fi noktada \u00f6zel bir rehber sunmaktad\u0131r. \u0130slami Temelli Psikoterapi, \u00f6zellikle \u0130slam inanc\u0131n\u0131 benimseyen bireyler i\u00e7in tasarlanm\u0131\u015f bir tedavi yakla\u015f\u0131m\u0131 sunuyor. Geleneksel \u0130slami Temelli Psikoterapi (TIIP) modeli ile modern psikoloji y\u00f6ntemlerini bir araya getirerek, OKB&#8217;nin din\u00ee tezah\u00fcrleri olan vesvese ve \u015f\u00fcphelerin \u00fcstesinden gelmeyi hedefiyor.Bu kapsaml\u0131 kaynak, din\u00ee hassasiyetlerin ruh sa\u011fl\u0131\u011f\u0131 \u00fczerindeki etkilerini anlamak ve bu s\u00fcre\u00e7te rehberlik sa\u011flamak i\u00e7in akademisyenler, dan\u0131\u015fmanlar ve bireyler i\u00e7in ideal bir eserdir. Hem bireysel kullan\u0131m hem de profesyonel destekle birlikte kullan\u0131lmak \u00fczere tasarlanm\u0131\u015ft\u0131r. Din\u00ee OKB ile m\u00fccadele eden bireylerin yan\u0131 s\u0131ra, dan\u0131\u015fmanl\u0131k ve rehberlik sunan uzmanlar i\u00e7in de zengin bir i\u00e7erik sunar.<\/p>\n","protected":false},"excerpt":{"rendered":"<p>Abdest al\u0131rken uzuvlar\u0131n\u0131z kuru kalm\u0131\u015f d\u00fc\u015f\u00fcncesiyle defalarca y\u0131k\u0131yor musunuz? Namaz k\u0131larken s\u0131k s\u0131k hataya d\u00fc\u015ft\u00fc\u011f\u00fcn\u00fcz\u00fc zannedip sureleri ba\u015ftan m\u0131 okuyorsunuz? \u0130nanc\u0131n\u0131za vesveseli d\u00fc\u015f\u00fcnceler geldi\u011finde k\u00fcfre d\u00fc\u015ft\u00fc\u011f\u00fcn\u00fcz\u00fc<span class=\"excerpt-hellip\"> [\u2026]<\/span><\/p>\n","protected":false},"featured_media":0,"template":"","meta":{"_monsterinsights_skip_tracking":false,"_monsterinsights_sitenote_active":false,"_monsterinsights_sitenote_note":"","_monsterinsights_sitenote_category":0},"product_brand":[],"product_cat":[12358,12357],"product_tag":[],"class_list":{"0":"post-783857","1":"product","2":"type-product","3":"status-publish","5":"product_cat-genel-psikoloji","6":"product_cat-psikoloji","7":"pa_cilt-ciltsiz","8":"pa_tur-kitap","9":"pa_yayinevi-doludizgin-yayinevi","10":"pa_yazar-hooman-keshavarzi","12":"first","13":"instock","14":"sale","15":"shipping-taxable","16":"purchasable","17":"product-type-simple"},"_links":{"self":[{"href":"https:\/\/roveyayinevi.com.tr\/index.php\/wp-json\/wp\/v2\/product\/783857","targetHints":{"allow":["GET"]}}],"collection":[{"href":"https:\/\/roveyayinevi.com.tr\/index.php\/wp-json\/wp\/v2\/product"}],"about":[{"href":"https:\/\/roveyayinevi.com.tr\/index.php\/wp-json\/wp\/v2\/types\/product"}],"wp:attachment":[{"href":"https:\/\/roveyayinevi.com.tr\/index.php\/wp-json\/wp\/v2\/media?parent=783857"}],"wp:term":[{"taxonomy":"product_brand","embeddable":true,"href":"https:\/\/roveyayinevi.com.tr\/index.php\/wp-json\/wp\/v2\/product_brand?post=783857"},{"taxonomy":"product_cat","embeddable":true,"href":"https:\/\/roveyayinevi.com.tr\/index.php\/wp-json\/wp\/v2\/product_cat?post=783857"},{"taxonomy":"product_tag","embeddable":true,"href":"https:\/\/roveyayinevi.com.tr\/index.php\/wp-json\/wp\/v2\/product_tag?post=783857"}],"curies":[{"name":"wp","href":"https:\/\/api.w.org\/{rel}","templated":true}]}}