{"id":783856,"date":"2026-02-26T23:43:40","date_gmt":"2026-02-26T20:43:40","guid":{"rendered":"https:\/\/roveyayinevi.com.tr\/index.php\/urun\/ofke-ile-basa-cikmak\/"},"modified":"2026-04-15T03:46:47","modified_gmt":"2026-04-15T00:46:47","slug":"ofke-ile-basa-cikmak","status":"publish","type":"product","link":"https:\/\/roveyayinevi.com.tr\/index.php\/urun\/ofke-ile-basa-cikmak\/","title":{"rendered":"\u00d6fke ile Ba\u015fa \u00c7\u0131kmak"},"content":{"rendered":"<p>\u00d6fke, insan do\u011fas\u0131n\u0131n ayr\u0131lmaz bir par\u00e7as\u0131 olarak her ferdin deneyimledi\u011fi bir duygudur. Bununla birlikte, bu duygunun kontrolden \u00e7\u0131kmas\u0131 veya sa\u011fl\u0131ks\u0131z bir bi\u00e7imde bast\u0131r\u0131lmas\u0131 durumunda, ki\u015fisel ve mesleki ya\u015fam\u0131n \u00e7e\u015fitli alanlar\u0131nda y\u0131k\u0131c\u0131 etkilere yol a\u00e7abilir. Kronik, kontrol edilemez veya bast\u0131r\u0131lm\u0131\u015f \u00f6fke ile m\u00fccadele eden fertler i\u00e7in profesyonel destek alman\u0131n \u00f6nemi yads\u0131namaz. Bu ba\u011flamda, elinizdeki eser, Kabul ve Kararl\u0131l\u0131k Terapisi (ACT) prensiplerini temel alan kapsaml\u0131 bir program sunarak, \u00f6fke y\u00f6netimi ve ya\u015fam kalitesinin art\u0131r\u0131lmas\u0131 konular\u0131nda okuyucuya rehberlik etmektedir. Bu kitap, \u00f6fkenin anla\u015f\u0131lmas\u0131 ve yo\u011fun duygular\u0131n daha sa\u011fl\u0131kl\u0131 ifade edilmesi i\u00e7in \u00f6zg\u00fcn bir yakla\u015f\u0131m ortaya koymaktad\u0131r. Okuyucu, \u00f6fkenin k\u00f6kenlerini ke\u015ffetme, zorlu durumlara kar\u015f\u0131 fark\u0131ndal\u0131k ve haz\u0131rl\u0131kl\u0131 olma becerilerini geli\u015ftirme, ayr\u0131ca kendine ve ba\u015fkalar\u0131na y\u00f6nelik nezaket ve \u015fefkat k\u00fclt\u00fcr\u00fcn\u00fc besleme konular\u0131nda derinlemesine bilgi edinecektir. \u201c\u00d6fkenin esaretinde ya\u015famak, \u00f6fke kar\u015f\u0131s\u0131nda \u00e7aresiz kalmak, kontrols\u00fczce \u00f6fkelenmek veya \u00f6fkeyi bast\u0131rmak suretiyle kendinize ve sevdiklerinize tarif edilemez ac\u0131lar ya\u015fatt\u0131ysan\u0131z, bu duyguyla yeni bir ili\u015fki kurman\u0131n zaman\u0131 gelmi\u015f demektir. Bu k\u0131ymetli eseri edinerek d\u00f6n\u00fc\u015f\u00fcm\u00fcn\u00fcz\u00fc ba\u015flatabilirsiniz.\u201d<\/p>\n","protected":false},"excerpt":{"rendered":"<p>\u00d6fke, insan do\u011fas\u0131n\u0131n ayr\u0131lmaz bir par\u00e7as\u0131 olarak her ferdin deneyimledi\u011fi bir duygudur. Bununla birlikte, bu duygunun kontrolden \u00e7\u0131kmas\u0131 veya sa\u011fl\u0131ks\u0131z bir bi\u00e7imde bast\u0131r\u0131lmas\u0131 durumunda, ki\u015fisel ve<span class=\"excerpt-hellip\"> [\u2026]<\/span><\/p>\n","protected":false},"featured_media":0,"template":"","meta":{"_monsterinsights_skip_tracking":false,"_monsterinsights_sitenote_active":false,"_monsterinsights_sitenote_note":"","_monsterinsights_sitenote_category":0},"product_brand":[],"product_cat":[12358,12357],"product_tag":[],"class_list":{"0":"post-783856","1":"product","2":"type-product","3":"status-publish","5":"product_cat-genel-psikoloji","6":"product_cat-psikoloji","7":"pa_cilt-ciltsiz","8":"pa_tur-kitap","9":"pa_yayinevi-doludizgin-yayinevi","10":"pa_yazar-robyn-d-walser","12":"first","13":"instock","14":"sale","15":"shipping-taxable","16":"purchasable","17":"product-type-simple"},"_links":{"self":[{"href":"https:\/\/roveyayinevi.com.tr\/index.php\/wp-json\/wp\/v2\/product\/783856","targetHints":{"allow":["GET"]}}],"collection":[{"href":"https:\/\/roveyayinevi.com.tr\/index.php\/wp-json\/wp\/v2\/product"}],"about":[{"href":"https:\/\/roveyayinevi.com.tr\/index.php\/wp-json\/wp\/v2\/types\/product"}],"wp:attachment":[{"href":"https:\/\/roveyayinevi.com.tr\/index.php\/wp-json\/wp\/v2\/media?parent=783856"}],"wp:term":[{"taxonomy":"product_brand","embeddable":true,"href":"https:\/\/roveyayinevi.com.tr\/index.php\/wp-json\/wp\/v2\/product_brand?post=783856"},{"taxonomy":"product_cat","embeddable":true,"href":"https:\/\/roveyayinevi.com.tr\/index.php\/wp-json\/wp\/v2\/product_cat?post=783856"},{"taxonomy":"product_tag","embeddable":true,"href":"https:\/\/roveyayinevi.com.tr\/index.php\/wp-json\/wp\/v2\/product_tag?post=783856"}],"curies":[{"name":"wp","href":"https:\/\/api.w.org\/{rel}","templated":true}]}}