{"id":783854,"date":"2026-02-26T23:43:34","date_gmt":"2026-02-26T20:43:34","guid":{"rendered":"https:\/\/roveyayinevi.com.tr\/index.php\/urun\/cocugum-es-cinsel-mies-cinsel-bireylere-anne-baba-olmak\/"},"modified":"2026-04-15T03:46:47","modified_gmt":"2026-04-15T00:46:47","slug":"cocugum-es-cinsel-mies-cinsel-bireylere-anne-baba-olmak","status":"publish","type":"product","link":"https:\/\/roveyayinevi.com.tr\/index.php\/urun\/cocugum-es-cinsel-mies-cinsel-bireylere-anne-baba-olmak\/","title":{"rendered":"\u00c7ocu\u011fum E\u015f Cinsel mi?;E\u015f Cinsel Bireylere Anne Baba Olmak"},"content":{"rendered":"<p>\u00c7ocu\u011fum E\u015f Cinsel mi, e\u015f cinsel bir ya\u015fam s\u00fcrd\u00fcrm\u00fc\u015f ve daha sonra heteroseks\u00fcel olmu\u015f cinsel y\u00f6nelim alan\u0131nda uzman Richard Cohen taraf\u0131ndan yaz\u0131ld\u0131! Cohen, bir psikoterapist olarak otuz y\u0131l\u0131 a\u015fk\u0131n s\u00fcredir e\u015f cinsel \u00e7ekime sahip sevdikleri olan y\u00fczlerce ebeveyne, aile \u00fcyesine ve arkada\u015flara yard\u0131m etti.Bu \u00e7arp\u0131c\u0131 \u00e7al\u0131\u015fma, aile ve toplum i\u00e7inde daha sevgi dolu ve yak\u0131n ili\u015fkileri geli\u015ftirmek \u00fczere on iki g\u00fc\u00e7l\u00fc ilke \u00f6neriyor. E\u015f cinsel \u00e7ekimi olan erkek ve k\u0131z \u00e7ocuklar\u0131n\u0131n heteroseks\u00fcel potansiyellerine yard\u0131mc\u0131 olan ebeveynlerin onar\u0131lm\u0131\u015f ili\u015fkilerine dair hik\u00e2yelerini ve \u015fahitliklerini dinleyeceksiniz bu kitapta.\u00c7ocu\u011fum E\u015f Cinsel mi?, istenmeyen e\u015f cinsel \u00e7ekim ya\u015fayan veya e\u015f cinsel bir ya\u015fam s\u00fcrd\u00fcren erkek ve kad\u0131nlar\u0131 nas\u0131l sevece\u011fini anlamak isteyen herkes i\u00e7in muhte\u015fem bir hediye<\/p>\n","protected":false},"excerpt":{"rendered":"<p>\u00c7ocu\u011fum E\u015f Cinsel mi, e\u015f cinsel bir ya\u015fam s\u00fcrd\u00fcrm\u00fc\u015f ve daha sonra heteroseks\u00fcel olmu\u015f cinsel y\u00f6nelim alan\u0131nda uzman Richard Cohen taraf\u0131ndan yaz\u0131ld\u0131! Cohen, bir psikoterapist olarak<span class=\"excerpt-hellip\"> [\u2026]<\/span><\/p>\n","protected":false},"featured_media":0,"template":"","meta":{"_monsterinsights_skip_tracking":false,"_monsterinsights_sitenote_active":false,"_monsterinsights_sitenote_note":"","_monsterinsights_sitenote_category":0},"product_brand":[],"product_cat":[17996,12364],"product_tag":[],"class_list":{"0":"post-783854","1":"product","2":"type-product","3":"status-publish","5":"product_cat-ebeveyn-kitaplari","6":"product_cat-genel-konular","7":"pa_cilt-ciltsiz","8":"pa_tur-kitap","9":"pa_yayinevi-doludizgin-yayinevi","10":"pa_yazar-richard-cohen","12":"first","13":"instock","14":"sale","15":"shipping-taxable","16":"purchasable","17":"product-type-simple"},"_links":{"self":[{"href":"https:\/\/roveyayinevi.com.tr\/index.php\/wp-json\/wp\/v2\/product\/783854","targetHints":{"allow":["GET"]}}],"collection":[{"href":"https:\/\/roveyayinevi.com.tr\/index.php\/wp-json\/wp\/v2\/product"}],"about":[{"href":"https:\/\/roveyayinevi.com.tr\/index.php\/wp-json\/wp\/v2\/types\/product"}],"wp:attachment":[{"href":"https:\/\/roveyayinevi.com.tr\/index.php\/wp-json\/wp\/v2\/media?parent=783854"}],"wp:term":[{"taxonomy":"product_brand","embeddable":true,"href":"https:\/\/roveyayinevi.com.tr\/index.php\/wp-json\/wp\/v2\/product_brand?post=783854"},{"taxonomy":"product_cat","embeddable":true,"href":"https:\/\/roveyayinevi.com.tr\/index.php\/wp-json\/wp\/v2\/product_cat?post=783854"},{"taxonomy":"product_tag","embeddable":true,"href":"https:\/\/roveyayinevi.com.tr\/index.php\/wp-json\/wp\/v2\/product_tag?post=783854"}],"curies":[{"name":"wp","href":"https:\/\/api.w.org\/{rel}","templated":true}]}}