{"id":783853,"date":"2026-02-26T23:43:31","date_gmt":"2026-02-26T20:43:31","guid":{"rendered":"https:\/\/roveyayinevi.com.tr\/index.php\/urun\/erkeklik-krizi-2\/"},"modified":"2026-04-15T03:46:47","modified_gmt":"2026-04-15T00:46:47","slug":"erkeklik-krizi-2","status":"publish","type":"product","link":"https:\/\/roveyayinevi.com.tr\/index.php\/urun\/erkeklik-krizi-2\/","title":{"rendered":"Erkeklik Krizi"},"content":{"rendered":"<p>E\u011fitimde geride kalan, ruh sa\u011fl\u0131\u011f\u0131 giderek bozulan, ya\u015fam amac\u0131 konusunda belirsizlik ya\u015fayan ve toplumsal beklentilerle m\u00fccadele eden erkekler\u2026 Peki, bu gidi\u015fat\u0131n ard\u0131nda ne var?Warren Farrell ve John Gray, titizlikle y\u00fcr\u00fctt\u00fckleri ara\u015ft\u0131rmalarla, erkeklerin kar\u015f\u0131 kar\u015f\u0131ya oldu\u011fu derin krizi g\u00f6zler \u00f6n\u00fcne seriyor. Baba eksikli\u011fi, anlam aray\u0131\u015f\u0131, e\u011fitimdeki dezavantajlar ve modern d\u00fcnyada de\u011fi\u015fen erkeklik rolleri gibi kritik meseleleri ele al\u0131rken, aileler, e\u011fitimciler ve toplum olarak bu krizi nas\u0131l \u00e7\u00f6zebilece\u011fimizi g\u00f6steriyorlar.Bu kitap, hem bilimsel verilerle desteklenmi\u015f analizler hem de uygulanabilir \u00e7\u00f6z\u00fcmler sunuyor. E\u011fer erkeklerin giderek artan yaln\u0131zl\u0131\u011f\u0131, motivasyon kayb\u0131 ve gelecek kayg\u0131s\u0131 sizi endi\u015felendiriyorsa, bu kitap sizin i\u00e7in yaz\u0131ld\u0131.Erkeklerin potansiyellerini ke\u015ffetmeleri ve daha sa\u011fl\u0131kl\u0131, dengeli fertler olmalar\u0131 i\u00e7in \u015fimdi harekete ge\u00e7me zaman\u0131!<\/p>\n","protected":false},"excerpt":{"rendered":"<p>E\u011fitimde geride kalan, ruh sa\u011fl\u0131\u011f\u0131 giderek bozulan, ya\u015fam amac\u0131 konusunda belirsizlik ya\u015fayan ve toplumsal beklentilerle m\u00fccadele eden erkekler\u2026 Peki, bu gidi\u015fat\u0131n ard\u0131nda ne var?Warren Farrell ve<span class=\"excerpt-hellip\"> [\u2026]<\/span><\/p>\n","protected":false},"featured_media":0,"template":"","meta":{"_monsterinsights_skip_tracking":false,"_monsterinsights_sitenote_active":false,"_monsterinsights_sitenote_note":"","_monsterinsights_sitenote_category":0},"product_brand":[],"product_cat":[26396,13488],"product_tag":[],"class_list":{"0":"post-783853","1":"product","2":"type-product","3":"status-publish","5":"product_cat-kadin-erkek-iliskileri","6":"product_cat-toplum-ve-insan","7":"pa_cilt-ciltsiz","8":"pa_tur-kitap","9":"pa_yayinevi-doludizgin-yayinevi","10":"pa_yazar-warren-farrell","12":"first","13":"instock","14":"sale","15":"shipping-taxable","16":"purchasable","17":"product-type-simple"},"_links":{"self":[{"href":"https:\/\/roveyayinevi.com.tr\/index.php\/wp-json\/wp\/v2\/product\/783853","targetHints":{"allow":["GET"]}}],"collection":[{"href":"https:\/\/roveyayinevi.com.tr\/index.php\/wp-json\/wp\/v2\/product"}],"about":[{"href":"https:\/\/roveyayinevi.com.tr\/index.php\/wp-json\/wp\/v2\/types\/product"}],"wp:attachment":[{"href":"https:\/\/roveyayinevi.com.tr\/index.php\/wp-json\/wp\/v2\/media?parent=783853"}],"wp:term":[{"taxonomy":"product_brand","embeddable":true,"href":"https:\/\/roveyayinevi.com.tr\/index.php\/wp-json\/wp\/v2\/product_brand?post=783853"},{"taxonomy":"product_cat","embeddable":true,"href":"https:\/\/roveyayinevi.com.tr\/index.php\/wp-json\/wp\/v2\/product_cat?post=783853"},{"taxonomy":"product_tag","embeddable":true,"href":"https:\/\/roveyayinevi.com.tr\/index.php\/wp-json\/wp\/v2\/product_tag?post=783853"}],"curies":[{"name":"wp","href":"https:\/\/api.w.org\/{rel}","templated":true}]}}