{"id":783852,"date":"2026-02-26T23:43:29","date_gmt":"2026-02-26T20:43:29","guid":{"rendered":"https:\/\/roveyayinevi.com.tr\/index.php\/urun\/porno-yalani\/"},"modified":"2026-04-15T03:46:47","modified_gmt":"2026-04-15T00:46:47","slug":"porno-yalani","status":"publish","type":"product","link":"https:\/\/roveyayinevi.com.tr\/index.php\/urun\/porno-yalani\/","title":{"rendered":"Porno Yalan\u0131"},"content":{"rendered":"<p>&#8220;Porno zarars\u0131zd\u0131r.&#8221;&#8221;Yeti\u015fkinlerin kendi tercihi.&#8221;&#8221;Ger\u00e7ek a\u015fk, ger\u00e7ek sevgi eskide kald\u0131.&#8221;Ger\u00e7ekten \u00f6yle mi?Matt Fradd, bu kitapta cesur bir \u00e7\u0131k\u0131\u015f yaparak pornografinin arkas\u0131ndaki b\u00fcy\u00fck yalanlar\u0131 tek tek g\u00fcn y\u00fcz\u00fcne \u00e7\u0131kar\u0131yor. Akademik ara\u015ft\u0131rmalarla desteklenen ve bir arkada\u015f sohbeti kadar samimi bir dille yaz\u0131lm\u0131\u015f Porno Yalan\u0131, hem ferd\u00ce hem toplumsal d\u00fczeyde pornografinin etkilerini sorgulayan bir uyan\u0131\u015f \u00e7a\u011fr\u0131s\u0131.Porno end\u00fcstrisinin \u201csadece e\u011flence\u201d olmad\u0131\u011f\u0131n\u0131, milyonlarca insan\u0131n ili\u015fkilerine, cinselli\u011fine ve zihinsel sa\u011fl\u0131\u011f\u0131na nas\u0131l s\u0131zd\u0131\u011f\u0131n\u0131 ve zarar verdi\u011fini konu edinen kitap; okuru su\u00e7lamak yerine, birlikte d\u00fc\u015f\u00fcnmeye ve daha iyi bir cinsellik anlay\u0131\u015f\u0131 in\u015fa etmeye davet ediyor.\u0130ster ebeveyn olun, ister gen\u00e7, ister \u201cbenimle hi\u00e7 alakas\u0131 yok\u201d diyen biri&#8230; Porno Yalan\u0131, herkesin bilmesi gereken ac\u0131 bir ger\u00e7e\u011fi anlat\u0131yor. Bu kitap, yaln\u0131zca pornoya de\u011fil, pornonun yerine konabilecek daha insani, daha sa\u011fl\u0131kl\u0131 bir yak\u0131nl\u0131k bi\u00e7imine de \u0131\u015f\u0131k tutuyor.<\/p>\n","protected":false},"excerpt":{"rendered":"<p>&#8220;Porno zarars\u0131zd\u0131r.&#8221;&#8221;Yeti\u015fkinlerin kendi tercihi.&#8221;&#8221;Ger\u00e7ek a\u015fk, ger\u00e7ek sevgi eskide kald\u0131.&#8221;Ger\u00e7ekten \u00f6yle mi?Matt Fradd, bu kitapta cesur bir \u00e7\u0131k\u0131\u015f yaparak pornografinin arkas\u0131ndaki b\u00fcy\u00fck yalanlar\u0131 tek tek g\u00fcn y\u00fcz\u00fcne<span class=\"excerpt-hellip\"> [\u2026]<\/span><\/p>\n","protected":false},"featured_media":0,"template":"","meta":{"_monsterinsights_skip_tracking":false,"_monsterinsights_sitenote_active":false,"_monsterinsights_sitenote_note":"","_monsterinsights_sitenote_category":0},"product_brand":[],"product_cat":[12358,12357],"product_tag":[],"class_list":{"0":"post-783852","1":"product","2":"type-product","3":"status-publish","5":"product_cat-genel-psikoloji","6":"product_cat-psikoloji","7":"pa_cilt-ciltsiz","8":"pa_tur-kitap","9":"pa_yayinevi-doludizgin-yayinevi","10":"pa_yazar-matt-fradd","12":"first","13":"instock","14":"sale","15":"shipping-taxable","16":"purchasable","17":"product-type-simple"},"_links":{"self":[{"href":"https:\/\/roveyayinevi.com.tr\/index.php\/wp-json\/wp\/v2\/product\/783852","targetHints":{"allow":["GET"]}}],"collection":[{"href":"https:\/\/roveyayinevi.com.tr\/index.php\/wp-json\/wp\/v2\/product"}],"about":[{"href":"https:\/\/roveyayinevi.com.tr\/index.php\/wp-json\/wp\/v2\/types\/product"}],"wp:attachment":[{"href":"https:\/\/roveyayinevi.com.tr\/index.php\/wp-json\/wp\/v2\/media?parent=783852"}],"wp:term":[{"taxonomy":"product_brand","embeddable":true,"href":"https:\/\/roveyayinevi.com.tr\/index.php\/wp-json\/wp\/v2\/product_brand?post=783852"},{"taxonomy":"product_cat","embeddable":true,"href":"https:\/\/roveyayinevi.com.tr\/index.php\/wp-json\/wp\/v2\/product_cat?post=783852"},{"taxonomy":"product_tag","embeddable":true,"href":"https:\/\/roveyayinevi.com.tr\/index.php\/wp-json\/wp\/v2\/product_tag?post=783852"}],"curies":[{"name":"wp","href":"https:\/\/api.w.org\/{rel}","templated":true}]}}