{"id":783850,"date":"2026-02-26T23:43:22","date_gmt":"2026-02-26T20:43:22","guid":{"rendered":"https:\/\/roveyayinevi.com.tr\/index.php\/urun\/maria\/"},"modified":"2026-04-15T03:46:47","modified_gmt":"2026-04-15T00:46:47","slug":"maria","status":"publish","type":"product","link":"https:\/\/roveyayinevi.com.tr\/index.php\/urun\/maria\/","title":{"rendered":"Maria"},"content":{"rendered":"<p>1930 larda, Almanya\u2019dan Mustafa Kamal\u2019\u0131 elde etmek i\u00e7in haz\u0131rlanan Maria, plan\u0131 de\u011fi\u015ftirir, umulmad\u0131k de\u011fi\u015fim ge\u00e7irir,  Mehmet\u2019i Hiristiyan yapmak i\u00e7in \u00e7\u00f6z\u00fcmler arar, neler neler olur. MAR\u0130A roman\u0131 okunmadan,  Maria anlat\u0131lamaz\u2026 E.\u015e<\/p>\n","protected":false},"excerpt":{"rendered":"<p>1930 larda, Almanya\u2019dan Mustafa Kamal\u2019\u0131 elde etmek i\u00e7in haz\u0131rlanan Maria, plan\u0131 de\u011fi\u015ftirir, umulmad\u0131k de\u011fi\u015fim ge\u00e7irir, Mehmet\u2019i Hiristiyan yapmak i\u00e7in \u00e7\u00f6z\u00fcmler arar, neler neler olur. MAR\u0130A roman\u0131<span class=\"excerpt-hellip\"> [\u2026]<\/span><\/p>\n","protected":false},"featured_media":0,"template":"","meta":{"_monsterinsights_skip_tracking":false,"_monsterinsights_sitenote_active":false,"_monsterinsights_sitenote_note":"","_monsterinsights_sitenote_category":0},"product_brand":[],"product_cat":[12291,12711],"product_tag":[],"class_list":{"0":"post-783850","1":"product","2":"type-product","3":"status-publish","5":"product_cat-edebiyat","6":"product_cat-roman-oyku","7":"pa_cilt-ciltsiz","8":"pa_tur-kitap","9":"pa_yayinevi-mektup-yayinlari","10":"pa_yazar-emine-senlikoglu","12":"first","13":"instock","14":"sale","15":"shipping-taxable","16":"purchasable","17":"product-type-simple"},"_links":{"self":[{"href":"https:\/\/roveyayinevi.com.tr\/index.php\/wp-json\/wp\/v2\/product\/783850","targetHints":{"allow":["GET"]}}],"collection":[{"href":"https:\/\/roveyayinevi.com.tr\/index.php\/wp-json\/wp\/v2\/product"}],"about":[{"href":"https:\/\/roveyayinevi.com.tr\/index.php\/wp-json\/wp\/v2\/types\/product"}],"wp:attachment":[{"href":"https:\/\/roveyayinevi.com.tr\/index.php\/wp-json\/wp\/v2\/media?parent=783850"}],"wp:term":[{"taxonomy":"product_brand","embeddable":true,"href":"https:\/\/roveyayinevi.com.tr\/index.php\/wp-json\/wp\/v2\/product_brand?post=783850"},{"taxonomy":"product_cat","embeddable":true,"href":"https:\/\/roveyayinevi.com.tr\/index.php\/wp-json\/wp\/v2\/product_cat?post=783850"},{"taxonomy":"product_tag","embeddable":true,"href":"https:\/\/roveyayinevi.com.tr\/index.php\/wp-json\/wp\/v2\/product_tag?post=783850"}],"curies":[{"name":"wp","href":"https:\/\/api.w.org\/{rel}","templated":true}]}}